{"id":170644,"date":"2025-11-04T00:00:00","date_gmt":"2025-11-04T05:00:00","guid":{"rendered":"https:\/\/gpl-love.com\/es\/producto\/synck-it-solutions-wordpress-theme\/"},"modified":"2026-04-17T23:18:05","modified_gmt":"2026-04-18T04:18:05","slug":"synck-it-solutions-wordpress-theme","status":"publish","type":"product","link":"https:\/\/gpl-love.com\/es\/producto\/synck-it-solutions-wordpress-theme\/","title":{"rendered":"Synck IT Solutions WordPress Theme 3.2.1"},"content":{"rendered":"<h3>Synck IT Solutions WordPress Theme Caracteristicas<\/h3>\n<p>Descubre el tema Synck IT Solutions para WordPress, una opci\u00f3n vers\u00e1til y adaptable, perfecta para desarrolladores, empresas de TI, startups tecnol\u00f3gicas y consultoras. Este tema destaca como la mejor opci\u00f3n para negocios que buscan potenciar su presencia online. Con su dise\u00f1o intuitivo y servicios de personalizaci\u00f3n f\u00e1ciles de usar, crear un sitio web profesional nunca ha sido tan sencillo.<\/p>\n<p>Explora las numerosas funciones y ventajas que hacen de este tema la opci\u00f3n ideal para el comercio electr\u00f3nico y mucho m\u00e1s. Tanto si empiezas desde cero como si renuevas un sitio web existente, el asequible tema Synck IT Solutions para WordPress ofrece una excelente relaci\u00f3n calidad-precio. La instalaci\u00f3n es sencilla, con una gu\u00eda completa que garantiza una configuraci\u00f3n sin problemas. Si tienes alguna pregunta, nuestro soporte t\u00e9cnico est\u00e1 siempre disponible para ayudarte.<\/p>\n<p>Comprar y descargar el tema Synck IT Solutions para WordPress online es muy f\u00e1cil. Su flexibilidad permite una personalizaci\u00f3n perfecta, asegurando que el aspecto de cada sitio web se alinee a la perfecci\u00f3n con la identidad de marca. Las rese\u00f1as destacan constantemente la eficacia del tema para ofrecer una plataforma digital pulida y profesional.<\/p>\n<p>Impulsa cualquier negocio con Synck IT Solutions para WordPress.<\/p>\n<ul>\n<li>Dise\u00f1o totalmente adaptable para una visualizaci\u00f3n perfecta en todos los dispositivos.<\/li>\n<li>Creador de p\u00e1ginas intuitivo con funci\u00f3n de arrastrar y soltar para una personalizaci\u00f3n r\u00e1pida.<\/li>\n<li>Contenido de demostraci\u00f3n predise\u00f1ado para empezar a crear tu sitio web.<\/li>\n<li>Estructura optimizada para SEO que mejora el posicionamiento en buscadores.<\/li>\n<li>Compatibilidad con WooCommerce para crear tiendas online.<\/li>\n<li>Amplias opciones de temas para un dise\u00f1o web personalizado.<\/li>\n<li>Soporte multiling\u00fce para un alcance global.<\/li>\n<li>Actualizaciones peri\u00f3dicas para garantizar la seguridad y la funcionalidad.<\/li>\n<li>Documentaci\u00f3n completa y soporte t\u00e9cnico especializado.<\/li>\n<li>Carga r\u00e1pida para una mejor experiencia de usuario.<\/li>\n<\/ul>\n","protected":false},"excerpt":{"rendered":"<p>Descubre el tema de WordPress Synck IT Solutions, una soluci\u00f3n vers\u00e1til y adaptable dise\u00f1ada para desarrolladores, empresas y compa\u00f1\u00edas de TI. Ideal para startups tecnol\u00f3gicas y consultoras, este tema ofrece amplias opciones de personalizaci\u00f3n y una gu\u00eda de instalaci\u00f3n detallada para una configuraci\u00f3n sin complicaciones. Asequible y disponible para su compra online, cuenta con impresionantes caracter\u00edsticas y ventajas, perfectas para plataformas de comercio electr\u00f3nico. Las rese\u00f1as positivas destacan su dise\u00f1o intuitivo y su s\u00f3lido sistema de soporte. Desc\u00e1rgalo hoy mismo para potenciar tu presencia digital con el tema de WordPress Synck IT Solutions, un tema de primera categor\u00eda creado por expertos para satisfacer las necesidades espec\u00edficas de los avances en IA y el din\u00e1mico entorno empresarial actual.<\/p>\n","protected":false},"featured_media":0,"comment_status":"open","ping_status":"open","template":"","meta":[],"product_brand":[2337],"product_cat":[1307,1237,1238],"product_tag":[1391],"class_list":{"0":"post-170644","1":"product","2":"type-product","3":"status-publish","5":"product_brand-themeforest","6":"product_cat-negocio-wordpress-temas","7":"product_cat-temas","8":"product_cat-wordpress-temas","9":"product_tag-themeforest","10":"member-discount","11":"discount-restricted","13":"first","14":"instock","15":"sale","16":"downloadable","17":"virtual","18":"sold-individually","19":"purchasable","20":"product-type-simple"},"_links":{"self":[{"href":"https:\/\/gpl-love.com\/es\/wp-json\/wp\/v2\/product\/170644","targetHints":{"allow":["GET"]}}],"collection":[{"href":"https:\/\/gpl-love.com\/es\/wp-json\/wp\/v2\/product"}],"about":[{"href":"https:\/\/gpl-love.com\/es\/wp-json\/wp\/v2\/types\/product"}],"replies":[{"embeddable":true,"href":"https:\/\/gpl-love.com\/es\/wp-json\/wp\/v2\/comments?post=170644"}],"wp:attachment":[{"href":"https:\/\/gpl-love.com\/es\/wp-json\/wp\/v2\/media?parent=170644"}],"wp:term":[{"taxonomy":"product_brand","embeddable":true,"href":"https:\/\/gpl-love.com\/es\/wp-json\/wp\/v2\/product_brand?post=170644"},{"taxonomy":"product_cat","embeddable":true,"href":"https:\/\/gpl-love.com\/es\/wp-json\/wp\/v2\/product_cat?post=170644"},{"taxonomy":"product_tag","embeddable":true,"href":"https:\/\/gpl-love.com\/es\/wp-json\/wp\/v2\/product_tag?post=170644"}],"curies":[{"name":"wp","href":"https:\/\/api.w.org\/{rel}","templated":true}]}}