{"id":170643,"date":"2025-11-04T00:00:00","date_gmt":"2025-11-04T05:00:00","guid":{"rendered":"https:\/\/gpl-love.com\/es\/producto\/uniiq-photography-portfolio-wordpress-theme\/"},"modified":"2026-04-18T17:17:46","modified_gmt":"2026-04-18T22:17:46","slug":"uniiq-photography-portfolio-wordpress-theme","status":"publish","type":"product","link":"https:\/\/gpl-love.com\/es\/producto\/uniiq-photography-portfolio-wordpress-theme\/","title":{"rendered":"Uniiq Photography Portfolio WordPress Theme 2.0.1"},"content":{"rendered":"<h3>Uniiq Photography Portfolio WordPress Theme Caracteristicas<\/h3>\n<p>Descubre el tema Uniiq Photography Portfolio para WordPress, una de las mejores opciones para fot\u00f3grafos y creativos. Este tema ofrece una combinaci\u00f3n perfecta de estilo y funcionalidad, ideal para mostrar portafolios fotogr\u00e1ficos impresionantes. Su dise\u00f1o intuitivo y f\u00e1cil de navegar te permite destacar cada obra maestra con facilidad.<\/p>\n<p>\u00bfQuieres saber c\u00f3mo usar el tema Uniiq Photography Portfolio para WordPress? El completo tutorial y la gu\u00eda de instalaci\u00f3n facilitan la configuraci\u00f3n. Con sus amplias opciones de personalizaci\u00f3n, es f\u00e1cil adaptar su apariencia a cualquier estilo. Si buscas una vista previa, la demo de Uniiq Photography Portfolio para WordPress destaca sus capacidades din\u00e1micas, permiti\u00e9ndote vislumbrar su potencial.<\/p>\n<p>La optimizaci\u00f3n SEO es una caracter\u00edstica destacada que garantiza que tu portafolio obtenga la visibilidad que merece. El soporte est\u00e1 disponible para ayudarte siempre que lo necesites. \u00bfTe interesa el precio del tema Uniiq Photography Portfolio para WordPress? Ofrece una excelente relaci\u00f3n calidad-precio. Para fot\u00f3grafos que buscan&#8230;<\/p>\n<ul>\n<li>Dise\u00f1o totalmente adaptable para una visualizaci\u00f3n perfecta en todos los dispositivos.<\/li>\n<li>Opciones de personalizaci\u00f3n f\u00e1ciles de usar para un estilo a tu medida.<\/li>\n<li>Dise\u00f1os de portafolio integrados para mostrar tus fotograf\u00edas de forma atractiva.<\/li>\n<li>Estructura optimizada para SEO para mejorar la visibilidad en los resultados de b\u00fasqueda.<\/li>\n<li>Tiempos de carga r\u00e1pidos para una mejor experiencia de usuario.<\/li>\n<li>Integraci\u00f3n con plugins populares para una funcionalidad ampliada.<\/li>\n<li>Gr\u00e1ficos compatibles con pantallas Retina para una visualizaci\u00f3n de im\u00e1genes de alta calidad.<\/li>\n<li>Importaci\u00f3n de demostraci\u00f3n con un solo clic para una configuraci\u00f3n y lanzamiento r\u00e1pidos.<\/li>\n<li>Listo para la traducci\u00f3n a varios idiomas.<\/li>\n<li>Actualizaciones peri\u00f3dicas para una mayor seguridad y rendimiento.<\/li>\n<\/ul>\n","protected":false},"excerpt":{"rendered":"<p>Descubre el tema Uniiq Photography Portfolio para WordPress, una opci\u00f3n ideal para fot\u00f3grafos y creativos que buscan una plataforma visualmente impactante y optimizada para SEO. Reconocido como uno de los mejores temas de WordPress para fot\u00f3grafos, ofrece funciones y opciones de personalizaci\u00f3n impresionantes. Explora la demo de Uniiq Photography Portfolio para WordPress para verlo en acci\u00f3n y aprende a usarlo con un tutorial completo. La gu\u00eda de instalaci\u00f3n garantiza una configuraci\u00f3n sencilla, y el soporte t\u00e9cnico especializado de Uniiq Photography Portfolio te ayudar\u00e1 con cualquier duda. Su precio competitivo lo hace accesible para todos, ofreciendo una combinaci\u00f3n \u00fanica de funcionalidad y est\u00e9tica para portafolios fotogr\u00e1ficos.<\/p>\n","protected":false},"featured_media":0,"comment_status":"open","ping_status":"open","template":"","meta":[],"product_brand":[2337],"product_cat":[1267,1237,1238],"product_tag":[1391],"class_list":{"0":"post-170643","1":"product","2":"type-product","3":"status-publish","5":"product_brand-themeforest","6":"product_cat-creativo","7":"product_cat-temas","8":"product_cat-wordpress-temas","9":"product_tag-themeforest","10":"member-discount","11":"discount-restricted","13":"first","14":"instock","15":"sale","16":"downloadable","17":"virtual","18":"sold-individually","19":"purchasable","20":"product-type-simple"},"_links":{"self":[{"href":"https:\/\/gpl-love.com\/es\/wp-json\/wp\/v2\/product\/170643","targetHints":{"allow":["GET"]}}],"collection":[{"href":"https:\/\/gpl-love.com\/es\/wp-json\/wp\/v2\/product"}],"about":[{"href":"https:\/\/gpl-love.com\/es\/wp-json\/wp\/v2\/types\/product"}],"replies":[{"embeddable":true,"href":"https:\/\/gpl-love.com\/es\/wp-json\/wp\/v2\/comments?post=170643"}],"wp:attachment":[{"href":"https:\/\/gpl-love.com\/es\/wp-json\/wp\/v2\/media?parent=170643"}],"wp:term":[{"taxonomy":"product_brand","embeddable":true,"href":"https:\/\/gpl-love.com\/es\/wp-json\/wp\/v2\/product_brand?post=170643"},{"taxonomy":"product_cat","embeddable":true,"href":"https:\/\/gpl-love.com\/es\/wp-json\/wp\/v2\/product_cat?post=170643"},{"taxonomy":"product_tag","embeddable":true,"href":"https:\/\/gpl-love.com\/es\/wp-json\/wp\/v2\/product_tag?post=170643"}],"curies":[{"name":"wp","href":"https:\/\/api.w.org\/{rel}","templated":true}]}}