{"id":170641,"date":"2025-11-04T00:00:00","date_gmt":"2025-11-04T05:00:00","guid":{"rendered":"https:\/\/gpl-love.com\/es\/producto\/drake-portfolio-wordpress-theme\/"},"modified":"2026-04-17T23:18:00","modified_gmt":"2026-04-18T04:18:00","slug":"drake-portfolio-wordpress-theme","status":"publish","type":"product","link":"https:\/\/gpl-love.com\/es\/producto\/drake-portfolio-wordpress-theme\/","title":{"rendered":"Drake Portfolio WordPress Theme 4.5.0"},"content":{"rendered":"<h3>Drake Portfolio WordPress Theme Caracteristicas<\/h3>\n<p>Descubre la soluci\u00f3n perfecta para mostrar tu creatividad con el tema Drake Portfolio para WordPress. Ideal para creativos, fot\u00f3grafos, dise\u00f1adores, aut\u00f3nomos, artistas y agencias, este tema ofrece una plataforma impresionante para exhibir tu trabajo de forma visualmente atractiva. Con un dise\u00f1o adaptable, Drake Portfolio garantiza que cada portafolio luzca espectacular en cualquier dispositivo.<\/p>\n<p>Personalizar tu portafolio es muy sencillo con Drake Portfolio. Si necesitas ayuda, dispones de un tutorial completo que te ayudar\u00e1 a personalizar cada detalle seg\u00fan tus necesidades. Disfruta de las mejores funciones, incluyendo una integraci\u00f3n perfecta con comercio electr\u00f3nico, ideal para convertir portafolios en tiendas online. La optimizaci\u00f3n SEO mejora la visibilidad, asegurando que tu trabajo llegue a un p\u00fablico m\u00e1s amplio.<\/p>\n<p>Las rese\u00f1as de los clientes destacan la facilidad de uso y la eficacia de este tema. Descargar y comprar Drake Portfolio es muy f\u00e1cil y te abre las puertas a un mundo de posibilidades creativas. Elige un tema que no solo muestra tu talento, sino que tambi\u00e9n impulsa tu presencia online. Ya seas fot\u00f3grafo, dise\u00f1ador o agencia, Drake Portfolio es la soluci\u00f3n definitiva.<\/p>\n<ul>\n<li>Dise\u00f1o totalmente adaptable que garantiza una experiencia de visualizaci\u00f3n \u00f3ptima en todos los dispositivos.<\/li>\n<li><\/li>\n<li>Opciones de personalizaci\u00f3n f\u00e1ciles de usar para un estilo web a medida.<\/li>\n<li><\/li>\n<li>Compatible con una amplia gama de dise\u00f1os de portafolio para mostrar tu trabajo de forma creativa.<\/li>\n<li><\/li>\n<li>Optimizaci\u00f3n SEO integrada para una mejor visibilidad en los motores de b\u00fasqueda.<\/li>\n<li><\/li>\n<li>Compatible con plugins populares para ampliar la funcionalidad.<\/li>\n<li>Carga r\u00e1pida para una experiencia de usuario m\u00e1s fluida.<\/li>\n<li>Gr\u00e1ficos compatibles con pantallas Retina para im\u00e1genes n\u00edtidas y claras.<\/li>\n<li><\/li>\n<li>Incluye contenido de demostraci\u00f3n para una configuraci\u00f3n r\u00e1pida y sencilla.<\/li>\n<li><\/li>\n<li>Actualizaciones peri\u00f3dicas y soporte t\u00e9cnico especializado para una fiabilidad continua.<\/li>\n<li>Preparado para la traducci\u00f3n, para crear sitios web multiling\u00fces.<\/li>\n<\/ul>\n","protected":false},"excerpt":{"rendered":"<p>Descubre el tema Drake Portfolio para WordPress, la soluci\u00f3n definitiva para creativos que buscan una plataforma din\u00e1mica y personalizable. Perfecto para fot\u00f3grafos, dise\u00f1adores, aut\u00f3nomos y artistas, este tema ofrece un dise\u00f1o adaptable que garantiza que tu trabajo luzca espectacular en cualquier dispositivo. Destaca las mejores caracter\u00edsticas del tema Drake Portfolio para WordPress, incluyendo una integraci\u00f3n perfecta con comercio electr\u00f3nico y una s\u00f3lida optimizaci\u00f3n SEO, para atraer m\u00e1s clientes y hacer crecer tu negocio. Aprende a personalizar el tema Drake Portfolio para WordPress con tutoriales completos y consulta las excelentes rese\u00f1as de clientes. Tanto si eres una agencia como un artista independiente, compra el tema Drake Portfolio para WordPress y potencia tu presencia online sin esfuerzo. Desc\u00e1rgalo ahora y muestra tu creatividad.<\/p>\n","protected":false},"featured_media":0,"comment_status":"open","ping_status":"open","template":"","meta":[],"product_brand":[2337],"product_cat":[1267,1237,1238],"product_tag":[1391],"class_list":{"0":"post-170641","1":"product","2":"type-product","3":"status-publish","5":"product_brand-themeforest","6":"product_cat-creativo","7":"product_cat-temas","8":"product_cat-wordpress-temas","9":"product_tag-themeforest","10":"member-discount","11":"discount-restricted","13":"first","14":"instock","15":"sale","16":"downloadable","17":"virtual","18":"sold-individually","19":"purchasable","20":"product-type-simple"},"_links":{"self":[{"href":"https:\/\/gpl-love.com\/es\/wp-json\/wp\/v2\/product\/170641","targetHints":{"allow":["GET"]}}],"collection":[{"href":"https:\/\/gpl-love.com\/es\/wp-json\/wp\/v2\/product"}],"about":[{"href":"https:\/\/gpl-love.com\/es\/wp-json\/wp\/v2\/types\/product"}],"replies":[{"embeddable":true,"href":"https:\/\/gpl-love.com\/es\/wp-json\/wp\/v2\/comments?post=170641"}],"wp:attachment":[{"href":"https:\/\/gpl-love.com\/es\/wp-json\/wp\/v2\/media?parent=170641"}],"wp:term":[{"taxonomy":"product_brand","embeddable":true,"href":"https:\/\/gpl-love.com\/es\/wp-json\/wp\/v2\/product_brand?post=170641"},{"taxonomy":"product_cat","embeddable":true,"href":"https:\/\/gpl-love.com\/es\/wp-json\/wp\/v2\/product_cat?post=170641"},{"taxonomy":"product_tag","embeddable":true,"href":"https:\/\/gpl-love.com\/es\/wp-json\/wp\/v2\/product_tag?post=170641"}],"curies":[{"name":"wp","href":"https:\/\/api.w.org\/{rel}","templated":true}]}}