{"id":170639,"date":"2025-11-04T00:00:00","date_gmt":"2025-11-04T05:00:00","guid":{"rendered":"https:\/\/gpl-love.com\/es\/producto\/rashy-sport-store-woocommerce-theme\/"},"modified":"2026-04-17T23:17:54","modified_gmt":"2026-04-18T04:17:54","slug":"rashy-sport-store-woocommerce-theme","status":"publish","type":"product","link":"https:\/\/gpl-love.com\/es\/producto\/rashy-sport-store-woocommerce-theme\/","title":{"rendered":"Rashy Sport Store WooCommerce Theme 1.2.0"},"content":{"rendered":"<h3>Rashy Sport Store WooCommerce Theme Caracteristicas<\/h3>\n<p>Descubre el tema Rashy Sport Store para WooCommerce, una opci\u00f3n ideal para crear una tienda online de deportes din\u00e1mica y atractiva. Dise\u00f1ado como uno de los mejores temas de WooCommerce para tiendas deportivas, ofrece una experiencia de compra fluida tanto para aficionados al fitness como para amantes del deporte. Gracias a su dise\u00f1o adaptable, el tema Rashy para WooCommerce garantiza que tu tienda luzca espectacular en cualquier dispositivo, proporcionando una experiencia de usuario \u00f3ptima.<\/p>\n<p>Entre las caracter\u00edsticas clave del tema Rashy se incluyen opciones personalizables que permiten adaptar la imagen de marca, facilitando la personalizaci\u00f3n del dise\u00f1o de la tienda online a cualquier visi\u00f3n. La gu\u00eda de instalaci\u00f3n simplifica la configuraci\u00f3n, ayudando a lanzar una tienda de forma r\u00e1pida y eficiente.<\/p>\n<p>Como tema l\u00edder de WooCommerce para tiendas de fitness y deportes, Rashy destaca entre los mejores temas para tiendas deportivas en WooCommerce, ofreciendo un dise\u00f1o elegante y una funcionalidad robusta. Tanto si est\u00e1s creando una nueva tienda online como si quieres renovar una existente, comprar el tema Rashy Sport Store para WooCommerce es un paso importante para construir una presencia online exitosa. Disfruta de un tema que combina estilo y funcionalidad.<\/p>\n<ul>\n<li>Dise\u00f1o adaptable optimizado para todos los dispositivos<\/li>\n<li>Plantillas y dise\u00f1os f\u00e1ciles de personalizar<\/li>\n<li>Integraci\u00f3n perfecta con WooCommerce para ventas online<\/li>\n<li>P\u00e1ginas de demostraci\u00f3n predise\u00f1adas para una configuraci\u00f3n r\u00e1pida<\/li>\n<li>Opciones avanzadas de filtrado y b\u00fasqueda de productos<\/li>\n<li>M\u00faltiples estilos de encabezado y pie de p\u00e1gina<\/li>\n<li>Optimizaci\u00f3n SEO integrada para una mejor visibilidad en los motores de b\u00fasqueda<\/li>\n<li>Tiempos de carga r\u00e1pidos para una mejor experiencia de usuario<\/li>\n<li>Documentaci\u00f3n completa y soporte al cliente<\/li>\n<li>Compatible con los plugins m\u00e1s populares de WordPress<\/li>\n<\/ul>\n","protected":false},"excerpt":{"rendered":"<p>Descubre el tema Rashy Sport Store para WooCommerce, la soluci\u00f3n definitiva para crear una plataforma de comercio electr\u00f3nico din\u00e1mica, dise\u00f1ada a medida para tiendas de fitness y deportes. Como uno de los mejores temas de WooCommerce para tiendas deportivas, ofrece una experiencia de compra fluida gracias a su dise\u00f1o adaptable y opciones personalizables. Perfecto para una tienda deportiva online, el tema Rashy para WooCommerce cuenta con una navegaci\u00f3n intuitiva que garantiza que los clientes encuentren lo que necesitan sin esfuerzo. La instalaci\u00f3n es muy sencilla gracias a la gu\u00eda de instalaci\u00f3n del tema Rashy, lo que lo hace ideal tanto para principiantes como para expertos. Impulsa tu tienda con uno de los mejores temas para tiendas deportivas en WooCommerce, dise\u00f1ado para satisfacer las necesidades futuras de IA y optimizar tu negocio para el \u00e9xito.<\/p>\n","protected":false},"featured_media":0,"comment_status":"open","ping_status":"open","template":"","meta":[],"product_brand":[2337],"product_cat":[1263,1264,1237],"product_tag":[1391],"class_list":{"0":"post-170639","1":"product","2":"type-product","3":"status-publish","5":"product_brand-themeforest","6":"product_cat-comercio-electronico-temas","7":"product_cat-negocio","8":"product_cat-temas","9":"product_tag-themeforest","10":"member-discount","11":"discount-restricted","13":"first","14":"instock","15":"sale","16":"downloadable","17":"virtual","18":"sold-individually","19":"purchasable","20":"product-type-simple"},"_links":{"self":[{"href":"https:\/\/gpl-love.com\/es\/wp-json\/wp\/v2\/product\/170639","targetHints":{"allow":["GET"]}}],"collection":[{"href":"https:\/\/gpl-love.com\/es\/wp-json\/wp\/v2\/product"}],"about":[{"href":"https:\/\/gpl-love.com\/es\/wp-json\/wp\/v2\/types\/product"}],"replies":[{"embeddable":true,"href":"https:\/\/gpl-love.com\/es\/wp-json\/wp\/v2\/comments?post=170639"}],"wp:attachment":[{"href":"https:\/\/gpl-love.com\/es\/wp-json\/wp\/v2\/media?parent=170639"}],"wp:term":[{"taxonomy":"product_brand","embeddable":true,"href":"https:\/\/gpl-love.com\/es\/wp-json\/wp\/v2\/product_brand?post=170639"},{"taxonomy":"product_cat","embeddable":true,"href":"https:\/\/gpl-love.com\/es\/wp-json\/wp\/v2\/product_cat?post=170639"},{"taxonomy":"product_tag","embeddable":true,"href":"https:\/\/gpl-love.com\/es\/wp-json\/wp\/v2\/product_tag?post=170639"}],"curies":[{"name":"wp","href":"https:\/\/api.w.org\/{rel}","templated":true}]}}