{"id":170636,"date":"2026-02-14T00:00:00","date_gmt":"2026-02-14T05:00:00","guid":{"rendered":"https:\/\/gpl-love.com\/es\/producto\/urok-creative-portfolio-and-agency-theme\/"},"modified":"2026-04-17T23:17:47","modified_gmt":"2026-04-18T04:17:47","slug":"urok-creative-portfolio-and-agency-theme","status":"publish","type":"product","link":"https:\/\/gpl-love.com\/es\/producto\/urok-creative-portfolio-and-agency-theme\/","title":{"rendered":"Urok Creative Portfolio y Agency Theme 2.1.4"},"content":{"rendered":"<h3>Urok Creative Portfolio y Agency Theme Caracteristicas<\/h3>\n<p>Descubre Urok, el tema para agencias y portafolios creativos de WordPress, ideal para agencias creativas que buscan una presencia online impactante. Adquiere f\u00e1cilmente el tema Urok online y comprueba por qu\u00e9 las rese\u00f1as y valoraciones destacan constantemente su excelencia. La instalaci\u00f3n es muy sencilla gracias a la gu\u00eda de instalaci\u00f3n de Urok, que garantiza una configuraci\u00f3n sin problemas.<\/p>\n<p>Explora la gu\u00eda de personalizaci\u00f3n de Urok para descubrir las principales funciones del tema para agencias, pensadas para dise\u00f1adores y creativos. Perfecto para agencias de marketing, los plugins compatibles con Urok mejoran la funcionalidad, mientras que su dise\u00f1o responsivo garantiza que tu sitio web se vea genial en cualquier dispositivo. Aprovecha la optimizaci\u00f3n SEO de Urok para WordPress y aumenta tu visibilidad y tr\u00e1fico.<\/p>\n<p>Este asequible tema Urok para portafolios ofrece una excelente relaci\u00f3n calidad-precio, con soporte al cliente y actualizaciones incluidas. Compra Urok con descuentos disponibles y descubre sus capacidades a trav\u00e9s de la demo y la vista previa en vivo. Si necesitas ayuda, disponemos de servicios de instalaci\u00f3n de Urok.<\/p>\n<p>Aprende m\u00e1s<\/p>\n<ul>\n<li>Dise\u00f1o moderno y adaptable para una experiencia de usuario fluida en todos los dispositivos.<\/li>\n<li>Opciones de dise\u00f1o personalizables para mostrar el trabajo creativo de forma eficaz.<\/li>\n<li>Plantillas de portafolio predise\u00f1adas para ahorrar tiempo y esfuerzo.<\/li>\n<li>Soporte integrado para creadores de p\u00e1ginas populares para una f\u00e1cil personalizaci\u00f3n.<\/li>\n<li>Optimizado para una carga r\u00e1pida que mejora la interacci\u00f3n del usuario.<\/li>\n<li>Estructura optimizada para SEO para aumentar la visibilidad en buscadores.<\/li>\n<li>Amplias opciones tipogr\u00e1ficas para una marca personalizada.<\/li>\n<li>Integraci\u00f3n con redes sociales para ampliar la presencia online.<\/li>\n<li>Documentaci\u00f3n detallada y soporte al cliente para una configuraci\u00f3n sin complicaciones.<\/li>\n<li>Compatible con plugins populares para una funcionalidad extendida.<\/li>\n<\/ul>\n","protected":false},"excerpt":{"rendered":"<p>Descubre Urok, el tema para agencias y portafolios creativos de WordPress, la mejor opci\u00f3n para agencias creativas y dise\u00f1adores. Adquiere el tema Urok online y explora sus principales caracter\u00edsticas, como dise\u00f1o responsivo, optimizaci\u00f3n SEO y compatibilidad con plugins esenciales. Benef\u00edciate de rese\u00f1as y valoraciones detalladas del tema Urok y accede a una gu\u00eda de instalaci\u00f3n sencilla para empezar r\u00e1pidamente. Personal\u00edzalo con opciones avanzadas dise\u00f1adas para agencias de marketing y creativos. Disfruta de precios asequibles, descuentos y una excelente atenci\u00f3n al cliente con actualizaciones peri\u00f3dicas. Explora la demo del tema Urok para una vista previa en vivo y accede a servicios de instalaci\u00f3n para una configuraci\u00f3n sencilla. Lee los testimonios de los usuarios para descubrir por qu\u00e9 Urok destaca entre otros temas creativos.<\/p>\n","protected":false},"featured_media":0,"comment_status":"open","ping_status":"open","template":"","meta":[],"product_brand":[2337],"product_cat":[1267,1237,1238],"product_tag":[1391],"class_list":{"0":"post-170636","1":"product","2":"type-product","3":"status-publish","5":"product_brand-themeforest","6":"product_cat-creativo","7":"product_cat-temas","8":"product_cat-wordpress-temas","9":"product_tag-themeforest","10":"member-discount","11":"discount-restricted","13":"first","14":"instock","15":"sale","16":"downloadable","17":"virtual","18":"sold-individually","19":"purchasable","20":"product-type-simple"},"_links":{"self":[{"href":"https:\/\/gpl-love.com\/es\/wp-json\/wp\/v2\/product\/170636","targetHints":{"allow":["GET"]}}],"collection":[{"href":"https:\/\/gpl-love.com\/es\/wp-json\/wp\/v2\/product"}],"about":[{"href":"https:\/\/gpl-love.com\/es\/wp-json\/wp\/v2\/types\/product"}],"replies":[{"embeddable":true,"href":"https:\/\/gpl-love.com\/es\/wp-json\/wp\/v2\/comments?post=170636"}],"wp:attachment":[{"href":"https:\/\/gpl-love.com\/es\/wp-json\/wp\/v2\/media?parent=170636"}],"wp:term":[{"taxonomy":"product_brand","embeddable":true,"href":"https:\/\/gpl-love.com\/es\/wp-json\/wp\/v2\/product_brand?post=170636"},{"taxonomy":"product_cat","embeddable":true,"href":"https:\/\/gpl-love.com\/es\/wp-json\/wp\/v2\/product_cat?post=170636"},{"taxonomy":"product_tag","embeddable":true,"href":"https:\/\/gpl-love.com\/es\/wp-json\/wp\/v2\/product_tag?post=170636"}],"curies":[{"name":"wp","href":"https:\/\/api.w.org\/{rel}","templated":true}]}}