{"id":170635,"date":"2025-11-04T00:00:00","date_gmt":"2025-11-04T05:00:00","guid":{"rendered":"https:\/\/gpl-love.com\/es\/producto\/medibazar-medical-store-ecommerce-theme\/"},"modified":"2026-05-08T17:17:48","modified_gmt":"2026-05-08T22:17:48","slug":"medibazar-medical-store-ecommerce-theme","status":"publish","type":"product","link":"https:\/\/gpl-love.com\/es\/producto\/medibazar-medical-store-ecommerce-theme\/","title":{"rendered":"Medibazar Medical Store eCommerce Theme 1.9.3"},"content":{"rendered":"<h3>Medibazar Medical Store eCommerce Theme Caracteristicas<\/h3>\n<p>Descubre el tema Medibazar Medical Store para WordPress, la soluci\u00f3n definitiva para crear una presencia online profesional para cualquier negocio m\u00e9dico. Reconocido como el mejor tema de comercio electr\u00f3nico para tiendas online, se integra a la perfecci\u00f3n con WooCommerce, lo que lo hace ideal tanto para farmacias online como para tiendas de equipos m\u00e9dicos.<\/p>\n<p>Configurar el tema Medibazar Medical es muy sencillo gracias a su completo tutorial de instalaci\u00f3n, que gu\u00eda a los usuarios paso a paso. Este tema destaca por su dise\u00f1o adaptable, que garantiza una navegaci\u00f3n fluida en cualquier dispositivo. Ya sea para vender suministros m\u00e9dicos online o para gestionar una p\u00e1gina web de comercio electr\u00f3nico del sector sanitario, Medibazar ofrece funciones de primera categor\u00eda que se adaptan a diversas necesidades.<\/p>\n<p>La personalizaci\u00f3n es muy f\u00e1cil, ya que el tema Medibazar Medical Store ofrece una gu\u00eda de personalizaci\u00f3n detallada para adaptar la web a las necesidades espec\u00edficas de la marca. Para quienes buscan mejorar la visibilidad, los consejos SEO del tema Medibazar Medical son invaluables. Perfecto para tiendas de equipos hospitalarios y minoristas de productos sanitarios, este tema combina funcionalidad y estilo. Elige el tema que m\u00e1s te convenga.<\/p>\n<ul>\n<li>Dise\u00f1o totalmente adaptable y optimizado para m\u00f3viles para una visualizaci\u00f3n \u00f3ptima en todos los dispositivos.<\/li>\n<li>Opciones de personalizaci\u00f3n f\u00e1ciles de usar con un creador de p\u00e1ginas de arrastrar y soltar.<\/li>\n<li>Integrado con WooCommerce para una experiencia de compra online fluida.<\/li>\n<li>Plantillas predise\u00f1adas espec\u00edficamente para productos m\u00e9dicos y sanitarios.<\/li>\n<li>Tiempos de carga r\u00e1pidos para una mejor experiencia de usuario y un posicionamiento SEO optimizado.<\/li>\n<li>Blog y secci\u00f3n de noticias integrados para mantener a los clientes informados y comprometidos.<\/li>\n<li>Amplia compatibilidad con plugins populares para ampliar la funcionalidad.<\/li>\n<li>Pasarelas de pago seguras y fiables para transacciones seguras.<\/li>\n<li>Soporte multiling\u00fce y multidivisa para un alcance global.<\/li>\n<li>Actualizaciones peri\u00f3dicas y atenci\u00f3n al cliente para un funcionamiento sin problemas.<\/li>\n<\/ul>\n","protected":false},"excerpt":{"rendered":"<p>Descubre el futuro de las compras m\u00e9dicas online con el tema de comercio electr\u00f3nico Medibazar Medical Store para WordPress. Reconocido como el mejor tema de comercio electr\u00f3nico m\u00e9dico para tiendas online, es totalmente compatible con WooCommerce, lo que lo hace ideal para farmacias online y tiendas de equipos m\u00e9dicos. Con una configuraci\u00f3n sencilla gracias al tutorial de instalaci\u00f3n del tema Medibazar Medical eCommerce, este tema es perfecto para vender suministros m\u00e9dicos online. Con un dise\u00f1o adaptable, se ajusta a sitios web de comercio electr\u00f3nico del sector salud, tiendas de equipos hospitalarios y mucho m\u00e1s. Desbloquea las mejores funciones con la gu\u00eda de personalizaci\u00f3n del tema Medibazar Medical Store y mejora tu visibilidad con los consejos de SEO para lograr una presencia online exitosa.<\/p>\n","protected":false},"featured_media":0,"comment_status":"open","ping_status":"open","template":"","meta":[],"product_brand":[2337],"product_cat":[1263,1264,1237],"product_tag":[1391],"class_list":{"0":"post-170635","1":"product","2":"type-product","3":"status-publish","5":"product_brand-themeforest","6":"product_cat-comercio-electronico-temas","7":"product_cat-negocio","8":"product_cat-temas","9":"product_tag-themeforest","10":"member-discount","11":"discount-restricted","13":"first","14":"instock","15":"sale","16":"downloadable","17":"virtual","18":"sold-individually","19":"purchasable","20":"product-type-simple"},"_links":{"self":[{"href":"https:\/\/gpl-love.com\/es\/wp-json\/wp\/v2\/product\/170635","targetHints":{"allow":["GET"]}}],"collection":[{"href":"https:\/\/gpl-love.com\/es\/wp-json\/wp\/v2\/product"}],"about":[{"href":"https:\/\/gpl-love.com\/es\/wp-json\/wp\/v2\/types\/product"}],"replies":[{"embeddable":true,"href":"https:\/\/gpl-love.com\/es\/wp-json\/wp\/v2\/comments?post=170635"}],"wp:attachment":[{"href":"https:\/\/gpl-love.com\/es\/wp-json\/wp\/v2\/media?parent=170635"}],"wp:term":[{"taxonomy":"product_brand","embeddable":true,"href":"https:\/\/gpl-love.com\/es\/wp-json\/wp\/v2\/product_brand?post=170635"},{"taxonomy":"product_cat","embeddable":true,"href":"https:\/\/gpl-love.com\/es\/wp-json\/wp\/v2\/product_cat?post=170635"},{"taxonomy":"product_tag","embeddable":true,"href":"https:\/\/gpl-love.com\/es\/wp-json\/wp\/v2\/product_tag?post=170635"}],"curies":[{"name":"wp","href":"https:\/\/api.w.org\/{rel}","templated":true}]}}