{"id":170634,"date":"2025-11-04T00:00:00","date_gmt":"2025-11-04T05:00:00","guid":{"rendered":"https:\/\/gpl-love.com\/es\/producto\/greenorganic-organic-and-bakery-wordpress-theme\/"},"modified":"2026-03-13T17:41:45","modified_gmt":"2026-03-13T22:41:45","slug":"greenorganic-organic-and-bakery-wordpress-theme","status":"publish","type":"product","link":"https:\/\/gpl-love.com\/es\/producto\/greenorganic-organic-and-bakery-wordpress-theme\/","title":{"rendered":"GreenOrganic Organic y Bakery WordPress Theme 2.48"},"content":{"rendered":"<h3>GreenOrganic Organic y Bakery WordPress Theme Caracteristicas<\/h3>\n<p>Descubre GreenOrganic, el tema de WordPress para panader\u00edas y negocios org\u00e1nicos, la soluci\u00f3n perfecta para crear una presencia online atractiva y ecol\u00f3gica. Ideal para panader\u00edas y tiendas de alimentaci\u00f3n org\u00e1nicas, este tema premium ofrece una combinaci\u00f3n perfecta de est\u00e9tica y funcionalidad. \u00bfBuscas uno de los mejores temas para panader\u00edas y negocios org\u00e1nicos? GreenOrganic te ofrece la soluci\u00f3n ideal gracias a su dise\u00f1o adaptable, que garantiza que tu sitio web luzca espectacular en cualquier dispositivo.<\/p>\n<p>\u00bfNecesitas ayuda con la instalaci\u00f3n? Los pasos para instalar el tema GreenOrganic son sencillos, lo que facilita el inicio. Adem\u00e1s, dispones de una gu\u00eda de personalizaci\u00f3n completa para ayudarte a adaptar tu sitio a tu visi\u00f3n \u00fanica. Los testimonios de los usuarios destacan su precio asequible y su versatilidad, convirti\u00e9ndolo en una de las mejores opciones entre los temas econ\u00f3micos para panader\u00edas y negocios org\u00e1nicos.<\/p>\n<p>Incluye funciones optimizadas para SEO, lo que garantiza que tu panader\u00eda sea visible en los motores de b\u00fasqueda. El soporte y las actualizaciones peri\u00f3dicas mantienen tu sitio funcionando sin problemas, mientras que la opci\u00f3n de descarga te asegura un acceso r\u00e1pido. Si buscas un tema de WordPress que combine el encanto org\u00e1nico con un dise\u00f1o moderno, GreenOrganic es la opci\u00f3n perfecta.<\/p>\n<p>Consulta las rese\u00f1as del tema GreenOrganic para ver las opiniones de otros usuarios.<\/p>\n<ul>\n<li>Dise\u00f1o totalmente adaptable para una visualizaci\u00f3n perfecta en todos los dispositivos.<\/li>\n<li>Dise\u00f1os personalizables para adaptarse a diversos negocios de panader\u00eda y alimentaci\u00f3n org\u00e1nica.<\/li>\n<li>Plantillas predise\u00f1adas para una configuraci\u00f3n r\u00e1pida y sencilla.<\/li>\n<li>Compatibilidad con WooCommerce para la integraci\u00f3n con tiendas online.<\/li>\n<li>Estructura optimizada para SEO que mejora la visibilidad en buscadores.<\/li>\n<li>Blog integrado para compartir recetas y novedades.<\/li>\n<li>Galer\u00edas de im\u00e1genes de alta calidad para mostrar los productos.<\/li>\n<li>Importaci\u00f3n de demo con un solo clic para una instalaci\u00f3n r\u00e1pida del tema.<\/li>\n<li>Soporte multiling\u00fce para un alcance global.<\/li>\n<li>Actualizaciones peri\u00f3dicas para una mayor seguridad y rendimiento.<\/li>\n<\/ul>\n","protected":false},"excerpt":{"rendered":"<p>Descubre la soluci\u00f3n digital perfecta para panader\u00edas org\u00e1nicas con el tema de WordPress GreenOrganic Organic and Bakery. Reconocido como uno de los mejores temas para panader\u00edas org\u00e1nicas, ofrece una configuraci\u00f3n e instalaci\u00f3n sencillas. Dise\u00f1ado para quienes buscan temas premium para panader\u00edas org\u00e1nicas, esta opci\u00f3n ecol\u00f3gica y adaptable garantiza que tu sitio web sea visualmente atractivo y est\u00e9 optimizado para SEO. Ya sea que lo descargues para una tienda de alimentos org\u00e1nicos o explores las gu\u00edas de personalizaci\u00f3n, GreenOrganic te brinda una experiencia a medida. Benef\u00edciate del amplio soporte y las actualizaciones del tema, y \u200b\u200bdescubre por qu\u00e9 los testimonios de los usuarios elogian su asequibilidad y funcionalidad. Mejora tu presencia en l\u00ednea con este tema de WordPress de primera categor\u00eda.<\/p>\n","protected":false},"featured_media":0,"comment_status":"open","ping_status":"open","template":"","meta":[],"product_brand":[2337],"product_cat":[1646,1237,1238],"product_tag":[1391],"class_list":{"0":"post-170634","1":"product","2":"type-product","3":"status-publish","5":"product_brand-themeforest","6":"product_cat-alimentacion-y-restaurante","7":"product_cat-temas","8":"product_cat-wordpress-temas","9":"product_tag-themeforest","10":"member-discount","11":"discount-restricted","13":"first","14":"instock","15":"sale","16":"downloadable","17":"virtual","18":"sold-individually","19":"purchasable","20":"product-type-simple"},"_links":{"self":[{"href":"https:\/\/gpl-love.com\/es\/wp-json\/wp\/v2\/product\/170634","targetHints":{"allow":["GET"]}}],"collection":[{"href":"https:\/\/gpl-love.com\/es\/wp-json\/wp\/v2\/product"}],"about":[{"href":"https:\/\/gpl-love.com\/es\/wp-json\/wp\/v2\/types\/product"}],"replies":[{"embeddable":true,"href":"https:\/\/gpl-love.com\/es\/wp-json\/wp\/v2\/comments?post=170634"}],"wp:attachment":[{"href":"https:\/\/gpl-love.com\/es\/wp-json\/wp\/v2\/media?parent=170634"}],"wp:term":[{"taxonomy":"product_brand","embeddable":true,"href":"https:\/\/gpl-love.com\/es\/wp-json\/wp\/v2\/product_brand?post=170634"},{"taxonomy":"product_cat","embeddable":true,"href":"https:\/\/gpl-love.com\/es\/wp-json\/wp\/v2\/product_cat?post=170634"},{"taxonomy":"product_tag","embeddable":true,"href":"https:\/\/gpl-love.com\/es\/wp-json\/wp\/v2\/product_tag?post=170634"}],"curies":[{"name":"wp","href":"https:\/\/api.w.org\/{rel}","templated":true}]}}