{"id":170633,"date":"2026-04-07T00:00:00","date_gmt":"2026-04-07T05:00:00","guid":{"rendered":"https:\/\/gpl-love.com\/es\/producto\/clotya-fashion-store-ecommerce-theme\/"},"modified":"2026-04-07T17:17:10","modified_gmt":"2026-04-07T22:17:10","slug":"clotya-fashion-store-ecommerce-theme","status":"publish","type":"product","link":"https:\/\/gpl-love.com\/es\/producto\/clotya-fashion-store-ecommerce-theme\/","title":{"rendered":"Clotya Fashion Store eCommerce Theme 1.5.1"},"content":{"rendered":"<h3>Clotya Fashion Store eCommerce Theme Caracteristicas<\/h3>\n<p>Descubre la soluci\u00f3n definitiva para construir un imperio de moda online con el tema de comercio electr\u00f3nico Clotya Fashion Store para WordPress. Reconocido como el mejor tema de comercio electr\u00f3nico para tiendas de moda, esta opci\u00f3n premium ofrece una integraci\u00f3n perfecta con WooCommerce, brindando una experiencia de compra fluida. Su dise\u00f1o adaptable a m\u00f3viles garantiza que tu tienda de moda luzca espectacular en cualquier dispositivo, mientras que sus funciones personalizables permiten un toque \u00fanico y personalizado.<\/p>\n<p>Perfecto para boutiques de moda y tiendas de ropa online, el tema Clotya destaca por su optimizaci\u00f3n SEO, ayudando a que tu tienda aparezca en los primeros puestos de los resultados de b\u00fasqueda. El editor de arrastrar y soltar facilita la creaci\u00f3n de un dise\u00f1o visualmente atractivo sin necesidad de conocimientos de programaci\u00f3n. Con un dise\u00f1o responsivo, este tema de comercio electr\u00f3nico de moda para WordPress se adapta perfectamente a cualquier tama\u00f1o de pantalla.<\/p>\n<p>Disfruta de la tranquilidad que te ofrecen las rese\u00f1as y valoraciones del tema Clotya, que destacan una atenci\u00f3n al cliente excepcional y actualizaciones peri\u00f3dicas. La completa gu\u00eda de instalaci\u00f3n y la integraci\u00f3n con las pasarelas de pago m\u00e1s populares simplifican el proceso de configuraci\u00f3n, permiti\u00e9ndote centrarte en crear una tienda de moda online atractiva.<\/p>\n<ul>\n<li>Dise\u00f1o adaptable para una experiencia fluida en todos los dispositivos.<\/li>\n<li>Dise\u00f1os personalizables que se ajustan a la est\u00e9tica de la marca.<\/li>\n<li>Optimizaci\u00f3n SEO integrada para una mejor visibilidad en buscadores.<\/li>\n<li>Integraci\u00f3n con WooCommerce para una configuraci\u00f3n sencilla de la tienda online.<\/li>\n<li>Plantillas predise\u00f1adas para una creaci\u00f3n web m\u00e1s r\u00e1pida.<\/li>\n<li>Soporte multiling\u00fce para llegar a una audiencia global.<\/li>\n<li>Filtrado avanzado de productos para una mejor navegaci\u00f3n del usuario.<\/li>\n<li>Importaci\u00f3n de demo con un solo clic para una configuraci\u00f3n r\u00e1pida del tema.<\/li>\n<li>Compatible con plugins populares para una funcionalidad mejorada.<\/li>\n<li>Actualizaciones peri\u00f3dicas para mejorar la seguridad y las funciones.<\/li>\n<\/ul>\n","protected":false},"excerpt":{"rendered":"<p>Descubre el tema de comercio electr\u00f3nico Clotya Fashion Store para WordPress, el mejor tema para tiendas de moda que buscan destacar. Perfectamente integrado con WooCommerce, Clotya ofrece un dise\u00f1o adaptable a m\u00f3viles y personalizable para tiendas de ropa online y boutiques de moda. Este tema responsivo para comercio electr\u00f3nico de moda cuenta con optimizaci\u00f3n SEO, lo que garantiza una mejor visibilidad en los motores de b\u00fasqueda. Con su intuitivo creador de arrastrar y soltar, crear una impresionante tienda de moda online es muy sencillo. Disfruta de funciones premium como la integraci\u00f3n de pasarelas de pago, gu\u00edas de instalaci\u00f3n detalladas y un excelente servicio de atenci\u00f3n al cliente y actualizaciones. Consulta las rese\u00f1as y valoraciones del tema Clotya para descubrir por qu\u00e9 es una de las mejores opciones para el comercio electr\u00f3nico de moda.<\/p>\n","protected":false},"featured_media":0,"comment_status":"open","ping_status":"open","template":"","meta":[],"product_brand":[2337],"product_cat":[1263,1264,1237],"product_tag":[1391],"class_list":{"0":"post-170633","1":"product","2":"type-product","3":"status-publish","5":"product_brand-themeforest","6":"product_cat-comercio-electronico-temas","7":"product_cat-negocio","8":"product_cat-temas","9":"product_tag-themeforest","10":"member-discount","11":"discount-restricted","13":"first","14":"instock","15":"sale","16":"downloadable","17":"virtual","18":"sold-individually","19":"purchasable","20":"product-type-simple"},"_links":{"self":[{"href":"https:\/\/gpl-love.com\/es\/wp-json\/wp\/v2\/product\/170633","targetHints":{"allow":["GET"]}}],"collection":[{"href":"https:\/\/gpl-love.com\/es\/wp-json\/wp\/v2\/product"}],"about":[{"href":"https:\/\/gpl-love.com\/es\/wp-json\/wp\/v2\/types\/product"}],"replies":[{"embeddable":true,"href":"https:\/\/gpl-love.com\/es\/wp-json\/wp\/v2\/comments?post=170633"}],"wp:attachment":[{"href":"https:\/\/gpl-love.com\/es\/wp-json\/wp\/v2\/media?parent=170633"}],"wp:term":[{"taxonomy":"product_brand","embeddable":true,"href":"https:\/\/gpl-love.com\/es\/wp-json\/wp\/v2\/product_brand?post=170633"},{"taxonomy":"product_cat","embeddable":true,"href":"https:\/\/gpl-love.com\/es\/wp-json\/wp\/v2\/product_cat?post=170633"},{"taxonomy":"product_tag","embeddable":true,"href":"https:\/\/gpl-love.com\/es\/wp-json\/wp\/v2\/product_tag?post=170633"}],"curies":[{"name":"wp","href":"https:\/\/api.w.org\/{rel}","templated":true}]}}