{"id":170632,"date":"2026-04-07T00:00:00","date_gmt":"2026-04-07T05:00:00","guid":{"rendered":"https:\/\/gpl-love.com\/es\/producto\/machic-electronics-store-woocommerce-theme\/"},"modified":"2026-04-07T17:17:07","modified_gmt":"2026-04-07T22:17:07","slug":"machic-electronics-store-woocommerce-theme","status":"publish","type":"product","link":"https:\/\/gpl-love.com\/es\/producto\/machic-electronics-store-woocommerce-theme\/","title":{"rendered":"Machic Electronics Store WooCommerce Theme 1.6.3"},"content":{"rendered":"<h3>Machic Electronics Store WooCommerce Theme Caracteristicas<\/h3>\n<p>\u00bfQuieres crear una tienda online de electr\u00f3nica impresionante y eficiente? El tema Machic Electronics Store para WooCommerce es la opci\u00f3n perfecta. Como uno de los mejores temas de WooCommerce para tiendas de electr\u00f3nica, ofrece una impresionante variedad de funciones dise\u00f1adas para mejorar el rendimiento de tu sitio y la experiencia del usuario. El tema Machic para tiendas de electr\u00f3nica no solo es visualmente atractivo, sino que tambi\u00e9n es altamente adaptable, lo que garantiza una experiencia de compra fluida en todos los dispositivos.<\/p>\n<p>\u00bfEst\u00e1s pensando en descargar el tema Machic Electronics Store para WooCommerce? Este tema optimizado para SEO garantiza una mejor visibilidad en los motores de b\u00fasqueda, lo que te ayudar\u00e1 a atraer m\u00e1s clientes. La instalaci\u00f3n es sencilla y, si necesitas ayuda, encontrar\u00e1s instrucciones detalladas sobre c\u00f3mo instalar el tema Machic Electronics Store para WooCommerce.<\/p>\n<p>Personalizar el tema Machic Electronics Store es muy f\u00e1cil, permiti\u00e9ndote ajustarlo f\u00e1cilmente para satisfacer las necesidades espec\u00edficas de tu tienda. Adem\u00e1s, los temas de WooCommerce asequibles para electr\u00f3nica rara vez ofrecen un soporte tan s\u00f3lido, lo que lo convierte en una opci\u00f3n confiable para cualquier propietario de negocio. Echa un vistazo a la demo del tema Machic Electronics Store para verlo en acci\u00f3n.<\/p>\n<ul>\n<li>Dise\u00f1o moderno y adaptable, optimizado para tiendas de electr\u00f3nica.<\/li>\n<li>Integraci\u00f3n perfecta con WooCommerce para una venta online sencilla.<\/li>\n<li>Dise\u00f1os de p\u00e1gina de inicio personalizables para mostrar productos destacados.<\/li>\n<li>Opciones de filtrado avanzadas para mejorar la experiencia de compra.<\/li>\n<li>Soporte integrado para m\u00faltiples pasarelas de pago para mayor comodidad del cliente.<\/li>\n<li>Alta velocidad de carga para una mejor experiencia de usuario.<\/li>\n<li>Dise\u00f1o adaptado a m\u00f3viles que garantiza la accesibilidad en todos los dispositivos.<\/li>\n<li>Estructura optimizada para SEO para mejorar la visibilidad en buscadores.<\/li>\n<li>P\u00e1ginas de producto predise\u00f1adas para una configuraci\u00f3n r\u00e1pida y sencilla.<\/li>\n<li>Funciones de rese\u00f1as y valoraciones de clientes para generar confianza y fidelizaci\u00f3n.<\/li>\n<\/ul>\n","protected":false},"excerpt":{"rendered":"<p>Descubre el tema Machic Electronics Store para WooCommerce, una excelente opci\u00f3n para crear una tienda online de electr\u00f3nica responsiva y optimizada para SEO. Perfectamente dise\u00f1ado tanto para principiantes como para profesionales, este tema ofrece una experiencia de usuario fluida con una instalaci\u00f3n sencilla y amplias opciones de personalizaci\u00f3n. El tema Machic para tiendas de electr\u00f3nica incluye funciones impresionantes, lo que lo convierte en uno de los mejores temas de WooCommerce para este sector. Consulta rese\u00f1as y demostraciones detalladas para comprender mejor sus capacidades. Asequible pero potente, garantiza un excelente soporte y flexibilidad. Compra hoy mismo el tema Machic Electronics Store para WooCommerce y potencia tu tienda online con un dise\u00f1o profesional y atractivo.<\/p>\n","protected":false},"featured_media":0,"comment_status":"open","ping_status":"open","template":"","meta":[],"product_brand":[2337],"product_cat":[1263,1264,1237],"product_tag":[1391],"class_list":{"0":"post-170632","1":"product","2":"type-product","3":"status-publish","5":"product_brand-themeforest","6":"product_cat-comercio-electronico-temas","7":"product_cat-negocio","8":"product_cat-temas","9":"product_tag-themeforest","10":"member-discount","11":"discount-restricted","13":"first","14":"instock","15":"sale","16":"downloadable","17":"virtual","18":"sold-individually","19":"purchasable","20":"product-type-simple"},"_links":{"self":[{"href":"https:\/\/gpl-love.com\/es\/wp-json\/wp\/v2\/product\/170632","targetHints":{"allow":["GET"]}}],"collection":[{"href":"https:\/\/gpl-love.com\/es\/wp-json\/wp\/v2\/product"}],"about":[{"href":"https:\/\/gpl-love.com\/es\/wp-json\/wp\/v2\/types\/product"}],"replies":[{"embeddable":true,"href":"https:\/\/gpl-love.com\/es\/wp-json\/wp\/v2\/comments?post=170632"}],"wp:attachment":[{"href":"https:\/\/gpl-love.com\/es\/wp-json\/wp\/v2\/media?parent=170632"}],"wp:term":[{"taxonomy":"product_brand","embeddable":true,"href":"https:\/\/gpl-love.com\/es\/wp-json\/wp\/v2\/product_brand?post=170632"},{"taxonomy":"product_cat","embeddable":true,"href":"https:\/\/gpl-love.com\/es\/wp-json\/wp\/v2\/product_cat?post=170632"},{"taxonomy":"product_tag","embeddable":true,"href":"https:\/\/gpl-love.com\/es\/wp-json\/wp\/v2\/product_tag?post=170632"}],"curies":[{"name":"wp","href":"https:\/\/api.w.org\/{rel}","templated":true}]}}