{"id":170628,"date":"2025-11-04T00:00:00","date_gmt":"2025-11-04T05:00:00","guid":{"rendered":"https:\/\/gpl-love.com\/es\/producto\/ws-form-pro-pipedrive\/"},"modified":"2026-04-17T23:17:39","modified_gmt":"2026-04-18T04:17:39","slug":"ws-form-pro-pipedrive","status":"publish","type":"product","link":"https:\/\/gpl-love.com\/es\/producto\/ws-form-pro-pipedrive\/","title":{"rendered":"WS Form Pro Pipedrive 1.1.5"},"content":{"rendered":"<h3>WS Form Pro Pipedrive Caracteristicas<\/h3>\n<p>Libere todo el potencial de su gesti\u00f3n de relaciones con el cliente con la integraci\u00f3n de WS Form Pro y Pipedrive. Este potente plugin de CRM para WS Form Pro y Pipedrive permite una integraci\u00f3n perfecta entre sus formularios y Pipedrive, optimizando su flujo de trabajo como nunca antes. \u00bfSe pregunta c\u00f3mo conectar WS Form Pro a Pipedrive? El intuitivo tutorial y la gu\u00eda de configuraci\u00f3n de WS Form Pro y Pipedrive le guiar\u00e1n paso a paso, garantizando una configuraci\u00f3n sencilla.<\/p>\n<p>Automatice tareas sin esfuerzo con la automatizaci\u00f3n de WS Form Pro y Pipedrive, dise\u00f1ada para ahorrarle tiempo y aumentar la eficiencia. El creador de formularios de WS Form Pro y Pipedrive ofrece flexibilidad, permitiendo la creaci\u00f3n de campos personalizados adaptados a sus necesidades. Sincronice sus contactos f\u00e1cilmente con la sincronizaci\u00f3n de contactos de WS Form Pro y Pipedrive, asegurando que cada cliente potencial se registre con precisi\u00f3n.<\/p>\n<p>La generaci\u00f3n de clientes potenciales se simplifica gracias a la compatibilidad de WS Form Pro y Pipedrive, mientras que el mapeo de datos de WS Form Pro y Pipedrive garantiza que sus datos est\u00e9n organizados y sean f\u00e1ciles de gestionar. Para los desarrolladores, la integraci\u00f3n de la API de WS Form Pro y Pipedrive ofrece infinitas posibilidades de personalizaci\u00f3n.<\/p>\n<ul>\n<li>Integraci\u00f3n perfecta con Pipedrive CRM para una gesti\u00f3n de datos eficiente.<\/li>\n<li>Creador de formularios con funci\u00f3n de arrastrar y soltar para una f\u00e1cil personalizaci\u00f3n.<\/li>\n<li>Sincronizaci\u00f3n de datos en tiempo real para mantener Pipedrive actualizado al instante.<\/li>\n<li>L\u00f3gica condicional avanzada para experiencias de usuario personalizadas.<\/li>\n<li>Protecci\u00f3n antispam integrada para garantizar la recopilaci\u00f3n de datos de alta calidad.<\/li>\n<li>Dise\u00f1o adaptable a dispositivos m\u00f3viles para una visualizaci\u00f3n \u00f3ptima en cualquier dispositivo.<\/li>\n<li>Amplias opciones de campos de formulario para capturar informaci\u00f3n completa.<\/li>\n<li>Flujos de trabajo automatizados para optimizar los procesos empresariales.<\/li>\n<li>Funciones compatibles con el RGPD para garantizar la privacidad de los datos.<\/li>\n<li>An\u00e1lisis e informes detallados para una toma de decisiones informada.<\/li>\n<\/ul>\n","protected":false},"excerpt":{"rendered":"<p>Descubra una eficiencia impecable con la integraci\u00f3n de WS Form Pro Pipedrive, una potente herramienta dise\u00f1ada para optimizar su experiencia de CRM. Este plugin de CRM para WS Form Pro Pipedrive conecta f\u00e1cilmente sus formularios a Pipedrive, mejorando la generaci\u00f3n de leads y la sincronizaci\u00f3n de contactos. Explore las funciones de automatizaci\u00f3n de WS Form Pro Pipedrive para agilizar los flujos de trabajo y aumentar la productividad. Si necesita ayuda, el tutorial y la gu\u00eda de configuraci\u00f3n de WS Form Pro Pipedrive simplifican el proceso de integraci\u00f3n, facilitando el uso de la API y la creaci\u00f3n de campos personalizados. Disfrute de una compatibilidad y un mapeo de datos sin igual, que garantizan un flujo de trabajo fluido con WS Form Pro Pipedrive que se adapta a las necesidades espec\u00edficas de su negocio.<\/p>\n","protected":false},"featured_media":0,"comment_status":"open","ping_status":"open","template":"","meta":[],"product_brand":[2785],"product_cat":[1216,1206,1211],"product_tag":[2786],"class_list":{"0":"post-170628","1":"product","2":"type-product","3":"status-publish","5":"product_brand-ws-form","6":"product_cat-formas","7":"product_cat-plugins","8":"product_cat-wordpress-plugins","9":"product_tag-ws-form","10":"member-discount","11":"discount-restricted","13":"first","14":"instock","15":"sale","16":"downloadable","17":"virtual","18":"sold-individually","19":"purchasable","20":"product-type-simple"},"_links":{"self":[{"href":"https:\/\/gpl-love.com\/es\/wp-json\/wp\/v2\/product\/170628","targetHints":{"allow":["GET"]}}],"collection":[{"href":"https:\/\/gpl-love.com\/es\/wp-json\/wp\/v2\/product"}],"about":[{"href":"https:\/\/gpl-love.com\/es\/wp-json\/wp\/v2\/types\/product"}],"replies":[{"embeddable":true,"href":"https:\/\/gpl-love.com\/es\/wp-json\/wp\/v2\/comments?post=170628"}],"wp:attachment":[{"href":"https:\/\/gpl-love.com\/es\/wp-json\/wp\/v2\/media?parent=170628"}],"wp:term":[{"taxonomy":"product_brand","embeddable":true,"href":"https:\/\/gpl-love.com\/es\/wp-json\/wp\/v2\/product_brand?post=170628"},{"taxonomy":"product_cat","embeddable":true,"href":"https:\/\/gpl-love.com\/es\/wp-json\/wp\/v2\/product_cat?post=170628"},{"taxonomy":"product_tag","embeddable":true,"href":"https:\/\/gpl-love.com\/es\/wp-json\/wp\/v2\/product_tag?post=170628"}],"curies":[{"name":"wp","href":"https:\/\/api.w.org\/{rel}","templated":true}]}}