{"id":170626,"date":"2026-04-18T00:00:00","date_gmt":"2026-04-18T05:00:00","guid":{"rendered":"https:\/\/gpl-love.com\/es\/producto\/ws-form-pro\/"},"modified":"2026-04-18T17:17:42","modified_gmt":"2026-04-18T22:17:42","slug":"ws-form-pro","status":"publish","type":"product","link":"https:\/\/gpl-love.com\/es\/producto\/ws-form-pro\/","title":{"rendered":"WS Form Pro 1.10.87"},"content":{"rendered":"<h3>WS Form Pro Caracteristicas<\/h3>\n<p>Descubre la herramienta definitiva para crear formularios potentes y personalizables con WS Form Pro. Dise\u00f1ado espec\u00edficamente para WordPress, WS Form Pro ofrece una experiencia de usuario intuitiva y una gran cantidad de funciones. Tanto si empiezas con las instrucciones de configuraci\u00f3n como si exploras las funciones avanzadas, el proceso te resultar\u00e1 sencillo y gratificante.<\/p>\n<p>Sum\u00e9rgete en un completo tutorial de WS Form Pro para desbloquear todo su potencial. La gu\u00eda del usuario abarca desde la configuraci\u00f3n b\u00e1sica hasta las mejores pr\u00e1cticas, garantizando una integraci\u00f3n y un uso perfectos. Compara WS Form Pro con la competencia y descubre por qu\u00e9 destaca gracias a sus s\u00f3lidas integraciones y su soporte inigualable.<\/p>\n<p>Si quieres probarlo antes de decidirte, una demo o una prueba gratuita de WS Form Pro te permitir\u00e1 conocer sus capacidades. Su precio flexible y los c\u00f3digos de descuento ocasionales lo hacen accesible a diferentes presupuestos, y su pol\u00edtica de reembolso te ofrece mayor tranquilidad. Crea formularios personalizados sin esfuerzo con las plantillas de WS Form Pro y descubre c\u00f3mo usarlo para mejorar la funcionalidad de tu sitio web.<\/p>\n<p>Lee una rese\u00f1a de WS Form Pro para conocer las opiniones de usuarios satisfechos.<\/p>\n<ul>\n<li>Interfaz intuitiva para la creaci\u00f3n de formularios sin complicaciones.<\/li>\n<li>L\u00f3gica condicional avanzada para experiencias de usuario personalizadas.<\/li>\n<li>Dise\u00f1o adaptable a dispositivos m\u00f3viles que garantiza la compatibilidad con diferentes dispositivos.<\/li>\n<li>Integraci\u00f3n con aplicaciones y servicios populares de terceros.<\/li>\n<li>Creador de formularios mediante arrastrar y soltar para una personalizaci\u00f3n sencilla.<\/li>\n<li>An\u00e1lisis integrado para el seguimiento del rendimiento de los formularios.<\/li>\n<li>Formularios de varias p\u00e1ginas para la recopilaci\u00f3n detallada de datos.<\/li>\n<li>Plantillas predise\u00f1adas para una configuraci\u00f3n r\u00e1pida.<\/li>\n<li>Gesti\u00f3n segura de datos con opciones de cifrado.<\/li>\n<li>Amplia documentaci\u00f3n y soporte para un uso sin complicaciones.<\/li>\n<\/ul>\n","protected":false},"excerpt":{"rendered":"<p>Descubre el poder de WS Form Pro, la soluci\u00f3n definitiva para crear formularios personalizados en WordPress. Accede a un completo tutorial de WS Form Pro para desbloquear funciones avanzadas y las mejores pr\u00e1cticas. Explora las instrucciones de configuraci\u00f3n detalladas y las gu\u00edas de usuario de WS Form Pro para optimizar tu proceso. Compara WS Form Pro con la competencia y descubre por qu\u00e9 es la mejor opci\u00f3n. Benef\u00edciate de las integraciones de WS Form Pro que mejoran la funcionalidad y accede a c\u00f3digos de descuento exclusivos. Con una prueba gratuita de WS Form Pro y una pol\u00edtica de reembolso clara, la satisfacci\u00f3n est\u00e1 garantizada. Explora los precios y las plantillas de WS Form Pro hoy mismo y disfruta de una asistencia inigualable y un dise\u00f1o innovador.<\/p>\n","protected":false},"featured_media":0,"comment_status":"open","ping_status":"open","template":"","meta":[],"product_brand":[2785],"product_cat":[1216,1206,1211],"product_tag":[2786],"class_list":{"0":"post-170626","1":"product","2":"type-product","3":"status-publish","5":"product_brand-ws-form","6":"product_cat-formas","7":"product_cat-plugins","8":"product_cat-wordpress-plugins","9":"product_tag-ws-form","10":"member-discount","11":"discount-restricted","13":"first","14":"instock","15":"sale","16":"downloadable","17":"virtual","18":"sold-individually","19":"purchasable","20":"product-type-simple"},"_links":{"self":[{"href":"https:\/\/gpl-love.com\/es\/wp-json\/wp\/v2\/product\/170626","targetHints":{"allow":["GET"]}}],"collection":[{"href":"https:\/\/gpl-love.com\/es\/wp-json\/wp\/v2\/product"}],"about":[{"href":"https:\/\/gpl-love.com\/es\/wp-json\/wp\/v2\/types\/product"}],"replies":[{"embeddable":true,"href":"https:\/\/gpl-love.com\/es\/wp-json\/wp\/v2\/comments?post=170626"}],"wp:attachment":[{"href":"https:\/\/gpl-love.com\/es\/wp-json\/wp\/v2\/media?parent=170626"}],"wp:term":[{"taxonomy":"product_brand","embeddable":true,"href":"https:\/\/gpl-love.com\/es\/wp-json\/wp\/v2\/product_brand?post=170626"},{"taxonomy":"product_cat","embeddable":true,"href":"https:\/\/gpl-love.com\/es\/wp-json\/wp\/v2\/product_cat?post=170626"},{"taxonomy":"product_tag","embeddable":true,"href":"https:\/\/gpl-love.com\/es\/wp-json\/wp\/v2\/product_tag?post=170626"}],"curies":[{"name":"wp","href":"https:\/\/api.w.org\/{rel}","templated":true}]}}