{"id":170625,"date":"2025-11-04T00:00:00","date_gmt":"2025-11-04T05:00:00","guid":{"rendered":"https:\/\/gpl-love.com\/es\/producto\/ws-form-pro-moosend\/"},"modified":"2026-04-17T23:17:31","modified_gmt":"2026-04-18T04:17:31","slug":"ws-form-pro-moosend","status":"publish","type":"product","link":"https:\/\/gpl-love.com\/es\/producto\/ws-form-pro-moosend\/","title":{"rendered":"WS Form Pro Moosend 1.0.1"},"content":{"rendered":"<h3>WS Form Pro Moosend Caracteristicas<\/h3>\n<p>Libera todo el potencial de tu marketing por correo electr\u00f3nico con la perfecta integraci\u00f3n de WS Form Pro y Moosend. Descubre c\u00f3mo usar WS Form Pro con Moosend para mejorar tu automatizaci\u00f3n de marketing sin esfuerzo. La gu\u00eda de configuraci\u00f3n de WS Form Pro y Moosend te ofrece un camino claro, con instrucciones paso a paso tanto para principiantes como para expertos. Consulta el tutorial de WS Form Pro y Moosend para dominar las mejores pr\u00e1cticas y asegurar que cada formulario enviado se convierta en un valioso cliente potencial.<\/p>\n<p>Configurar WS Form Pro para Moosend es sencillo gracias a la completa documentaci\u00f3n y al excelente soporte t\u00e9cnico. Aprovecha las potentes funciones de WS Form Pro y Moosend, como la integraci\u00f3n de API, para optimizar tus procesos. Disfruta de las ventajas del inicio r\u00e1pido de WS Form Pro y Moosend, que permite transiciones eficientes de formularios a Moosend.<\/p>\n<p>Mejora la creaci\u00f3n de listas de correo electr\u00f3nico con los flujos de trabajo de automatizaci\u00f3n de WS Form Pro y Moosend, dise\u00f1ados para simplificar las campa\u00f1as de correo electr\u00f3nico y la gesti\u00f3n de suscriptores.<\/p>\n<ul>\n<li>Integraci\u00f3n perfecta con Moosend para una automatizaci\u00f3n eficiente del email marketing.<\/li>\n<li>Creador de formularios intuitivo con funci\u00f3n de arrastrar y soltar y amplias opciones de personalizaci\u00f3n.<\/li>\n<li>L\u00f3gica condicional avanzada para experiencias de usuario personalizadas.<\/li>\n<li>An\u00e1lisis de formularios en tiempo real para monitorizar el rendimiento y optimizar la interacci\u00f3n.<\/li>\n<li>Dise\u00f1o adaptable a dispositivos m\u00f3viles que garantiza la compatibilidad con todos los dispositivos.<\/li>\n<li>Funciones integradas de protecci\u00f3n contra spam para mantener la integridad de los datos.<\/li>\n<li>Amplia biblioteca de plantillas de formularios predise\u00f1adas para ahorrar tiempo.<\/li>\n<li>Formularios de varios pasos para mejorar la interacci\u00f3n del usuario y la recopilaci\u00f3n de datos.<\/li>\n<li>Funciones compatibles con el RGPD para garantizar la privacidad y la seguridad de los datos.<\/li>\n<li>Compatibilidad con CSS y JavaScript personalizados para una mayor personalizaci\u00f3n de los formularios.<\/li>\n<\/ul>\n","protected":false},"excerpt":{"rendered":"<p>Descubre la eficiencia sin fisuras de la integraci\u00f3n de WS Form Pro con Moosend, una soluci\u00f3n revolucionaria para la automatizaci\u00f3n del email marketing. Aprende a usar WS Form Pro con Moosend para potenciar tus campa\u00f1as con nuestra completa gu\u00eda de configuraci\u00f3n. Consulta el tutorial de WS Form Pro y Moosend para descubrir las mejores pr\u00e1cticas de configuraci\u00f3n. Accede a las potentes funciones y ventajas de WS Form Pro y Moosend, incluyendo gu\u00edas de inicio r\u00e1pido, integraci\u00f3n de formularios y compatibilidad con API. Mejora la creaci\u00f3n de tu lista de correo con los flujos de trabajo de automatizaci\u00f3n de WS Form Pro y Moosend, campa\u00f1as de correo electr\u00f3nico eficientes y gesti\u00f3n de suscriptores. Accede a la documentaci\u00f3n detallada y las gu\u00edas de usuario de WS Form Pro y Moosend para una configuraci\u00f3n paso a paso que transformar\u00e1 tu conexi\u00f3n con tu audiencia.<\/p>\n","protected":false},"featured_media":0,"comment_status":"open","ping_status":"open","template":"","meta":[],"product_brand":[2785],"product_cat":[1216,1206,1211],"product_tag":[2786],"class_list":{"0":"post-170625","1":"product","2":"type-product","3":"status-publish","5":"product_brand-ws-form","6":"product_cat-formas","7":"product_cat-plugins","8":"product_cat-wordpress-plugins","9":"product_tag-ws-form","10":"member-discount","11":"discount-restricted","13":"first","14":"instock","15":"sale","16":"downloadable","17":"virtual","18":"sold-individually","19":"purchasable","20":"product-type-simple"},"_links":{"self":[{"href":"https:\/\/gpl-love.com\/es\/wp-json\/wp\/v2\/product\/170625","targetHints":{"allow":["GET"]}}],"collection":[{"href":"https:\/\/gpl-love.com\/es\/wp-json\/wp\/v2\/product"}],"about":[{"href":"https:\/\/gpl-love.com\/es\/wp-json\/wp\/v2\/types\/product"}],"replies":[{"embeddable":true,"href":"https:\/\/gpl-love.com\/es\/wp-json\/wp\/v2\/comments?post=170625"}],"wp:attachment":[{"href":"https:\/\/gpl-love.com\/es\/wp-json\/wp\/v2\/media?parent=170625"}],"wp:term":[{"taxonomy":"product_brand","embeddable":true,"href":"https:\/\/gpl-love.com\/es\/wp-json\/wp\/v2\/product_brand?post=170625"},{"taxonomy":"product_cat","embeddable":true,"href":"https:\/\/gpl-love.com\/es\/wp-json\/wp\/v2\/product_cat?post=170625"},{"taxonomy":"product_tag","embeddable":true,"href":"https:\/\/gpl-love.com\/es\/wp-json\/wp\/v2\/product_tag?post=170625"}],"curies":[{"name":"wp","href":"https:\/\/api.w.org\/{rel}","templated":true}]}}