{"id":170622,"date":"2025-11-04T00:00:00","date_gmt":"2025-11-04T05:00:00","guid":{"rendered":"https:\/\/gpl-love.com\/es\/producto\/ws-form-pro-amazon-s3\/"},"modified":"2026-04-17T23:17:29","modified_gmt":"2026-04-18T04:17:29","slug":"ws-form-pro-amazon-s3","status":"publish","type":"product","link":"https:\/\/gpl-love.com\/es\/producto\/ws-form-pro-amazon-s3\/","title":{"rendered":"WS Form Pro Amazon S3 1.0.2"},"content":{"rendered":"<h3>WS Form Pro Amazon S3 Caracteristicas<\/h3>\n<p>Desbloquea todo el potencial de WS Form Pro con una integraci\u00f3n perfecta con Amazon S3, dise\u00f1ada para optimizar la gesti\u00f3n y el almacenamiento de archivos. Descubre c\u00f3mo usar WS Form Pro con Amazon S3 mediante una gu\u00eda de configuraci\u00f3n intuitiva que simplifica cada paso. Esta potente integraci\u00f3n permite subir archivos sin esfuerzo y ofrece soluciones de almacenamiento optimizadas, mejorando la productividad y garantizando la seguridad de los datos.<\/p>\n<p>Explora las ventajas de la integraci\u00f3n de WS Form Pro con Amazon S3, incluyendo una gesti\u00f3n eficiente de datos y una menor carga del servidor. Un completo tutorial de carga de archivos te gu\u00eda paso a paso, facilitando el inicio. Explora los pasos de configuraci\u00f3n de WS Form Pro con Amazon S3 para adaptar la experiencia a tus necesidades espec\u00edficas y garantizar una configuraci\u00f3n personalizada.<\/p>\n<p>El plugin de WS Form Pro para Amazon S3 incluye opciones avanzadas para optimizar el rendimiento, convirti\u00e9ndolo en una herramienta indispensable para empresas de todos los tama\u00f1os. Si surge alg\u00fan problema, los consejos de soluci\u00f3n de problemas de WS Form Pro para Amazon S3 ofrecen soluciones r\u00e1pidas para una experiencia fluida.<\/p>\n<p>Esta integraci\u00f3n est\u00e1 dise\u00f1ada para quienes buscan una soluci\u00f3n de almacenamiento fiable y escalable. Ya sea para subir archivos grandes o gestionar grandes cantidades de datos, WS Form Pro es la soluci\u00f3n ideal.<\/p>\n<ul>\n<li>Integraci\u00f3n perfecta con Amazon S3 para un almacenamiento seguro de archivos<\/li>\n<li>Carga de archivos sin esfuerzo directamente a Amazon S3 desde formularios<\/li>\n<li>Protecci\u00f3n de datos mejorada con la s\u00f3lida seguridad de AWS<\/li>\n<li>Admite la carga de archivos grandes sin afectar el rendimiento del sitio<\/li>\n<li>Opciones de configuraci\u00f3n flexibles para rutas de almacenamiento personalizadas<\/li>\n<li>Eliminaci\u00f3n autom\u00e1tica de archivos del servidor despu\u00e9s de la carga<\/li>\n<li>Compatible con m\u00faltiples tipos y tama\u00f1os de archivos<\/li>\n<li>Configuraci\u00f3n sencilla con documentaci\u00f3n detallada<\/li>\n<li>Optimizado para transferencias de archivos r\u00e1pidas y confiables<\/li>\n<li>Ideal para empresas que necesitan soluciones de almacenamiento en la nube escalables<\/li>\n<\/ul>\n","protected":false},"excerpt":{"rendered":"<p>Descubra c\u00f3mo WS Form Pro transforma la gesti\u00f3n de sus archivos con una integraci\u00f3n perfecta con Amazon S3. Aprenda a usar WS Form Pro con Amazon S3 de forma eficaz mediante una gu\u00eda de configuraci\u00f3n sencilla que destaca las ventajas de esta potente colaboraci\u00f3n. El tutorial de carga de archivos de WS Form Pro con Amazon S3 simplifica los pasos de configuraci\u00f3n y ofrece una soluci\u00f3n de almacenamiento robusta, ideal para optimizar la eficiencia. Explore las funciones del plugin que mejoran la funcionalidad y utilice los consejos para la resoluci\u00f3n de problemas y garantizar un funcionamiento sin interrupciones. Mejore su experiencia digital integrando WS Form Pro con Amazon S3 y libere todo el potencial de una gesti\u00f3n de datos optimizada.<\/p>\n","protected":false},"featured_media":0,"comment_status":"open","ping_status":"open","template":"","meta":[],"product_brand":[2785],"product_cat":[1216,1206,1211],"product_tag":[2786],"class_list":{"0":"post-170622","1":"product","2":"type-product","3":"status-publish","5":"product_brand-ws-form","6":"product_cat-formas","7":"product_cat-plugins","8":"product_cat-wordpress-plugins","9":"product_tag-ws-form","10":"member-discount","11":"discount-restricted","13":"first","14":"instock","15":"sale","16":"downloadable","17":"virtual","18":"sold-individually","19":"purchasable","20":"product-type-simple"},"_links":{"self":[{"href":"https:\/\/gpl-love.com\/es\/wp-json\/wp\/v2\/product\/170622","targetHints":{"allow":["GET"]}}],"collection":[{"href":"https:\/\/gpl-love.com\/es\/wp-json\/wp\/v2\/product"}],"about":[{"href":"https:\/\/gpl-love.com\/es\/wp-json\/wp\/v2\/types\/product"}],"replies":[{"embeddable":true,"href":"https:\/\/gpl-love.com\/es\/wp-json\/wp\/v2\/comments?post=170622"}],"wp:attachment":[{"href":"https:\/\/gpl-love.com\/es\/wp-json\/wp\/v2\/media?parent=170622"}],"wp:term":[{"taxonomy":"product_brand","embeddable":true,"href":"https:\/\/gpl-love.com\/es\/wp-json\/wp\/v2\/product_brand?post=170622"},{"taxonomy":"product_cat","embeddable":true,"href":"https:\/\/gpl-love.com\/es\/wp-json\/wp\/v2\/product_cat?post=170622"},{"taxonomy":"product_tag","embeddable":true,"href":"https:\/\/gpl-love.com\/es\/wp-json\/wp\/v2\/product_tag?post=170622"}],"curies":[{"name":"wp","href":"https:\/\/api.w.org\/{rel}","templated":true}]}}