{"id":170619,"date":"2025-11-04T00:00:00","date_gmt":"2025-11-04T05:00:00","guid":{"rendered":"https:\/\/gpl-love.com\/es\/producto\/ws-form-pro-bento\/"},"modified":"2026-03-31T17:17:04","modified_gmt":"2026-03-31T22:17:04","slug":"ws-form-pro-bento","status":"publish","type":"product","link":"https:\/\/gpl-love.com\/es\/producto\/ws-form-pro-bento\/","title":{"rendered":"WS Form Pro Bento 1.0.3"},"content":{"rendered":"<h3>WS Form Pro Bento Caracteristicas<\/h3>\n<p>\u00bfBuscas simplificar la creaci\u00f3n de formularios en WordPress? Descubre WS Form Pro Bento, una herramienta intuitiva dise\u00f1ada para optimizar tu flujo de trabajo. Un completo tutorial te guiar\u00e1 en su configuraci\u00f3n, para que puedas empezar a usarlo r\u00e1pidamente. \u00bfQuieres saber m\u00e1s sobre los precios de WS Form Pro Bento? Encuentra opciones de compra flexibles que se adaptan a diferentes necesidades y presupuestos.<\/p>\n<p>Explora las numerosas funciones de WS Form Pro Bento, incluyendo campos y plantillas personalizadas, que te permiten crear formularios a medida. Un v\u00eddeo de demostraci\u00f3n muestra su funcionalidad en acci\u00f3n, mientras que la gu\u00eda de configuraci\u00f3n te explica la instalaci\u00f3n y la configuraci\u00f3n inicial. Para quienes deseen profundizar, las funciones avanzadas de WS Form Pro Bento ofrecen potentes capacidades para mejorar el rendimiento de tus formularios.<\/p>\n<p>Comparar WS Form Pro Bento con la competencia pone de manifiesto sus opciones de integraci\u00f3n superiores y su interfaz intuitiva. La gu\u00eda de usuario y los recursos de soporte y ayuda de WS Form Pro Bento te brindan asistencia continua, garantizando un funcionamiento sin problemas. Las rese\u00f1as de los usuarios elogian constantemente su eficiencia y adaptabilidad. \u00a1Desarrolla WS Form Pro Bento para WordPress hoy mismo!<\/p>\n<ul>\n<li>Creador de formularios avanzado con funci\u00f3n de arrastrar y soltar para una f\u00e1cil personalizaci\u00f3n.<\/li>\n<li>Dise\u00f1o adaptable a dispositivos m\u00f3viles que garantiza que los formularios se vean perfectos en cualquier dispositivo.<\/li>\n<li>L\u00f3gica condicional para crear formularios din\u00e1micos e interactivos.<\/li>\n<li>Integraci\u00f3n con servicios populares de terceros como Zapier y Mailchimp.<\/li>\n<li>Plantillas de formulario predise\u00f1adas para una configuraci\u00f3n e implementaci\u00f3n r\u00e1pidas.<\/li>\n<li>Formularios de varias p\u00e1ginas y barras de progreso para una mejor experiencia de usuario.<\/li>\n<li>Compatibilidad con la carga de archivos y adjuntos para una recopilaci\u00f3n de datos completa.<\/li>\n<li>An\u00e1lisis integrado para monitorizar el rendimiento de los formularios y la interacci\u00f3n del usuario.<\/li>\n<li>Funciones de accesibilidad para garantizar el cumplimiento y la inclusi\u00f3n.<\/li>\n<li>F\u00e1cil de usar para desarrolladores, con numerosos hooks y filtros para soluciones personalizadas.<\/li>\n<\/ul>\n","protected":false},"excerpt":{"rendered":"<p>Descubre la soluci\u00f3n definitiva para crear formularios con WS Form Pro Bento para WordPress, dise\u00f1ada para optimizar tus formularios online con facilidad y precisi\u00f3n. Explora las funciones de WS Form Pro Bento, incluyendo campos personalizados y opciones de integraci\u00f3n que mejoran la funcionalidad de tu sitio web. Si necesitas una gu\u00eda de configuraci\u00f3n de WS Form Pro Bento o consejos sobre las mejores pr\u00e1cticas, encontrar\u00e1s soporte y ayuda completos al alcance de tu mano. Compara WS Form Pro Bento con la competencia para descubrir por qu\u00e9 es la opci\u00f3n preferida por sus funciones avanzadas y plantillas f\u00e1ciles de usar. Mira el v\u00eddeo de demostraci\u00f3n de WS Form Pro Bento para comprobar sus capacidades y lee las rese\u00f1as para saber c\u00f3mo transforma los formularios digitales. Consulta los precios y las opciones de compra de WS Form Pro Bento para empezar hoy mismo.<\/p>\n","protected":false},"featured_media":0,"comment_status":"open","ping_status":"open","template":"","meta":[],"product_brand":[2785],"product_cat":[1216,1206,1211],"product_tag":[2786],"class_list":{"0":"post-170619","1":"product","2":"type-product","3":"status-publish","5":"product_brand-ws-form","6":"product_cat-formas","7":"product_cat-plugins","8":"product_cat-wordpress-plugins","9":"product_tag-ws-form","10":"member-discount","11":"discount-restricted","13":"first","14":"instock","15":"sale","16":"downloadable","17":"virtual","18":"sold-individually","19":"purchasable","20":"product-type-simple"},"_links":{"self":[{"href":"https:\/\/gpl-love.com\/es\/wp-json\/wp\/v2\/product\/170619","targetHints":{"allow":["GET"]}}],"collection":[{"href":"https:\/\/gpl-love.com\/es\/wp-json\/wp\/v2\/product"}],"about":[{"href":"https:\/\/gpl-love.com\/es\/wp-json\/wp\/v2\/types\/product"}],"replies":[{"embeddable":true,"href":"https:\/\/gpl-love.com\/es\/wp-json\/wp\/v2\/comments?post=170619"}],"wp:attachment":[{"href":"https:\/\/gpl-love.com\/es\/wp-json\/wp\/v2\/media?parent=170619"}],"wp:term":[{"taxonomy":"product_brand","embeddable":true,"href":"https:\/\/gpl-love.com\/es\/wp-json\/wp\/v2\/product_brand?post=170619"},{"taxonomy":"product_cat","embeddable":true,"href":"https:\/\/gpl-love.com\/es\/wp-json\/wp\/v2\/product_cat?post=170619"},{"taxonomy":"product_tag","embeddable":true,"href":"https:\/\/gpl-love.com\/es\/wp-json\/wp\/v2\/product_tag?post=170619"}],"curies":[{"name":"wp","href":"https:\/\/api.w.org\/{rel}","templated":true}]}}