{"id":170602,"date":"2026-03-20T00:00:00","date_gmt":"2026-03-20T05:00:00","guid":{"rendered":"https:\/\/gpl-love.com\/es\/producto\/paid-memberships-pro-import-users-from-csv\/"},"modified":"2026-03-20T17:18:06","modified_gmt":"2026-03-20T22:18:06","slug":"paid-memberships-pro-import-users-from-csv","status":"publish","type":"product","link":"https:\/\/gpl-love.com\/es\/producto\/paid-memberships-pro-import-users-from-csv\/","title":{"rendered":"Paid Memberships Pro Import Users from CSV 1.2.1"},"content":{"rendered":"<h3>Paid Memberships Pro Import Users from CSV Caracteristicas<\/h3>\n<p>Gestiona f\u00e1cilmente las membres\u00edas con la funci\u00f3n de importaci\u00f3n CSV de Paid Memberships Pro. Tanto si empiezas desde cero como si migras desde otra plataforma, la herramienta de importaci\u00f3n de usuarios de Paid Memberships Pro est\u00e1 dise\u00f1ada para simplificar el proceso de a\u00f1adir usuarios. Importa usuarios desde un archivo CSV a Paid Memberships Pro sin problemas, lo que permite transiciones fluidas y una gesti\u00f3n eficiente de las membres\u00edas.<\/p>\n<p>\u00bfQuieres saber c\u00f3mo importar usuarios a Paid Memberships Pro? Sigue la sencilla gu\u00eda de importaci\u00f3n de usuarios para subir un archivo CSV y disfrutar de una experiencia sin complicaciones. La funci\u00f3n de importaci\u00f3n masiva de usuarios de Paid Memberships Pro admite grandes conjuntos de datos, lo que la hace perfecta para organizaciones que buscan escalar r\u00e1pidamente.<\/p>\n<p>Las instrucciones detalladas del tutorial de importaci\u00f3n CSV de Paid Memberships Pro te gu\u00edan paso a paso, desde la preparaci\u00f3n del archivo CSV hasta la finalizaci\u00f3n de la importaci\u00f3n. Este m\u00e9todo tambi\u00e9n resulta invaluable para importar nuevos usuarios a Paid Memberships Pro, lo que permite una r\u00e1pida expansi\u00f3n de las membres\u00edas.<\/p>\n<p>Con la importaci\u00f3n de membres\u00edas desde CSV de Paid Memberships Pro, gestionar los datos de los usuarios nunca ha sido tan f\u00e1cil. Esta herramienta permite una migraci\u00f3n de usuarios eficiente, transformando el proceso de migraci\u00f3n de usuarios a la membres\u00eda de pago.<\/p>\n<ul>\n<li>Importaci\u00f3n fluida de datos de usuario desde archivos CSV<\/li>\n<li>Admite el registro y las actualizaciones masivas de usuarios<\/li>\n<li>Mapeo de campos personalizable para una transferencia de datos precisa<\/li>\n<li>Compatible con una amplia gama de formatos CSV<\/li>\n<li>Gesti\u00f3n eficiente de grandes conjuntos de datos para un procesamiento r\u00e1pido<\/li>\n<li>Notificaciones autom\u00e1ticas por correo electr\u00f3nico a los usuarios importados<\/li>\n<li>Opci\u00f3n para asignar niveles de membres\u00eda durante la importaci\u00f3n<\/li>\n<li>Registro detallado para el seguimiento de las actividades de importaci\u00f3n<\/li>\n<li>Interfaz intuitiva para un funcionamiento sencillo<\/li>\n<li>Ideal para migrar usuarios a Membres\u00edas de Pago Pro<\/li>\n<\/ul>\n","protected":false},"excerpt":{"rendered":"<p>Gestiona tu sitio de membres\u00eda sin esfuerzo con la herramienta de importaci\u00f3n de usuarios desde CSV de Paid Memberships Pro. Esta potente funci\u00f3n simplifica el proceso de importaci\u00f3n de usuarios a Paid Memberships Pro, permitiendo una importaci\u00f3n masiva sin problemas. Aprende a importar usuarios a Paid Memberships Pro r\u00e1pidamente con la completa gu\u00eda de importaci\u00f3n de usuarios de Paid Memberships Pro. El intuitivo tutorial de importaci\u00f3n de usuarios desde CSV de Paid Memberships Pro te gu\u00eda paso a paso para a\u00f1adir usuarios a Paid Memberships Pro mediante CSV, garantizando una transici\u00f3n fluida. Migra usuarios a Paid Memberships Pro con CSV en tan solo unos clics, aprovechando la herramienta de importaci\u00f3n de usuarios de Paid Memberships Pro. \u00a1Descubre hoy mismo la eficiencia de la importaci\u00f3n de membres\u00edas desde CSV de Paid Memberships Pro!<\/p>\n","protected":false},"featured_media":0,"comment_status":"open","ping_status":"open","template":"","meta":[],"product_brand":[2524],"product_cat":[1212,1206,1211],"product_tag":[2255],"class_list":{"0":"post-170602","1":"product","2":"type-product","3":"status-publish","5":"product_brand-paid-memberships-pro","6":"product_cat-administracion-wordpress-plugins","7":"product_cat-plugins","8":"product_cat-wordpress-plugins","9":"product_tag-paid-memberships-pro","10":"member-discount","11":"discount-restricted","13":"first","14":"instock","15":"sale","16":"downloadable","17":"virtual","18":"sold-individually","19":"purchasable","20":"product-type-simple"},"_links":{"self":[{"href":"https:\/\/gpl-love.com\/es\/wp-json\/wp\/v2\/product\/170602","targetHints":{"allow":["GET"]}}],"collection":[{"href":"https:\/\/gpl-love.com\/es\/wp-json\/wp\/v2\/product"}],"about":[{"href":"https:\/\/gpl-love.com\/es\/wp-json\/wp\/v2\/types\/product"}],"replies":[{"embeddable":true,"href":"https:\/\/gpl-love.com\/es\/wp-json\/wp\/v2\/comments?post=170602"}],"wp:attachment":[{"href":"https:\/\/gpl-love.com\/es\/wp-json\/wp\/v2\/media?parent=170602"}],"wp:term":[{"taxonomy":"product_brand","embeddable":true,"href":"https:\/\/gpl-love.com\/es\/wp-json\/wp\/v2\/product_brand?post=170602"},{"taxonomy":"product_cat","embeddable":true,"href":"https:\/\/gpl-love.com\/es\/wp-json\/wp\/v2\/product_cat?post=170602"},{"taxonomy":"product_tag","embeddable":true,"href":"https:\/\/gpl-love.com\/es\/wp-json\/wp\/v2\/product_tag?post=170602"}],"curies":[{"name":"wp","href":"https:\/\/api.w.org\/{rel}","templated":true}]}}