{"id":170578,"date":"2026-03-16T00:00:00","date_gmt":"2026-03-16T05:00:00","guid":{"rendered":"https:\/\/gpl-love.com\/es\/producto\/wpsubscription-pro\/"},"modified":"2026-04-05T17:16:51","modified_gmt":"2026-04-05T22:16:51","slug":"wpsubscription-pro","status":"publish","type":"product","link":"https:\/\/gpl-love.com\/es\/producto\/wpsubscription-pro\/","title":{"rendered":"WPSubscription Pro 1.16.2"},"content":{"rendered":"<h3>WPSubscription Pro Caracteristicas<\/h3>\n<p>Desbloquea todo el potencial de los sitios de membres\u00eda con WPSubscription Pro, una de las mejores opciones entre los plugins de suscripci\u00f3n para WordPress. Consultar rese\u00f1as de WPSubscription Pro te permitir\u00e1 descubrir por qu\u00e9 destaca frente a la competencia. Si est\u00e1s listo para comprar el plugin WPSubscription Pro, es fundamental conocer su precio y los c\u00f3digos de descuento disponibles.<\/p>\n<p>Comenzar es muy sencillo gracias a la completa gu\u00eda de configuraci\u00f3n de WPSubscription Pro, que garantiza una integraci\u00f3n perfecta con los sistemas existentes. Ya sea que tu objetivo sea impulsar una plataforma de comercio electr\u00f3nico o gestionar un sitio de membres\u00eda, este plugin ofrece funciones robustas dise\u00f1adas para mejorar la experiencia del usuario.<\/p>\n<p>Usar WPSubscription Pro es muy f\u00e1cil gracias a un tutorial intuitivo que te gu\u00eda paso a paso. Los nuevos usuarios tambi\u00e9n pueden aprovechar la prueba gratuita de WPSubscription Pro para experimentar sus beneficios de primera mano.<\/p>\n<p>El soporte al cliente de WPSubscription Pro es reconocido por su rapidez de respuesta, lo que garantiza que cualquier problema se resuelva con prontitud. Los comentarios de los usuarios de WPSubscription Pro destacan con frecuencia su facilidad de uso y su eficacia.<\/p>\n<ul>\n<li>Integraci\u00f3n perfecta con sitios WordPress populares<\/li>\n<li>Facturaci\u00f3n recurrente automatizada para pagos sin complicaciones<\/li>\n<li>Planes de suscripci\u00f3n flexibles y personalizables seg\u00fan las necesidades<\/li>\n<li>Panel de control intuitivo para una gesti\u00f3n sencilla de los suscriptores<\/li>\n<li>An\u00e1lisis integrado para el seguimiento del crecimiento de las suscripciones y los ingresos<\/li>\n<li>Procesamiento de pagos seguro con m\u00faltiples opciones de pasarela de pago<\/li>\n<li>Interfaz f\u00e1cil de usar tanto para los propietarios del sitio como para los suscriptores<\/li>\n<li>Notificaciones por correo electr\u00f3nico para actualizaciones y renovaciones de suscripci\u00f3n<\/li>\n<li>Compatible con los principales plugins para una funcionalidad mejorada<\/li>\n<li>Actualizaciones y soporte regulares para un rendimiento \u00f3ptimo<\/li>\n<\/ul>\n","protected":false},"excerpt":{"rendered":"<p>Descubre la soluci\u00f3n definitiva para gestionar suscripciones con WPSubscription Pro, un plugin l\u00edder para WordPress dise\u00f1ado para una integraci\u00f3n perfecta y una gran facilidad de uso. Tanto si buscas opiniones sobre WPSubscription Pro como si est\u00e1s pensando en comprarlo, este plugin destaca por su precio competitivo y sus potentes funciones. Aprende a usar WPSubscription Pro con tutoriales completos y gu\u00edas de configuraci\u00f3n dise\u00f1adas para el \u00e9xito en el comercio electr\u00f3nico. Compara WPSubscription Pro con la competencia y descubre por qu\u00e9 se encuentra entre los mejores plugins de suscripci\u00f3n para WordPress. Disfruta de una atenci\u00f3n al cliente excepcional y aprovecha la prueba gratuita o el c\u00f3digo de descuento de WPSubscription Pro para experimentar una gesti\u00f3n de suscripciones sin igual. Los comentarios de los usuarios resaltan su dise\u00f1o intuitivo y sus potentes capacidades.<\/p>\n","protected":false},"featured_media":0,"comment_status":"open","ping_status":"open","template":"","meta":[],"product_brand":[2783],"product_cat":[1214,1206,1211],"product_tag":[2784],"class_list":{"0":"post-170578","1":"product","2":"type-product","3":"status-publish","5":"product_brand-converswp","6":"product_cat-personalizacion","7":"product_cat-plugins","8":"product_cat-wordpress-plugins","9":"product_tag-converswp","10":"member-discount","11":"discount-restricted","13":"first","14":"instock","15":"sale","16":"downloadable","17":"virtual","18":"sold-individually","19":"purchasable","20":"product-type-simple"},"_links":{"self":[{"href":"https:\/\/gpl-love.com\/es\/wp-json\/wp\/v2\/product\/170578","targetHints":{"allow":["GET"]}}],"collection":[{"href":"https:\/\/gpl-love.com\/es\/wp-json\/wp\/v2\/product"}],"about":[{"href":"https:\/\/gpl-love.com\/es\/wp-json\/wp\/v2\/types\/product"}],"replies":[{"embeddable":true,"href":"https:\/\/gpl-love.com\/es\/wp-json\/wp\/v2\/comments?post=170578"}],"wp:attachment":[{"href":"https:\/\/gpl-love.com\/es\/wp-json\/wp\/v2\/media?parent=170578"}],"wp:term":[{"taxonomy":"product_brand","embeddable":true,"href":"https:\/\/gpl-love.com\/es\/wp-json\/wp\/v2\/product_brand?post=170578"},{"taxonomy":"product_cat","embeddable":true,"href":"https:\/\/gpl-love.com\/es\/wp-json\/wp\/v2\/product_cat?post=170578"},{"taxonomy":"product_tag","embeddable":true,"href":"https:\/\/gpl-love.com\/es\/wp-json\/wp\/v2\/product_tag?post=170578"}],"curies":[{"name":"wp","href":"https:\/\/api.w.org\/{rel}","templated":true}]}}