{"id":170575,"date":"2025-10-24T00:00:00","date_gmt":"2025-10-24T05:00:00","guid":{"rendered":"https:\/\/gpl-love.com\/es\/producto\/wpml-contact-form-7\/"},"modified":"2026-04-17T23:17:21","modified_gmt":"2026-04-18T04:17:21","slug":"wpml-contact-form-7","status":"publish","type":"product","link":"https:\/\/gpl-love.com\/es\/producto\/wpml-contact-form-7\/","title":{"rendered":"WPML Contact Form 7 1.3.3"},"content":{"rendered":"<h3>WPML Contact Form 7 Caracteristicas<\/h3>\n<p>Navegar por el mundo de los sitios web multiling\u00fces puede ser un desaf\u00edo, especialmente a la hora de crear experiencias de usuario fluidas. Para quienes buscan integrar Contact Form 7 con WPML, una gu\u00eda completa es esencial. Descubra c\u00f3mo usar WPML con Contact Form 7 para garantizar que los formularios sean accesibles en varios idiomas. La gu\u00eda de integraci\u00f3n de WPML para Contact Form 7 ofrece instrucciones paso a paso para configurar WPML para Contact Form 7, de modo que los usuarios puedan traducir f\u00e1cilmente los formularios de Contact Form 7 con WPML.<\/p>\n<p>Configurar un formulario multiling\u00fce de WPML para Contact Form 7 es sencillo con los consejos adecuados. Aprenda sobre el selector de idioma de WPML para Contact Form 7, que ofrece a los usuarios una forma intuitiva de seleccionar su idioma preferido. Este plugin de formulario de contacto compatible con WPML ofrece la mejor experiencia de formulario de contacto multiling\u00fce, asegurando que cada mensaje se entienda con claridad.<\/p>\n<p>Mejore la accesibilidad de su sitio con consejos de traducci\u00f3n para WPML y Contact Form 7, dise\u00f1ados para que el proceso de traducci\u00f3n sea fluido y eficiente. Disfrute de la compatibilidad con la traducci\u00f3n de WPML para Contact Form 7.<\/p>\n<ul>\n<li>Integraci\u00f3n perfecta con Contact Form 7 para formularios multiling\u00fces.<\/li>\n<li>Traducci\u00f3n sencilla de campos y mensajes de formulario.<\/li>\n<li>Compatible con varios idiomas para mejorar la experiencia del usuario.<\/li>\n<li>Configuraci\u00f3n f\u00e1cil sin necesidad de conocimientos de programaci\u00f3n complejos.<\/li>\n<li>Admite formularios espec\u00edficos para cada idioma y permite llegar a p\u00fablicos diversos.<\/li>\n<li>Detecci\u00f3n autom\u00e1tica de la preferencia de idioma del usuario para una interacci\u00f3n personalizada.<\/li>\n<li>Simplifica la gesti\u00f3n de traducciones con una interfaz intuitiva.<\/li>\n<li>Garantiza una funcionalidad uniforme del formulario en todos los idiomas compatibles.<\/li>\n<li>Compatible con WPML para una experiencia de sitio web multiling\u00fce unificada.<\/li>\n<li>Actualizaciones peri\u00f3dicas para mejorar la seguridad y a\u00f1adir nuevas funciones.<\/li>\n<\/ul>\n","protected":false},"excerpt":{"rendered":"<p>Desbloquea una comunicaci\u00f3n multiling\u00fce fluida con la completa gu\u00eda de integraci\u00f3n de WPML para Contact Form 7. Descubre c\u00f3mo usar WPML con Contact Form 7 para una configuraci\u00f3n multiling\u00fce eficiente, traduciendo formularios sin esfuerzo gracias a las potentes herramientas de WPML. Este plugin de formulario de contacto compatible con WPML est\u00e1 dise\u00f1ado para una configuraci\u00f3n sencilla y cuenta con un selector de idioma vers\u00e1til, lo que garantiza una comunicaci\u00f3n impecable en todos los idiomas. Obt\u00e9n informaci\u00f3n valiosa con consejos pr\u00e1cticos sobre la traducci\u00f3n de WPML y Contact Form 7, y logra la mejor experiencia de formulario de contacto multiling\u00fce. Ampl\u00eda el alcance global de tu sitio web con la compatibilidad de WPML con la traducci\u00f3n de Contact Form 7, que ofrece una funcionalidad inigualable para diversas necesidades ling\u00fc\u00edsticas.<\/p>\n","protected":false},"featured_media":0,"comment_status":"open","ping_status":"open","template":"","meta":[],"product_brand":[2353],"product_cat":[1214,1206,1211],"product_tag":[1451],"class_list":{"0":"post-170575","1":"product","2":"type-product","3":"status-publish","5":"product_brand-wpml","6":"product_cat-personalizacion","7":"product_cat-plugins","8":"product_cat-wordpress-plugins","9":"product_tag-wpml","10":"member-discount","11":"discount-restricted","13":"first","14":"instock","15":"sale","16":"downloadable","17":"virtual","18":"sold-individually","19":"purchasable","20":"product-type-simple"},"_links":{"self":[{"href":"https:\/\/gpl-love.com\/es\/wp-json\/wp\/v2\/product\/170575","targetHints":{"allow":["GET"]}}],"collection":[{"href":"https:\/\/gpl-love.com\/es\/wp-json\/wp\/v2\/product"}],"about":[{"href":"https:\/\/gpl-love.com\/es\/wp-json\/wp\/v2\/types\/product"}],"replies":[{"embeddable":true,"href":"https:\/\/gpl-love.com\/es\/wp-json\/wp\/v2\/comments?post=170575"}],"wp:attachment":[{"href":"https:\/\/gpl-love.com\/es\/wp-json\/wp\/v2\/media?parent=170575"}],"wp:term":[{"taxonomy":"product_brand","embeddable":true,"href":"https:\/\/gpl-love.com\/es\/wp-json\/wp\/v2\/product_brand?post=170575"},{"taxonomy":"product_cat","embeddable":true,"href":"https:\/\/gpl-love.com\/es\/wp-json\/wp\/v2\/product_cat?post=170575"},{"taxonomy":"product_tag","embeddable":true,"href":"https:\/\/gpl-love.com\/es\/wp-json\/wp\/v2\/product_tag?post=170575"}],"curies":[{"name":"wp","href":"https:\/\/api.w.org\/{rel}","templated":true}]}}