{"id":170568,"date":"2025-10-24T00:00:00","date_gmt":"2025-10-24T05:00:00","guid":{"rendered":"https:\/\/gpl-love.com\/es\/producto\/tile-max-tile-and-flooring-wp-theme\/"},"modified":"2026-05-10T17:17:03","modified_gmt":"2026-05-10T22:17:03","slug":"tile-max-tile-and-flooring-wp-theme","status":"publish","type":"product","link":"https:\/\/gpl-love.com\/es\/producto\/tile-max-tile-and-flooring-wp-theme\/","title":{"rendered":"Tile Max Tile y Flooring WP Theme 3.8"},"content":{"rendered":"<h3>Tile Max Tile y Flooring WP Theme Caracteristicas<\/h3>\n<p>Transforma cualquier sitio web de azulejos y suelos con el tema Tile Max para WordPress, una de las mejores opciones entre los temas de WordPress para este sector. Este tema es perfecto para tiendas de azulejos, sitios web de construcci\u00f3n, dise\u00f1adores de interiores y empresas de reformas del hogar. Con Tile Max, crea impresionantes portafolios de dise\u00f1o y muestra tus proyectos sin esfuerzo.<\/p>\n<p>El tema Tile Max para WordPress cuenta con un dise\u00f1o adaptable, lo que garantiza una experiencia fluida en todos los dispositivos. Sus opciones de personalizaci\u00f3n facilitan la adaptaci\u00f3n de la apariencia a las necesidades de cada negocio. La instalaci\u00f3n del tema Tile Max es sencilla y el soporte est\u00e1 disponible para cualquier consulta.<\/p>\n<p>El tema Tile Max, con integraci\u00f3n con WooCommerce, permite transacciones online fluidas, lo que lo hace ideal para empresas que buscan expandir su alcance. La optimizaci\u00f3n SEO est\u00e1 integrada, lo que ayuda a que los sitios web se posicionen mejor en los resultados de b\u00fasqueda.<\/p>\n<p>Explora la demo del tema Tile Max para WordPress y descubre sus capacidades. Los testimonios de los clientes elogian la versatilidad y la facilidad de uso del tema. Su precio ofrece una excelente relaci\u00f3n calidad-precio, convirti\u00e9ndolo en una inversi\u00f3n inteligente.<\/p>\n<ul>\n<li>Dise\u00f1o adaptable para una visualizaci\u00f3n perfecta en todos los dispositivos.<\/li>\n<li>Creador de p\u00e1ginas intuitivo con funci\u00f3n de arrastrar y soltar.<\/li>\n<li>Plantillas predise\u00f1adas para empresas de azulejos y suelos.<\/li>\n<li>Compatibilidad con WooCommerce para la integraci\u00f3n de ventas online.<\/li>\n<li>Opciones de personalizaci\u00f3n avanzadas con vista previa en tiempo real.<\/li>\n<li>Estructura optimizada para SEO que mejora la visibilidad en buscadores.<\/li>\n<li>Alta velocidad de carga para una mejor experiencia de usuario.<\/li>\n<li>Compatible con plugins populares para una funcionalidad ampliada.<\/li>\n<li>Actualizaciones peri\u00f3dicas y soporte t\u00e9cnico especializado para su tranquilidad.<\/li>\n<li>Soporte multiling\u00fce para llegar a un p\u00fablico global.<\/li>\n<\/ul>\n","protected":false},"excerpt":{"rendered":"<p>Descubre Tile Max, el tema de WordPress para azulejos y suelos, una opci\u00f3n ideal para tiendas de azulejos, sitios web de construcci\u00f3n y dise\u00f1adores de interiores. Este tema ofrece una personalizaci\u00f3n sencilla y un dise\u00f1o adaptable, garantizando una presencia online impactante. Con funciones como la integraci\u00f3n con WooCommerce, Tile Max es perfecto para empresas de reformas y contratistas que buscan mostrar su trabajo. Su optimizaci\u00f3n SEO mejora la visibilidad, mientras que la demo y la gu\u00eda de instalaci\u00f3n simplifican la configuraci\u00f3n. Tanto si dise\u00f1as portafolios como si buscas rese\u00f1as y testimonios de clientes, Tile Max ofrece soporte integral y precios competitivos, convirti\u00e9ndolo en el mejor tema de WordPress para proyectos de azulejos y suelos.<\/p>\n","protected":false},"featured_media":0,"comment_status":"open","ping_status":"open","template":"","meta":[],"product_brand":[2337],"product_cat":[1307,1237,1238],"product_tag":[1391],"class_list":{"0":"post-170568","1":"product","2":"type-product","3":"status-publish","5":"product_brand-themeforest","6":"product_cat-negocio-wordpress-temas","7":"product_cat-temas","8":"product_cat-wordpress-temas","9":"product_tag-themeforest","10":"member-discount","11":"discount-restricted","13":"first","14":"instock","15":"sale","16":"downloadable","17":"virtual","18":"sold-individually","19":"purchasable","20":"product-type-simple"},"_links":{"self":[{"href":"https:\/\/gpl-love.com\/es\/wp-json\/wp\/v2\/product\/170568","targetHints":{"allow":["GET"]}}],"collection":[{"href":"https:\/\/gpl-love.com\/es\/wp-json\/wp\/v2\/product"}],"about":[{"href":"https:\/\/gpl-love.com\/es\/wp-json\/wp\/v2\/types\/product"}],"replies":[{"embeddable":true,"href":"https:\/\/gpl-love.com\/es\/wp-json\/wp\/v2\/comments?post=170568"}],"wp:attachment":[{"href":"https:\/\/gpl-love.com\/es\/wp-json\/wp\/v2\/media?parent=170568"}],"wp:term":[{"taxonomy":"product_brand","embeddable":true,"href":"https:\/\/gpl-love.com\/es\/wp-json\/wp\/v2\/product_brand?post=170568"},{"taxonomy":"product_cat","embeddable":true,"href":"https:\/\/gpl-love.com\/es\/wp-json\/wp\/v2\/product_cat?post=170568"},{"taxonomy":"product_tag","embeddable":true,"href":"https:\/\/gpl-love.com\/es\/wp-json\/wp\/v2\/product_tag?post=170568"}],"curies":[{"name":"wp","href":"https:\/\/api.w.org\/{rel}","templated":true}]}}