{"id":170565,"date":"2025-11-14T00:00:00","date_gmt":"2025-11-14T05:00:00","guid":{"rendered":"https:\/\/gpl-love.com\/es\/producto\/pressroom-news-and-magazine-wordpress-theme\/"},"modified":"2026-03-13T17:40:19","modified_gmt":"2026-03-13T22:40:19","slug":"pressroom-news-and-magazine-wordpress-theme","status":"publish","type":"product","link":"https:\/\/gpl-love.com\/es\/producto\/pressroom-news-and-magazine-wordpress-theme\/","title":{"rendered":"Pressroom News y Magazine WordPress Theme 7.3"},"content":{"rendered":"<h3>Pressroom News y Magazine WordPress Theme Caracteristicas<\/h3>\n<p>Descubre el tema de WordPress Pressroom para noticias y revistas, la soluci\u00f3n definitiva para crear un sitio web de noticias din\u00e1mico o una publicaci\u00f3n digital. Conocido como el mejor tema de WordPress para sitios de noticias online, combina un dise\u00f1o moderno con potentes funciones para garantizar una experiencia de usuario impecable. Su dise\u00f1o adaptable se ajusta perfectamente a cualquier dispositivo, convirti\u00e9ndolo en uno de los temas de WordPress para revistas mejor valorados tanto por blogueros como por editores.<\/p>\n<p>Este tema de WordPress optimizado para SEO est\u00e1 dise\u00f1ado espec\u00edficamente para aumentar la visibilidad de tu sitio en los motores de b\u00fasqueda. Con opciones personalizables, el tema Pressroom ofrece una variedad de dise\u00f1os de noticias ideales para sitios web de prensa. El espacio publicitario integrado permite la monetizaci\u00f3n, mientras que la compatibilidad con comercio electr\u00f3nico facilita la integraci\u00f3n de ventas online.<\/p>\n<p>Disfruta de tiempos de carga r\u00e1pidos que mejoran tanto la experiencia del usuario como el rendimiento SEO. La integraci\u00f3n con redes sociales fomenta la interacci\u00f3n y la difusi\u00f3n, ampliando tu alcance. Dise\u00f1ado para ser f\u00e1cil de usar, este tema de WordPress estilo revista es perfecto tanto para quienes se inician en la creaci\u00f3n de sitios web como para desarrolladores experimentados. Eleva tu blog de noticias con el tema Pressroom: donde el estilo se une a la perfecci\u00f3n.<\/p>\n<ul>\n<li>Dise\u00f1o totalmente adaptable para una visualizaci\u00f3n perfecta en cualquier dispositivo.<\/li>\n<li>Creador de p\u00e1ginas intuitivo con funci\u00f3n de arrastrar y soltar para una personalizaci\u00f3n sencilla.<\/li>\n<li>M\u00faltiples dise\u00f1os de p\u00e1gina de inicio adaptados a sitios de noticias y revistas.<\/li>\n<li>Optimizado para SEO para mejorar la visibilidad en buscadores.<\/li>\n<li>Opciones integradas para compartir en redes sociales y aumentar la interacci\u00f3n.<\/li>\n<li>Esquemas de color y tipograf\u00eda personalizables para una imagen de marca \u00fanica.<\/li>\n<li>Panel de opciones de tema avanzado para una gesti\u00f3n intuitiva del sitio.<\/li>\n<li>Compatible con plugins populares como WooCommerce y WPML.<\/li>\n<li>Tiempos de carga r\u00e1pidos para una mejor experiencia de usuario.<\/li>\n<li>Actualizaciones peri\u00f3dicas y soporte t\u00e9cnico especializado para su tranquilidad.<\/li>\n<\/ul>\n","protected":false},"excerpt":{"rendered":"<p>Descubre Pressroom, el tema de WordPress para noticias y revistas, la soluci\u00f3n definitiva para editores digitales que buscan un dise\u00f1o moderno adaptado a blogs de noticias. Como el mejor tema de WordPress para sitios web de noticias, Pressroom ofrece una experiencia adaptable y personalizable, ideal para blogueros y salas de prensa. Este tema de alta calificaci\u00f3n cuenta con diversas opciones de dise\u00f1o para noticias e integraci\u00f3n perfecta con redes sociales. Gracias a su carga r\u00e1pida y su estructura optimizada para SEO, mejora la visibilidad y la interacci\u00f3n. El tema tambi\u00e9n es compatible con comercio electr\u00f3nico, incluye espacio publicitario para monetizaci\u00f3n y es incre\u00edblemente f\u00e1cil de usar. Eleva tu publicaci\u00f3n digital con Pressroom, el tema de WordPress estilo revista dise\u00f1ado para contar historias de forma din\u00e1mica.<\/p>\n","protected":false},"featured_media":0,"comment_status":"open","ping_status":"open","template":"","meta":[],"product_brand":[2337],"product_cat":[1245,1237,1238],"product_tag":[1391],"class_list":{"0":"post-170565","1":"product","2":"type-product","3":"status-publish","5":"product_brand-themeforest","6":"product_cat-blog-revista","7":"product_cat-temas","8":"product_cat-wordpress-temas","9":"product_tag-themeforest","10":"member-discount","11":"discount-restricted","13":"first","14":"instock","15":"sale","16":"downloadable","17":"virtual","18":"sold-individually","19":"purchasable","20":"product-type-simple"},"_links":{"self":[{"href":"https:\/\/gpl-love.com\/es\/wp-json\/wp\/v2\/product\/170565","targetHints":{"allow":["GET"]}}],"collection":[{"href":"https:\/\/gpl-love.com\/es\/wp-json\/wp\/v2\/product"}],"about":[{"href":"https:\/\/gpl-love.com\/es\/wp-json\/wp\/v2\/types\/product"}],"replies":[{"embeddable":true,"href":"https:\/\/gpl-love.com\/es\/wp-json\/wp\/v2\/comments?post=170565"}],"wp:attachment":[{"href":"https:\/\/gpl-love.com\/es\/wp-json\/wp\/v2\/media?parent=170565"}],"wp:term":[{"taxonomy":"product_brand","embeddable":true,"href":"https:\/\/gpl-love.com\/es\/wp-json\/wp\/v2\/product_brand?post=170565"},{"taxonomy":"product_cat","embeddable":true,"href":"https:\/\/gpl-love.com\/es\/wp-json\/wp\/v2\/product_cat?post=170565"},{"taxonomy":"product_tag","embeddable":true,"href":"https:\/\/gpl-love.com\/es\/wp-json\/wp\/v2\/product_tag?post=170565"}],"curies":[{"name":"wp","href":"https:\/\/api.w.org\/{rel}","templated":true}]}}