{"id":170562,"date":"2025-10-24T00:00:00","date_gmt":"2025-10-24T05:00:00","guid":{"rendered":"https:\/\/gpl-love.com\/es\/producto\/zensure-insurance-agent-gutenverse-fse-wp-theme\/"},"modified":"2026-03-27T23:17:06","modified_gmt":"2026-03-28T04:17:06","slug":"zensure-insurance-agent-gutenverse-fse-wp-theme","status":"publish","type":"product","link":"https:\/\/gpl-love.com\/es\/producto\/zensure-insurance-agent-gutenverse-fse-wp-theme\/","title":{"rendered":"Zensure Insurance Agent Gutenverse FSE WP Theme 1.0.0"},"content":{"rendered":"<h3>Zensure Insurance Agent Gutenverse FSE WP Theme Caracteristicas<\/h3>\n<p>Descubre el tema Zensure Insurance Agent para WordPress, una opci\u00f3n ideal para crear sitios web de seguros profesionales con facilidad. Dise\u00f1ado espec\u00edficamente para agentes de seguros, este tema ofrece una integraci\u00f3n perfecta con plugins, garantizando una experiencia personalizable y repleta de funciones. El tema Zensure Gutenverse FSE para WordPress destaca por sus funciones premium y opciones de personalizaci\u00f3n intuitivas, perfectas para crear una presencia online atractiva.<\/p>\n<p>Configurar el tema Zensure para WordPress es muy sencillo gracias a su completa gu\u00eda de configuraci\u00f3n, que facilita enormemente la instalaci\u00f3n. Explora el sitio de demostraci\u00f3n para ver las mejores caracter\u00edsticas del tema Zensure Gutenverse en acci\u00f3n. Desde consejos de optimizaci\u00f3n SEO hasta opciones de personalizaci\u00f3n avanzadas, este tema se adapta tanto a principiantes como a desarrolladores experimentados.<\/p>\n<p>Los comentarios de los usuarios destacan el excepcional soporte y las actualizaciones peri\u00f3dicas del tema, que mantienen tu sitio seguro y actualizado. Con precios y planes competitivos, es f\u00e1cil entender por qu\u00e9 el tema Zensure Insurance Agent es el preferido frente a la competencia. Ya sea para el sitio web de una agencia o para un negocio de seguros individual, el tema Zensure proporciona una base s\u00f3lida y fiable.<\/p>\n<p>Consulta las opiniones de los clientes y<\/p>\n<ul>\n<li>Tema totalmente personalizable dise\u00f1ado para agencias de seguros.<\/li>\n<li>Integraci\u00f3n perfecta con los plugins m\u00e1s populares de WordPress.<\/li>\n<li>Dise\u00f1o adaptable para una visualizaci\u00f3n \u00f3ptima en todos los dispositivos.<\/li>\n<li>Optimizaci\u00f3n SEO integrada para una mayor visibilidad en buscadores.<\/li>\n<li>Interfaz intuitiva con funci\u00f3n de arrastrar y soltar.<\/li>\n<li>Plantillas predise\u00f1adas para una configuraci\u00f3n r\u00e1pida y sencilla.<\/li>\n<li>Opciones tipogr\u00e1ficas avanzadas para una apariencia profesional.<\/li>\n<li>Soporte multiling\u00fce para llegar a un p\u00fablico m\u00e1s amplio.<\/li>\n<li>Actualizaciones peri\u00f3dicas que garantizan la compatibilidad y la seguridad.<\/li>\n<li>Documentaci\u00f3n completa y atenci\u00f3n al cliente.<\/li>\n<\/ul>\n","protected":false},"excerpt":{"rendered":"<p>Descubre el tema Zensure Insurance Agent Gutenverse FSE para WordPress, una soluci\u00f3n de primera categor\u00eda dise\u00f1ada para agentes de seguros que buscan una s\u00f3lida presencia online. Este tema ofrece una personalizaci\u00f3n sencilla con el framework Gutenverse, garantizando una configuraci\u00f3n intuitiva para sitios web de seguros. Explora las mejores caracter\u00edsticas del tema Zensure Gutenverse, dise\u00f1adas para mejorar la experiencia del usuario y optimizar el SEO. Con gu\u00edas de configuraci\u00f3n detalladas y soporte especializado, integrar plugins esenciales es muy f\u00e1cil. Compara el tema Zensure Insurance Agent con la competencia para descubrir sus ventajas \u00fanicas. Consulta los planes de precios, las funciones premium y las opiniones de usuarios reales para tomar decisiones informadas. \u00a1Impulsa el sitio web de tu agencia con Zensure hoy mismo!<\/p>\n","protected":false},"featured_media":0,"comment_status":"open","ping_status":"open","template":"","meta":[],"product_brand":[2337],"product_cat":[1307,1237,1238],"product_tag":[1391],"class_list":{"0":"post-170562","1":"product","2":"type-product","3":"status-publish","5":"product_brand-themeforest","6":"product_cat-negocio-wordpress-temas","7":"product_cat-temas","8":"product_cat-wordpress-temas","9":"product_tag-themeforest","10":"member-discount","11":"discount-restricted","13":"first","14":"instock","15":"sale","16":"downloadable","17":"virtual","18":"sold-individually","19":"purchasable","20":"product-type-simple"},"_links":{"self":[{"href":"https:\/\/gpl-love.com\/es\/wp-json\/wp\/v2\/product\/170562","targetHints":{"allow":["GET"]}}],"collection":[{"href":"https:\/\/gpl-love.com\/es\/wp-json\/wp\/v2\/product"}],"about":[{"href":"https:\/\/gpl-love.com\/es\/wp-json\/wp\/v2\/types\/product"}],"replies":[{"embeddable":true,"href":"https:\/\/gpl-love.com\/es\/wp-json\/wp\/v2\/comments?post=170562"}],"wp:attachment":[{"href":"https:\/\/gpl-love.com\/es\/wp-json\/wp\/v2\/media?parent=170562"}],"wp:term":[{"taxonomy":"product_brand","embeddable":true,"href":"https:\/\/gpl-love.com\/es\/wp-json\/wp\/v2\/product_brand?post=170562"},{"taxonomy":"product_cat","embeddable":true,"href":"https:\/\/gpl-love.com\/es\/wp-json\/wp\/v2\/product_cat?post=170562"},{"taxonomy":"product_tag","embeddable":true,"href":"https:\/\/gpl-love.com\/es\/wp-json\/wp\/v2\/product_tag?post=170562"}],"curies":[{"name":"wp","href":"https:\/\/api.w.org\/{rel}","templated":true}]}}