{"id":170560,"date":"2025-10-24T00:00:00","date_gmt":"2025-10-24T05:00:00","guid":{"rendered":"https:\/\/gpl-love.com\/es\/producto\/meetco-event-and-conference-wordpress-theme\/"},"modified":"2026-04-17T23:17:10","modified_gmt":"2026-04-18T04:17:10","slug":"meetco-event-and-conference-wordpress-theme","status":"publish","type":"product","link":"https:\/\/gpl-love.com\/es\/producto\/meetco-event-and-conference-wordpress-theme\/","title":{"rendered":"Meetco Event y Conference WordPress Theme 1.0.0"},"content":{"rendered":"<h3>Meetco Event y Conference WordPress Theme Caracteristicas<\/h3>\n<p>Descubre el tema de WordPress Meetco para eventos y conferencias, una soluci\u00f3n revolucionaria para organizadores que buscan el mejor tema de WordPress para conferencias y eventos. Perfectamente dise\u00f1ado para seminarios, talleres y ferias comerciales, Meetco ofrece una experiencia fluida gracias a su interfaz intuitiva. Este tema personalizable para WordPress permite crear sitios web profesionales para eventos sin esfuerzo.<\/p>\n<p>Meetco destaca como un tema de WordPress asequible para eventos, ideal tanto para reuniones virtuales como presenciales. Su dise\u00f1o optimizado para SEO garantiza la m\u00e1xima visibilidad, mientras que la funci\u00f3n de confirmaci\u00f3n de asistencia simplifica la gesti\u00f3n de los asistentes. Planificar una conferencia o gestionar la venta de entradas es muy sencillo con las herramientas intuitivas de Meetco.<\/p>\n<p>Crear un sitio web para un evento con Meetco es muy f\u00e1cil gracias a sus completas funciones dise\u00f1adas para la gesti\u00f3n de eventos. Ya sea que se trate de eventos virtuales, conferencias o reuniones profesionales, este tema lo cubre todo. El tema de WordPress Meetco para seminarios y talleres se adapta a eventos de cualquier tama\u00f1o, garantizando una presencia online impecable.<\/p>\n<p>Adquirir el tema de WordPress Meetco para conferencias significa invertir en una soluci\u00f3n fiable que<\/p>\n<ul>\n<li>Integraci\u00f3n perfecta con los plugins de gesti\u00f3n de eventos m\u00e1s populares.<\/li>\n<li>Dise\u00f1os personalizables adaptados a conferencias y eventos.<\/li>\n<li>Dise\u00f1o adaptable para una visualizaci\u00f3n \u00f3ptima en todos los dispositivos.<\/li>\n<li>Creador de horarios integrado para una planificaci\u00f3n de eventos sencilla.<\/li>\n<li>Funciones de gesti\u00f3n de perfiles de ponentes y sesiones.<\/li>\n<li>Compatibilidad con sistemas de venta de entradas y registro.<\/li>\n<li>Estructura optimizada para SEO para mejorar la visibilidad online.<\/li>\n<li>Preparado para la traducci\u00f3n y compatible con audiencias multiling\u00fces.<\/li>\n<li>Panel de opciones de tema avanzado para una personalizaci\u00f3n sin esfuerzo.<\/li>\n<li>Documentaci\u00f3n completa y atenci\u00f3n al cliente especializada.<\/li>\n<\/ul>\n","protected":false},"excerpt":{"rendered":"<p>Libera todo el potencial de la gesti\u00f3n de eventos con el tema de WordPress Meetco para eventos y conferencias, la mejor opci\u00f3n para organizadores que buscan el tema ideal para conferencias y eventos. Este tema personalizable ofrece una amplia gama de funciones dise\u00f1adas para una gesti\u00f3n de eventos impecable. Su dise\u00f1o optimizado para SEO garantiza la m\u00e1xima visibilidad online, mientras que su interfaz intuitiva lo hace perfecto para seminarios, talleres y ferias comerciales. Ideal para eventos y conferencias virtuales, Meetco incluye una funci\u00f3n de confirmaci\u00f3n de asistencia y permite la venta de entradas. Crea sitios web profesionales para eventos de forma sencilla y asequible. Descubre hoy mismo c\u00f3mo crear un sitio web para tu evento con Meetco.<\/p>\n","protected":false},"featured_media":0,"comment_status":"open","ping_status":"open","template":"","meta":[],"product_brand":[2337],"product_cat":[1307,1237,1238],"product_tag":[1391],"class_list":{"0":"post-170560","1":"product","2":"type-product","3":"status-publish","5":"product_brand-themeforest","6":"product_cat-negocio-wordpress-temas","7":"product_cat-temas","8":"product_cat-wordpress-temas","9":"product_tag-themeforest","10":"member-discount","11":"discount-restricted","13":"first","14":"instock","15":"sale","16":"downloadable","17":"virtual","18":"sold-individually","19":"purchasable","20":"product-type-simple"},"_links":{"self":[{"href":"https:\/\/gpl-love.com\/es\/wp-json\/wp\/v2\/product\/170560","targetHints":{"allow":["GET"]}}],"collection":[{"href":"https:\/\/gpl-love.com\/es\/wp-json\/wp\/v2\/product"}],"about":[{"href":"https:\/\/gpl-love.com\/es\/wp-json\/wp\/v2\/types\/product"}],"replies":[{"embeddable":true,"href":"https:\/\/gpl-love.com\/es\/wp-json\/wp\/v2\/comments?post=170560"}],"wp:attachment":[{"href":"https:\/\/gpl-love.com\/es\/wp-json\/wp\/v2\/media?parent=170560"}],"wp:term":[{"taxonomy":"product_brand","embeddable":true,"href":"https:\/\/gpl-love.com\/es\/wp-json\/wp\/v2\/product_brand?post=170560"},{"taxonomy":"product_cat","embeddable":true,"href":"https:\/\/gpl-love.com\/es\/wp-json\/wp\/v2\/product_cat?post=170560"},{"taxonomy":"product_tag","embeddable":true,"href":"https:\/\/gpl-love.com\/es\/wp-json\/wp\/v2\/product_tag?post=170560"}],"curies":[{"name":"wp","href":"https:\/\/api.w.org\/{rel}","templated":true}]}}