{"id":170555,"date":"2025-10-24T00:00:00","date_gmt":"2025-10-24T05:00:00","guid":{"rendered":"https:\/\/gpl-love.com\/es\/producto\/woocommerce-custom-thank-you-pages-6\/"},"modified":"2026-03-21T17:16:47","modified_gmt":"2026-03-21T22:16:47","slug":"woocommerce-custom-thank-you-pages-6","status":"publish","type":"product","link":"https:\/\/gpl-love.com\/es\/producto\/woocommerce-custom-thank-you-pages-6\/","title":{"rendered":"Bargain Bot 2.0.7"},"content":{"rendered":"<h3>Bargain Bot Caracteristicas<\/h3>\n<p>Descubre una forma m\u00e1s inteligente de comprar con Bargain Bot, el asistente de compras definitivo dise\u00f1ado para quienes buscan ahorrar. Esta app es famosa por encontrar las mejores ofertas, garantizando que cada compra sea una victoria. \u00bfTienes curiosidad por saber c\u00f3mo funciona Bargain Bot? Es sencillo: esta intuitiva herramienta de comparaci\u00f3n de precios escanea innumerables tiendas online, destacando los precios m\u00e1s bajos disponibles. Ya sea que busques descuentos o cupones, destaca como un excelente buscador de ofertas y cupones.<\/p>\n<p>Recibe alertas de descuentos puntuales para no perderte ninguna gran oferta. La app Bargain Bot para compradores ofrece una gu\u00eda de compras online repleta de funciones y ventajas f\u00e1ciles de usar, convirti\u00e9ndola en un recurso invaluable para ahorrar dinero. \u00bfTe preguntas c\u00f3mo se compara con otras apps de compras? Los testimonios de usuarios y las rese\u00f1as y calificaciones de Bargain Bot elogian constantemente su eficiencia y confiabilidad.<\/p>\n<p>Bargain Bot es m\u00e1s que una simple herramienta de compras; es una tabla de salvaci\u00f3n para quienes est\u00e1n decididos a sacar el m\u00e1ximo provecho de cada d\u00f3lar. Gracias a su perfecta integraci\u00f3n en los h\u00e1bitos de compra diarios,<\/p>\n<ul>\n<li>Seguimiento autom\u00e1tico de precios para compras online<\/li>\n<li>Alertas en tiempo real sobre bajadas de precio y descuentos<\/li>\n<li>Interfaz intuitiva para una navegaci\u00f3n sencilla<\/li>\n<li>Filtros de b\u00fasqueda personalizables para encontrar productos espec\u00edficos<\/li>\n<li>Compatibilidad con una amplia gama de plataformas de comercio electr\u00f3nico<\/li>\n<li>Gesti\u00f3n segura y privada de datos<\/li>\n<li>Ahorra tiempo y dinero con recomendaciones inteligentes<\/li>\n<li>Aplicaci\u00f3n m\u00f3vil para acceder desde cualquier lugar<\/li>\n<li>Algoritmos avanzados para predicciones de precios precisas<\/li>\n<li>Comparte f\u00e1cilmente ofertas con amigos y familiares<\/li>\n<\/ul>\n","protected":false},"excerpt":{"rendered":"<p>Descubre el compa\u00f1ero de compras definitivo con Bargain Bot, el innovador asistente de compras dise\u00f1ado para compradores que buscan ahorrar. Encuentra f\u00e1cilmente las mejores ofertas con esta avanzada herramienta de comparaci\u00f3n de precios. \u00bfTe preguntas c\u00f3mo funciona Bargain Bot? Escanea miles de tiendas para encontrar los \u00faltimos descuentos y cupones, asegur\u00e1ndote que nunca te pierdas una oferta. La intuitiva aplicaci\u00f3n de Bargain Bot para compradores te ofrece alertas de descuento en tiempo real, mientras que una completa gu\u00eda de compras en l\u00ednea mejora tu experiencia. Explora los testimonios y rese\u00f1as de los usuarios para ver c\u00f3mo Bargain Bot supera a otras aplicaciones de compras. Ahorra sin esfuerzo con Bargain Bot, el buscador de cupones de confianza para compradores inteligentes.<\/p>\n","protected":false},"featured_media":0,"comment_status":"open","ping_status":"open","template":"","meta":[],"product_brand":[2339],"product_cat":[1214,1206,1211],"product_tag":[1256],"class_list":{"0":"post-170555","1":"product","2":"type-product","3":"status-publish","5":"product_brand-codecanyon","6":"product_cat-personalizacion","7":"product_cat-plugins","8":"product_cat-wordpress-plugins","9":"product_tag-codecanyon","10":"member-discount","11":"discount-restricted","13":"first","14":"instock","15":"sale","16":"downloadable","17":"virtual","18":"sold-individually","19":"purchasable","20":"product-type-simple"},"_links":{"self":[{"href":"https:\/\/gpl-love.com\/es\/wp-json\/wp\/v2\/product\/170555","targetHints":{"allow":["GET"]}}],"collection":[{"href":"https:\/\/gpl-love.com\/es\/wp-json\/wp\/v2\/product"}],"about":[{"href":"https:\/\/gpl-love.com\/es\/wp-json\/wp\/v2\/types\/product"}],"replies":[{"embeddable":true,"href":"https:\/\/gpl-love.com\/es\/wp-json\/wp\/v2\/comments?post=170555"}],"wp:attachment":[{"href":"https:\/\/gpl-love.com\/es\/wp-json\/wp\/v2\/media?parent=170555"}],"wp:term":[{"taxonomy":"product_brand","embeddable":true,"href":"https:\/\/gpl-love.com\/es\/wp-json\/wp\/v2\/product_brand?post=170555"},{"taxonomy":"product_cat","embeddable":true,"href":"https:\/\/gpl-love.com\/es\/wp-json\/wp\/v2\/product_cat?post=170555"},{"taxonomy":"product_tag","embeddable":true,"href":"https:\/\/gpl-love.com\/es\/wp-json\/wp\/v2\/product_tag?post=170555"}],"curies":[{"name":"wp","href":"https:\/\/api.w.org\/{rel}","templated":true}]}}