{"id":170553,"date":"2026-03-04T00:00:00","date_gmt":"2026-03-04T05:00:00","guid":{"rendered":"https:\/\/gpl-love.com\/es\/producto\/woocommerce-custom-thank-you-pages-4\/"},"modified":"2026-04-10T11:34:46","modified_gmt":"2026-04-10T16:34:46","slug":"woocommerce-custom-thank-you-pages-4","status":"publish","type":"product","link":"https:\/\/gpl-love.com\/es\/producto\/woocommerce-custom-thank-you-pages-4\/","title":{"rendered":"WooCommerce Product Filters 2.0.8"},"content":{"rendered":"<h3>WooCommerce Product Filters Caracteristicas<\/h3>\n<p>Transforma la experiencia de compra de tu tienda online con el plugin WooCommerce Product Filters. Reconocido como uno de los mejores filtros de WooCommerce para productos, esta herramienta ofrece a los clientes una forma sencilla de encontrar exactamente lo que buscan. \u00bfTienes curiosidad por saber c\u00f3mo usar los filtros de productos de WooCommerce? Un completo tutorial y gu\u00eda de configuraci\u00f3n facilitan el proceso, incluso para principiantes.<\/p>\n<p>Estos filtros avanzados permiten buscar productos por categor\u00eda, precio y m\u00e1s, lo que los hace ideales para cualquier plataforma de comercio electr\u00f3nico. La integraci\u00f3n de la tecnolog\u00eda Ajax garantiza que los filtros de productos de WooCommerce funcionen en tiempo real, proporcionando una navegaci\u00f3n fluida sin recargas de p\u00e1gina. Mejora la experiencia del usuario con opciones de personalizaci\u00f3n, incluyendo muestras de color, lo que lo hace perfecto para grandes inventarios y tiendas optimizadas para m\u00f3viles.<\/p>\n<p>Disponible como plugin gratuito, estos filtros no solo mejoran la experiencia del usuario, sino que tambi\u00e9n tienen el potencial de aumentar significativamente las ventas. La configuraci\u00f3n es r\u00e1pida y, con la integraci\u00f3n de los filtros de productos de WooCommerce, la tienda online est\u00e1 lista para gestionar cualquier consulta de los clientes. Ya sea que est\u00e9s creando una tienda nueva o no.<\/p>\n<ul>\n<li>Opciones de filtro f\u00e1cilmente personalizables para una integraci\u00f3n perfecta en cualquier tienda WooCommerce.<\/li>\n<li>Compatible con una amplia gama de filtros, incluyendo precio, categor\u00eda, atributos y etiquetas.<\/li>\n<li>Interfaz intuitiva para configurar y gestionar filtros sin necesidad de conocimientos t\u00e9cnicos.<\/li>\n<li>Filtrado con tecnolog\u00eda AJAX para obtener resultados r\u00e1pidos y en tiempo real sin recargar la p\u00e1gina.<\/li>\n<li>Dise\u00f1o adaptable a m\u00f3viles que garantiza la compatibilidad con todos los dispositivos.<\/li>\n<li>L\u00f3gica de filtrado avanzada con condiciones AND\/OR para b\u00fasquedas de productos precisas.<\/li>\n<li>Arquitectura optimizada para SEO que mejora la visibilidad y el posicionamiento en buscadores.<\/li>\n<li>Compatibilidad con temas y plugins populares de WooCommerce.<\/li>\n<li>Soporte multiling\u00fce para un alcance global con integraci\u00f3n en WPML y otros plugins de traducci\u00f3n.<\/li>\n<li>Actualizaciones peri\u00f3dicas y soporte t\u00e9cnico especializado para un rendimiento y seguridad \u00f3ptimos.<\/li>\n<\/ul>\n","protected":false},"excerpt":{"rendered":"<p>Transforma tu experiencia de comercio electr\u00f3nico con el plugin WooCommerce Product Filters, la soluci\u00f3n definitiva para mejorar la usabilidad de tu tienda online. Como uno de los mejores filtros de WooCommerce para productos, ofrece a los usuarios opciones intuitivas para utilizarlos eficazmente. Este completo tutorial y gu\u00eda de configuraci\u00f3n de WooCommerce Product Filters proporciona una integraci\u00f3n perfecta con tu tienda, incluyendo funciones avanzadas como filtros por categor\u00eda, precio y muestras de color. Ideal para grandes inventarios, el plugin ofrece opciones de personalizaci\u00f3n que mejoran la experiencia del usuario y aumentan las ventas. Disfruta de una experiencia optimizada para m\u00f3viles con WooCommerce Product Filters con Ajax, disponible para descarga gratuita.<\/p>\n","protected":false},"featured_media":0,"comment_status":"open","ping_status":"open","template":"","meta":[],"product_brand":[2422],"product_cat":[1207,1248,1206],"product_tag":[1660],"class_list":{"0":"post-170553","1":"product","2":"type-product","3":"status-publish","5":"product_brand-barn2","6":"product_cat-comercio-electronico-plugins","7":"product_cat-personalizacion-comercio-electronico-plugins","8":"product_cat-plugins","9":"product_tag-barn2","10":"member-discount","11":"discount-restricted","13":"first","14":"instock","15":"sale","16":"downloadable","17":"virtual","18":"sold-individually","19":"purchasable","20":"product-type-simple"},"_links":{"self":[{"href":"https:\/\/gpl-love.com\/es\/wp-json\/wp\/v2\/product\/170553","targetHints":{"allow":["GET"]}}],"collection":[{"href":"https:\/\/gpl-love.com\/es\/wp-json\/wp\/v2\/product"}],"about":[{"href":"https:\/\/gpl-love.com\/es\/wp-json\/wp\/v2\/types\/product"}],"replies":[{"embeddable":true,"href":"https:\/\/gpl-love.com\/es\/wp-json\/wp\/v2\/comments?post=170553"}],"wp:attachment":[{"href":"https:\/\/gpl-love.com\/es\/wp-json\/wp\/v2\/media?parent=170553"}],"wp:term":[{"taxonomy":"product_brand","embeddable":true,"href":"https:\/\/gpl-love.com\/es\/wp-json\/wp\/v2\/product_brand?post=170553"},{"taxonomy":"product_cat","embeddable":true,"href":"https:\/\/gpl-love.com\/es\/wp-json\/wp\/v2\/product_cat?post=170553"},{"taxonomy":"product_tag","embeddable":true,"href":"https:\/\/gpl-love.com\/es\/wp-json\/wp\/v2\/product_tag?post=170553"}],"curies":[{"name":"wp","href":"https:\/\/api.w.org\/{rel}","templated":true}]}}