{"id":170551,"date":"2026-03-25T00:00:00","date_gmt":"2026-03-25T05:00:00","guid":{"rendered":"https:\/\/gpl-love.com\/es\/producto\/woocommerce-custom-thank-you-pages-2\/"},"modified":"2026-04-18T17:17:33","modified_gmt":"2026-04-18T22:17:33","slug":"woocommerce-custom-thank-you-pages-2","status":"publish","type":"product","link":"https:\/\/gpl-love.com\/es\/producto\/woocommerce-custom-thank-you-pages-2\/","title":{"rendered":"Widget Options Extended 5.3.2"},"content":{"rendered":"<h3>Widget Options Extended Caracteristicas<\/h3>\n<p>\u00bfBuscas las mejores opciones de widgets extendidas? Descubre por qu\u00e9 Widget Options Extended es la mejor opci\u00f3n tanto para principiantes como para usuarios avanzados. Esta vers\u00e1til herramienta ofrece una gama de funciones que superan las opciones de widgets est\u00e1ndar, proporcionando una funcionalidad mejorada y una mayor facilidad de uso. \u00bfTienes curiosidad por la configuraci\u00f3n de Widget Options Extended? Una gu\u00eda de configuraci\u00f3n completa facilita la instalaci\u00f3n, garantizando la compatibilidad con diversos sistemas.<\/p>\n<p>Antes de decidirte, consulta una rese\u00f1a detallada y un an\u00e1lisis de rendimiento para comprender los beneficios y los consejos avanzados que ofrece esta herramienta. Las opiniones de los usuarios destacan la excelente atenci\u00f3n al cliente y los valiosos consejos para la resoluci\u00f3n de problemas, lo que la convierte en una opci\u00f3n fiable. La comparaci\u00f3n de precios muestra precios competitivos, con ofertas de descuento frecuentes. Para quienes no conocen el producto, una gu\u00eda de compra simplifica el proceso, mientras que las instrucciones de instalaci\u00f3n claras garantizan una experiencia sin complicaciones.<\/p>\n<p>Mantente al d\u00eda con las \u00faltimas actualizaciones para maximizar el rendimiento. Tanto si est\u00e1s pensando en comprar online como si buscas ayuda para usar Widget Options Extended, encontrar\u00e1s toda la informaci\u00f3n necesaria para tomar una decisi\u00f3n informada. Disfruta de la tranquilidad de saber que la asistencia de expertos est\u00e1 a solo una llamada de distancia.<\/p>\n<ul>\n<li>Configuraci\u00f3n personalizable para un uso a medida.<\/li>\n<li>Integraci\u00f3n perfecta con los sistemas existentes.<\/li>\n<li>Interfaz intuitiva para una navegaci\u00f3n sencilla.<\/li>\n<li>Rendimiento optimizado para una mayor eficiencia.<\/li>\n<li>Funciones de seguridad robustas para la protecci\u00f3n de datos.<\/li>\n<li>Soluciones escalables que se adaptan a sus necesidades.<\/li>\n<li>Soporte al cliente confiable disponible las 24 horas, los 7 d\u00edas de la semana.<\/li>\n<li>Compatibilidad multiplataforma para mayor versatilidad.<\/li>\n<li>Opciones de precios rentables.<\/li>\n<li>Actualizaciones peri\u00f3dicas para un funcionamiento \u00f3ptimo.<\/li>\n<\/ul>\n","protected":false},"excerpt":{"rendered":"<p>Descubre la m\u00e1xima personalizaci\u00f3n con Widget Options Extended, la opci\u00f3n ideal tanto para principiantes como para usuarios avanzados. Esta completa herramienta mejora tu experiencia con widgets, ofreciendo funciones que superan las opciones est\u00e1ndar. Consulta rese\u00f1as detalladas, gu\u00edas de configuraci\u00f3n y an\u00e1lisis de rendimiento para tomar decisiones informadas. Benef\u00edciate de instrucciones de instalaci\u00f3n sencillas y comprobaciones de compatibilidad para garantizar una integraci\u00f3n perfecta. Compara precios, encuentra atractivas ofertas y disfruta de una excelente atenci\u00f3n al cliente adaptada a tus necesidades. Aprende a usar Widget Options Extended de forma eficaz con consejos avanzados y soluciones a problemas. Mantente al d\u00eda con las \u00faltimas funciones y mejoras, y compra online con total confianza hoy mismo.<\/p>\n","protected":false},"featured_media":0,"comment_status":"open","ping_status":"open","template":"","meta":[],"product_brand":[2777],"product_cat":[1214,1206,1211],"product_tag":[2778],"class_list":{"0":"post-170551","1":"product","2":"type-product","3":"status-publish","5":"product_brand-widget-options-team","6":"product_cat-personalizacion","7":"product_cat-plugins","8":"product_cat-wordpress-plugins","9":"product_tag-widget-options-team","10":"member-discount","11":"discount-restricted","13":"first","14":"instock","15":"sale","16":"downloadable","17":"virtual","18":"sold-individually","19":"purchasable","20":"product-type-simple"},"_links":{"self":[{"href":"https:\/\/gpl-love.com\/es\/wp-json\/wp\/v2\/product\/170551","targetHints":{"allow":["GET"]}}],"collection":[{"href":"https:\/\/gpl-love.com\/es\/wp-json\/wp\/v2\/product"}],"about":[{"href":"https:\/\/gpl-love.com\/es\/wp-json\/wp\/v2\/types\/product"}],"replies":[{"embeddable":true,"href":"https:\/\/gpl-love.com\/es\/wp-json\/wp\/v2\/comments?post=170551"}],"wp:attachment":[{"href":"https:\/\/gpl-love.com\/es\/wp-json\/wp\/v2\/media?parent=170551"}],"wp:term":[{"taxonomy":"product_brand","embeddable":true,"href":"https:\/\/gpl-love.com\/es\/wp-json\/wp\/v2\/product_brand?post=170551"},{"taxonomy":"product_cat","embeddable":true,"href":"https:\/\/gpl-love.com\/es\/wp-json\/wp\/v2\/product_cat?post=170551"},{"taxonomy":"product_tag","embeddable":true,"href":"https:\/\/gpl-love.com\/es\/wp-json\/wp\/v2\/product_tag?post=170551"}],"curies":[{"name":"wp","href":"https:\/\/api.w.org\/{rel}","templated":true}]}}