{"id":170549,"date":"2026-01-10T00:00:00","date_gmt":"2026-01-10T05:00:00","guid":{"rendered":"https:\/\/gpl-love.com\/es\/producto\/eazydocs-pro-2\/"},"modified":"2026-03-13T17:39:40","modified_gmt":"2026-03-13T22:39:40","slug":"eazydocs-pro-2","status":"publish","type":"product","link":"https:\/\/gpl-love.com\/es\/producto\/eazydocs-pro-2\/","title":{"rendered":"EazyDocs Pro 2.9.0"},"content":{"rendered":"<h3>EazyDocs Pro Caracteristicas<\/h3>\n<p>Descubre el poder de la documentaci\u00f3n optimizada con EazyDocs Pro. Ideal para startups y peque\u00f1as empresas, esta avanzada herramienta de documentaci\u00f3n t\u00e9cnica simplifica la creaci\u00f3n de gu\u00edas de usuario y la configuraci\u00f3n de centros de ayuda. EazyDocs Pro funciona como una base de conocimientos intuitiva, ofreciendo un s\u00f3lido sistema de gesti\u00f3n de contenido que garantiza el f\u00e1cil acceso a toda la informaci\u00f3n cr\u00edtica.<\/p>\n<p>Los nuevos usuarios pueden comenzar de inmediato con el tutorial de EazyDocs Pro para principiantes, aprendiendo a usar la herramienta para la documentaci\u00f3n sin complicaciones. Gracias a su perfecta integraci\u00f3n con otras herramientas, EazyDocs Pro facilita la colaboraci\u00f3n. Explora una variedad de plantillas de documentaci\u00f3n para mantener la coherencia y seguir las mejores pr\u00e1cticas con EazyDocs Pro.<\/p>\n<p>\u00bfTienes curiosidad por los precios y las caracter\u00edsticas de EazyDocs Pro? Hay una versi\u00f3n de prueba disponible que te permite explorar sus funciones avanzadas y evaluar si se ajusta a tus necesidades espec\u00edficas. Compara EazyDocs Pro con otras herramientas de documentaci\u00f3n y descubre por qu\u00e9 destaca, con excelentes rese\u00f1as y calificaciones por su interfaz intuitiva y su completo soporte y servicio al cliente.<\/p>\n<p>Ya sea para configurar un centro de ayuda o para gestionar<\/p>\n<ul>\n<li>Gesti\u00f3n de documentos optimizada para una organizaci\u00f3n eficiente<\/li>\n<li>Interfaz intuitiva para una navegaci\u00f3n y configuraci\u00f3n sencillas<\/li>\n<li>Funci\u00f3n de b\u00fasqueda avanzada para localizar documentos r\u00e1pidamente<\/li>\n<li>Integraci\u00f3n perfecta con aplicaciones y herramientas de terceros populares<\/li>\n<li>Plantillas personalizables para la creaci\u00f3n de documentos a medida<\/li>\n<li>Almacenamiento seguro en la nube para una protecci\u00f3n de datos fiable<\/li>\n<li>Funciones de colaboraci\u00f3n en tiempo real para una mayor productividad del equipo<\/li>\n<li>Flujos de trabajo automatizados para mejorar la eficiencia operativa<\/li>\n<li>An\u00e1lisis completos para obtener informaci\u00f3n y generar informes<\/li>\n<li>Soluciones escalables para adaptarse a las necesidades crecientes de la empresa<\/li>\n<\/ul>\n","protected":false},"excerpt":{"rendered":"<p>EazyDocs Pro revoluciona la documentaci\u00f3n con una interfaz intuitiva que simplifica la creaci\u00f3n de gu\u00edas de usuario y la configuraci\u00f3n de centros de ayuda. Dise\u00f1ada para startups y peque\u00f1as empresas, esta avanzada herramienta de documentaci\u00f3n t\u00e9cnica ofrece una integraci\u00f3n perfecta con otras herramientas, lo que la hace ideal para empresas modernas. Explore las plantillas intuitivas de EazyDocs Pro para la documentaci\u00f3n y aprenda las mejores pr\u00e1cticas con un completo tutorial para principiantes. Descubra las ventajas de usar EazyDocs Pro, desde una gesti\u00f3n de contenido eficiente hasta un soporte y servicio al cliente s\u00f3lidos. Compare EazyDocs Pro con otras herramientas de documentaci\u00f3n y aproveche su versi\u00f3n de prueba para experimentar de primera mano sus funciones de vanguardia y precios competitivos.<\/p>\n","protected":false},"featured_media":0,"comment_status":"open","ping_status":"open","template":"","meta":[],"product_brand":[2775],"product_cat":[1212,1206,1211],"product_tag":[2776],"class_list":{"0":"post-170549","1":"product","2":"type-product","3":"status-publish","5":"product_brand-spider-themes","6":"product_cat-administracion-wordpress-plugins","7":"product_cat-plugins","8":"product_cat-wordpress-plugins","9":"product_tag-spider-themes","10":"member-discount","11":"discount-restricted","13":"first","14":"instock","15":"sale","16":"downloadable","17":"virtual","18":"sold-individually","19":"purchasable","20":"product-type-simple"},"_links":{"self":[{"href":"https:\/\/gpl-love.com\/es\/wp-json\/wp\/v2\/product\/170549","targetHints":{"allow":["GET"]}}],"collection":[{"href":"https:\/\/gpl-love.com\/es\/wp-json\/wp\/v2\/product"}],"about":[{"href":"https:\/\/gpl-love.com\/es\/wp-json\/wp\/v2\/types\/product"}],"replies":[{"embeddable":true,"href":"https:\/\/gpl-love.com\/es\/wp-json\/wp\/v2\/comments?post=170549"}],"wp:attachment":[{"href":"https:\/\/gpl-love.com\/es\/wp-json\/wp\/v2\/media?parent=170549"}],"wp:term":[{"taxonomy":"product_brand","embeddable":true,"href":"https:\/\/gpl-love.com\/es\/wp-json\/wp\/v2\/product_brand?post=170549"},{"taxonomy":"product_cat","embeddable":true,"href":"https:\/\/gpl-love.com\/es\/wp-json\/wp\/v2\/product_cat?post=170549"},{"taxonomy":"product_tag","embeddable":true,"href":"https:\/\/gpl-love.com\/es\/wp-json\/wp\/v2\/product_tag?post=170549"}],"curies":[{"name":"wp","href":"https:\/\/api.w.org\/{rel}","templated":true}]}}