{"id":170548,"date":"2025-10-24T00:00:00","date_gmt":"2025-10-24T05:00:00","guid":{"rendered":"https:\/\/gpl-love.com\/es\/producto\/fluentcrm-pro\/"},"modified":"2026-03-09T08:49:21","modified_gmt":"2026-03-09T13:49:21","slug":"fluentcrm-pro","status":"publish","type":"product","link":"https:\/\/gpl-love.com\/es\/producto\/fluentcrm-pro\/","title":{"rendered":"The Events Calendar Eventbrite Tickets 4.7.1"},"content":{"rendered":"<h3>The Events Calendar Eventbrite Tickets Caracteristicas<\/h3>\n<p>Presentamos FluentCRM Pro, la herramienta definitiva de automatizaci\u00f3n de email marketing para profesionales del marketing. Dise\u00f1ado para integrarse a la perfecci\u00f3n con tu sitio de WordPress, FluentCRM Pro te permite gestionar leads, automatizar campa\u00f1as de email marketing y aumentar la interacci\u00f3n sin esfuerzo. Con su interfaz intuitiva, segmentaci\u00f3n avanzada y potentes an\u00e1lisis, obtendr\u00e1s informaci\u00f3n valiosa para optimizar tu estrategia de marketing. Olv\u00eddate de los plugins engorrosos y dale la bienvenida a una mayor eficiencia. Tanto si eres una peque\u00f1a empresa como una gran corporaci\u00f3n, FluentCRM Pro es tu soluci\u00f3n ideal para impulsar las conversiones y fortalecer las relaciones con los clientes. \u00a1Descubre el futuro del email marketing con FluentCRM Pro hoy mismo! Presentamos FluentCRM Pro: \u00a1la soluci\u00f3n definitiva para una gesti\u00f3n optimizada de las relaciones con los clientes! Dise\u00f1ado para empresas que exigen eficiencia y precisi\u00f3n, FluentCRM Pro es un potente plugin de CRM con numerosas funciones, dise\u00f1ado espec\u00edficamente para usuarios de WordPress. Libera todo el potencial de tus estrategias de marketing con esta herramienta intuitiva, dise\u00f1ada para simplificar tus flujos de trabajo y mejorar la interacci\u00f3n con los clientes.<\/p>\n<p>FluentCRM Pro ofrece automatizaci\u00f3n de correo electr\u00f3nico fluida, gesti\u00f3n detallada de contactos y an\u00e1lisis exhaustivos, lo que te garantiza una ventaja competitiva. Con su interfaz intuitiva, puedes segmentar f\u00e1cilmente tu audiencia, personalizar las comunicaciones y realizar un seguimiento de las interacciones con los clientes, todo desde tu panel de WordPress.<\/p>\n<p>Actualiza a FluentCRM Pro y revoluciona la forma en que gestionas tus relaciones con los clientes. Tanto si eres propietario de una peque\u00f1a empresa como profesional del marketing digital, esta soluci\u00f3n de CRM est\u00e1 dise\u00f1ada para ahorrarte tiempo y aumentar tu productividad. Experimenta una integraci\u00f3n inigualable con los plugins m\u00e1s populares de WordPress, lo que convierte a FluentCRM Pro en el complemento perfecto para tus herramientas digitales.<\/p>\n<ul>\n<li>Automatizaci\u00f3n avanzada de email marketing<\/li>\n<li>Integraci\u00f3n perfecta con WordPress<\/li>\n<li>Segmentaci\u00f3n de contactos para campa\u00f1as dirigidas<\/li>\n<li>An\u00e1lisis e informes detallados<\/li>\n<li>Plantillas de email personalizables<\/li>\n<li>Gesti\u00f3n integral de la relaci\u00f3n con el cliente<\/li>\n<li>Flujos de trabajo automatizados para optimizar los procesos<\/li>\n<li>Gesti\u00f3n integrada de listas de email<\/li>\n<li>Integraci\u00f3n con las plataformas de comercio electr\u00f3nico m\u00e1s populares<\/li>\n<li>Gesti\u00f3n de datos conforme al RGPD<\/li>\n<\/ul>\n","protected":false},"excerpt":{"rendered":"<p>Presentamos FluentCRM Pro, la herramienta definitiva de automatizaci\u00f3n de email marketing para profesionales del marketing. Dise\u00f1ado para integrarse a la perfecci\u00f3n con tu sitio de WordPress, FluentCRM Pro te permite gestionar leads, automatizar campa\u00f1as de email marketing y aumentar la interacci\u00f3n sin esfuerzo. Con su interfaz intuitiva, segmentaci\u00f3n avanzada y potentes an\u00e1lisis, obtendr\u00e1s informaci\u00f3n valiosa para optimizar tu estrategia de marketing. Olv\u00eddate de los plugins engorrosos y dale la bienvenida a una mayor eficiencia. Tanto si eres una peque\u00f1a empresa como una gran corporaci\u00f3n, FluentCRM Pro es tu soluci\u00f3n ideal para impulsar las conversiones y fortalecer las relaciones con los clientes. \u00a1Descubre el futuro del email marketing con FluentCRM Pro hoy mismo!<\/p>\n","protected":false},"featured_media":0,"comment_status":"open","ping_status":"open","template":"","meta":[],"product_brand":[2575],"product_cat":[1214,1206,1211],"product_tag":[1551],"class_list":{"0":"post-170548","1":"product","2":"type-product","3":"status-publish","5":"product_brand-the-events-calendar","6":"product_cat-personalizacion","7":"product_cat-plugins","8":"product_cat-wordpress-plugins","9":"product_tag-the-events-calendar","10":"member-discount","11":"discount-restricted","13":"first","14":"instock","15":"sale","16":"downloadable","17":"virtual","18":"sold-individually","19":"purchasable","20":"product-type-simple"},"_links":{"self":[{"href":"https:\/\/gpl-love.com\/es\/wp-json\/wp\/v2\/product\/170548","targetHints":{"allow":["GET"]}}],"collection":[{"href":"https:\/\/gpl-love.com\/es\/wp-json\/wp\/v2\/product"}],"about":[{"href":"https:\/\/gpl-love.com\/es\/wp-json\/wp\/v2\/types\/product"}],"replies":[{"embeddable":true,"href":"https:\/\/gpl-love.com\/es\/wp-json\/wp\/v2\/comments?post=170548"}],"wp:attachment":[{"href":"https:\/\/gpl-love.com\/es\/wp-json\/wp\/v2\/media?parent=170548"}],"wp:term":[{"taxonomy":"product_brand","embeddable":true,"href":"https:\/\/gpl-love.com\/es\/wp-json\/wp\/v2\/product_brand?post=170548"},{"taxonomy":"product_cat","embeddable":true,"href":"https:\/\/gpl-love.com\/es\/wp-json\/wp\/v2\/product_cat?post=170548"},{"taxonomy":"product_tag","embeddable":true,"href":"https:\/\/gpl-love.com\/es\/wp-json\/wp\/v2\/product_tag?post=170548"}],"curies":[{"name":"wp","href":"https:\/\/api.w.org\/{rel}","templated":true}]}}