{"id":170512,"date":"2025-12-23T00:00:00","date_gmt":"2025-12-23T05:00:00","guid":{"rendered":"https:\/\/gpl-love.com\/es\/producto\/formidable-test-mode\/"},"modified":"2026-04-17T23:16:55","modified_gmt":"2026-04-18T04:16:55","slug":"formidable-test-mode","status":"publish","type":"product","link":"https:\/\/gpl-love.com\/es\/producto\/formidable-test-mode\/","title":{"rendered":"Formidable Forms ACF 1.0.4"},"content":{"rendered":"<h3>Formidable Forms ACF Caracteristicas<\/h3>\n<p>Libera todo el potencial de tu sitio WordPress con la perfecta integraci\u00f3n de Formidable Forms y ACF. Descubre c\u00f3mo usar Formidable Forms con ACF para mejorar f\u00e1cilmente la funcionalidad y el dise\u00f1o de tu sitio web. Los campos personalizados avanzados de Formidable Forms proporcionan una plataforma s\u00f3lida para crear p\u00e1ginas din\u00e1micas basadas en datos.<\/p>\n<p>Consulta la gu\u00eda de configuraci\u00f3n de Formidable Forms y ACF para obtener instrucciones paso a paso o explora el tutorial de Formidable Forms y ACF para obtener informaci\u00f3n pr\u00e1ctica. Conocer las mejores pr\u00e1cticas para Formidable Forms y ACF garantiza un rendimiento y una compatibilidad \u00f3ptimos. Ya sea que personalices ACF con Formidable Forms o explores diversos casos de uso de Formidable Forms y ACF, tendr\u00e1s la flexibilidad y la potencia a tu alcance.<\/p>\n<p>Para quienes buscan consejos de expertos, la secci\u00f3n de consejos sobre Formidable Forms y ACF ofrece valiosas recomendaciones para integrar ACF con Formidable Forms de forma eficaz. Si surgen problemas, la gu\u00eda de soluci\u00f3n de problemas de Formidable Forms y ACF es un recurso indispensable. Lee la rese\u00f1a del plugin Formidable Forms y ACF para obtener m\u00e1s informaci\u00f3n sobre sus caracter\u00edsticas y rendimiento.<\/p>\n<p>Desde la optimizaci\u00f3n del formulario<\/p>\n<ul>\n<li>Integraci\u00f3n perfecta con Advanced Custom Fields (ACF) para una gesti\u00f3n de datos optimizada.<\/li>\n<li><\/li>\n<li>Interfaz intuitiva para crear formularios complejos sin esfuerzo.<\/li>\n<li><\/li>\n<li>Campos de formulario personalizables para adaptarse a las necesidades espec\u00edficas de cada proyecto.<\/li>\n<li>L\u00f3gica condicional para un comportamiento din\u00e1mico del formulario.<\/li>\n<li>Creador de formularios intuitivo con funci\u00f3n de arrastrar y soltar.<\/li>\n<li><\/li>\n<li>Compatibilidad con diversos temas y plugins de WordPress.<\/li>\n<li>Dise\u00f1o adaptable que garantiza la visualizaci\u00f3n de los formularios en todos los dispositivos.<\/li>\n<li>Opciones avanzadas de estilo para un aspecto profesional.<\/li>\n<li>Protecci\u00f3n antispam integrada para evitar env\u00edos no deseados.<\/li>\n<li>Documentaci\u00f3n completa y soporte t\u00e9cnico para la resoluci\u00f3n de problemas y la orientaci\u00f3n.<\/li>\n<\/ul>\n","protected":false},"excerpt":{"rendered":"<p>Libera todo el potencial de tu sitio web con la perfecta integraci\u00f3n de Formidable Forms con ACF. Descubre c\u00f3mo usar Formidable Forms con ACF para mejorar la experiencia del usuario y optimizar la gesti\u00f3n de datos. Explora las mejores pr\u00e1cticas para Formidable Forms con ACF y profundiza en un tutorial completo y una gu\u00eda de configuraci\u00f3n. Benef\u00edciate de los campos personalizados avanzados de Formidable Forms, que garantizan una compatibilidad \u00f3ptima con Formidable Forms y ACF. Obt\u00e9n informaci\u00f3n valiosa de una revisi\u00f3n detallada del plugin Formidable Forms para ACF y aprende consejos \u00fatiles sobre Formidable Forms y ACF. Personaliza ACF con Formidable Forms, explora diversos casos de uso y optimiza el rendimiento. Resuelve los problemas con la ayuda de expertos en soluci\u00f3n de problemas de Formidable Forms con ACF.<\/p>\n","protected":false},"featured_media":0,"comment_status":"open","ping_status":"open","template":"","meta":[],"product_brand":[2459],"product_cat":[1214,1206,1211],"product_tag":[1509],"class_list":{"0":"post-170512","1":"product","2":"type-product","3":"status-publish","5":"product_brand-formidable","6":"product_cat-personalizacion","7":"product_cat-plugins","8":"product_cat-wordpress-plugins","9":"product_tag-formidable","10":"member-discount","11":"discount-restricted","13":"first","14":"instock","15":"sale","16":"downloadable","17":"virtual","18":"sold-individually","19":"purchasable","20":"product-type-simple"},"_links":{"self":[{"href":"https:\/\/gpl-love.com\/es\/wp-json\/wp\/v2\/product\/170512","targetHints":{"allow":["GET"]}}],"collection":[{"href":"https:\/\/gpl-love.com\/es\/wp-json\/wp\/v2\/product"}],"about":[{"href":"https:\/\/gpl-love.com\/es\/wp-json\/wp\/v2\/types\/product"}],"replies":[{"embeddable":true,"href":"https:\/\/gpl-love.com\/es\/wp-json\/wp\/v2\/comments?post=170512"}],"wp:attachment":[{"href":"https:\/\/gpl-love.com\/es\/wp-json\/wp\/v2\/media?parent=170512"}],"wp:term":[{"taxonomy":"product_brand","embeddable":true,"href":"https:\/\/gpl-love.com\/es\/wp-json\/wp\/v2\/product_brand?post=170512"},{"taxonomy":"product_cat","embeddable":true,"href":"https:\/\/gpl-love.com\/es\/wp-json\/wp\/v2\/product_cat?post=170512"},{"taxonomy":"product_tag","embeddable":true,"href":"https:\/\/gpl-love.com\/es\/wp-json\/wp\/v2\/product_tag?post=170512"}],"curies":[{"name":"wp","href":"https:\/\/api.w.org\/{rel}","templated":true}]}}