{"id":170500,"date":"2025-10-20T00:00:00","date_gmt":"2025-10-20T05:00:00","guid":{"rendered":"https:\/\/gpl-love.com\/es\/producto\/huger-mega-menu-for-elementor\/"},"modified":"2026-04-17T23:16:47","modified_gmt":"2026-04-18T04:16:47","slug":"huger-mega-menu-for-elementor","status":"publish","type":"product","link":"https:\/\/gpl-love.com\/es\/producto\/huger-mega-menu-for-elementor\/","title":{"rendered":"WhatsApp Chit Chat Plugin For WordPress 1.0.3"},"content":{"rendered":"<h3>WhatsApp Chit Chat Plugin For WordPress Caracteristicas<\/h3>\n<p>Impulsar la interacci\u00f3n con los clientes en un sitio WordPress es muy sencillo con el plugin de chat de WhatsApp. Reconocido como el mejor plugin de chat de WhatsApp para WordPress, integra el chat de WhatsApp a la perfecci\u00f3n en cualquier sitio WordPress, proporcionando una v\u00eda de comunicaci\u00f3n directa. \u00bfTe preguntas c\u00f3mo a\u00f1adir el chat de WhatsApp a WordPress? Este plugin de chat de WhatsApp ofrece un proceso de instalaci\u00f3n sencillo, garantizando que incluso los principiantes puedan empezar sin problemas.<\/p>\n<p>Mejora la atenci\u00f3n al cliente con el plugin de soporte al cliente de WhatsApp para WordPress, que transforma las interacciones con los clientes en una experiencia fluida. Con un bot\u00f3n de chat de WhatsApp personalizable para sitios WordPress, permite a los usuarios adaptar la apariencia a la est\u00e9tica de su marca. Tanto si buscas un plugin de chat de WhatsApp gratuito para WordPress como una versi\u00f3n m\u00e1s completa, hay una opci\u00f3n para cada necesidad.<\/p>\n<p>El widget de chat de WhatsApp para WordPress es una potente herramienta para interacciones en tiempo real, mientras que el plugin de contacto de WhatsApp para WordPress facilita una comunicaci\u00f3n fluida. Esta extensi\u00f3n de chat de WhatsApp para WordPress sirve como<\/p>\n<ul>\n<li>Integraci\u00f3n perfecta con WordPress para una configuraci\u00f3n y uso sencillos.<\/li>\n<li>Permite la comunicaci\u00f3n directa con los visitantes a trav\u00e9s de WhatsApp.<\/li>\n<li>Bot\u00f3n de chat personalizable para que coincida con el dise\u00f1o del sitio web.<\/li>\n<li>Admite m\u00faltiples agentes para una atenci\u00f3n al cliente eficiente.<\/li>\n<li>Notificaciones en tiempo real para no perderse ning\u00fan mensaje.<\/li>\n<li>Opci\u00f3n para configurar el horario de disponibilidad del soporte por chat.<\/li>\n<li>Interfaz optimizada para m\u00f3viles en todos los dispositivos.<\/li>\n<li>Cumple con el RGPD y ofrece opciones de privacidad para los datos del usuario.<\/li>\n<li>Panel de control intuitivo para gestionar las conversaciones.<\/li>\n<li>Aumenta la interacci\u00f3n y la conversi\u00f3n mediante el chat instant\u00e1neo.<\/li>\n<\/ul>\n","protected":false},"excerpt":{"rendered":"<p>Transforma tu sitio WordPress con el plugin de chat de WhatsApp, reconocido como el mejor plugin de chat de WhatsApp para WordPress. Integra f\u00e1cilmente el chat de WhatsApp en tu sitio para mejorar la atenci\u00f3n al cliente y la comunicaci\u00f3n. Instala f\u00e1cilmente el bot\u00f3n de chat de WhatsApp en tu sitio WordPress para interactuar en tiempo real. Esta herramienta de chat de WhatsApp personalizable permite a las empresas brindar asistencia instant\u00e1nea, convirti\u00e9ndola en un plugin ideal para el servicio de asistencia de WhatsApp. Ya sea para consultas o chat en vivo, este plugin de contacto de WhatsApp para WordPress ofrece una experiencia de usuario fluida. Perfecto para quienes buscan un plugin de chat de WhatsApp gratuito, ofrece funciones robustas para la integraci\u00f3n del chat de WhatsApp en WordPress.<\/p>\n","protected":false},"featured_media":0,"comment_status":"open","ping_status":"open","template":"","meta":[],"product_brand":[2339],"product_cat":[1206,1257,1211],"product_tag":[1256],"class_list":{"0":"post-170500","1":"product","2":"type-product","3":"status-publish","5":"product_brand-codecanyon","6":"product_cat-plugins","7":"product_cat-social","8":"product_cat-wordpress-plugins","9":"product_tag-codecanyon","10":"member-discount","11":"discount-restricted","13":"first","14":"instock","15":"sale","16":"downloadable","17":"virtual","18":"sold-individually","19":"purchasable","20":"product-type-simple"},"_links":{"self":[{"href":"https:\/\/gpl-love.com\/es\/wp-json\/wp\/v2\/product\/170500","targetHints":{"allow":["GET"]}}],"collection":[{"href":"https:\/\/gpl-love.com\/es\/wp-json\/wp\/v2\/product"}],"about":[{"href":"https:\/\/gpl-love.com\/es\/wp-json\/wp\/v2\/types\/product"}],"replies":[{"embeddable":true,"href":"https:\/\/gpl-love.com\/es\/wp-json\/wp\/v2\/comments?post=170500"}],"wp:attachment":[{"href":"https:\/\/gpl-love.com\/es\/wp-json\/wp\/v2\/media?parent=170500"}],"wp:term":[{"taxonomy":"product_brand","embeddable":true,"href":"https:\/\/gpl-love.com\/es\/wp-json\/wp\/v2\/product_brand?post=170500"},{"taxonomy":"product_cat","embeddable":true,"href":"https:\/\/gpl-love.com\/es\/wp-json\/wp\/v2\/product_cat?post=170500"},{"taxonomy":"product_tag","embeddable":true,"href":"https:\/\/gpl-love.com\/es\/wp-json\/wp\/v2\/product_tag?post=170500"}],"curies":[{"name":"wp","href":"https:\/\/api.w.org\/{rel}","templated":true}]}}