{"id":170496,"date":"2026-04-18T00:00:00","date_gmt":"2026-04-18T05:00:00","guid":{"rendered":"https:\/\/gpl-love.com\/es\/producto\/woocommerce-custom-thank-you-pages\/"},"modified":"2026-04-18T17:17:30","modified_gmt":"2026-04-18T22:17:30","slug":"woocommerce-custom-thank-you-pages","status":"publish","type":"product","link":"https:\/\/gpl-love.com\/es\/producto\/woocommerce-custom-thank-you-pages\/","title":{"rendered":"Woocommerce Spin Wheel 2.1"},"content":{"rendered":"<h3>Woocommerce Spin Wheel Caracteristicas<\/h3>\n<p>Transforma tu tienda online con el plugin de rueda de WooCommerce, la herramienta definitiva para impulsar la interacci\u00f3n y las conversiones. A\u00f1adir una rueda de WooCommerce nunca ha sido tan f\u00e1cil, ofreciendo una forma interactiva y divertida de captar correos electr\u00f3nicos e impulsar las ventas. Como la mejor herramienta de rueda de WooCommerce, se integra a la perfecci\u00f3n, ofreciendo ventanas emergentes gamificadas que atraen a los clientes con descuentos y ofertas interesantes.<\/p>\n<p>Este plugin de descuento de rueda de WooCommerce es perfecto para estrategias de intenci\u00f3n de salida, ayudando a retener a los visitantes que de otro modo se ir\u00edan. La personalizaci\u00f3n es clave, ya que permite una experiencia personalizada que se adapta a cualquier marca, y una excelente rese\u00f1a de la rueda de WooCommerce garantiza la confianza en su eficacia.<\/p>\n<p>Para quienes no saben por d\u00f3nde empezar, una completa gu\u00eda de instalaci\u00f3n y un tutorial de configuraci\u00f3n de la rueda de WooCommerce simplifican el proceso. Optimiza la rueda de WooCommerce para las conversiones y observa c\u00f3mo aumentan las ventas a medida que se convierte en una parte central de tu estrategia de marketing. Perfecta para promociones navide\u00f1as, fomenta las suscripciones a boletines informativos y mejora la interacci\u00f3n con el cliente.<\/p>\n<p>Explora la comparaci\u00f3n de funciones de la rueda de WooCommerce para encontrar la mejor.<\/p>\n<ul>\n<li>Atrae a los clientes con gamificaci\u00f3n interactiva<\/li>\n<li>Aumenta las tasas de conversi\u00f3n con ofertas atractivas<\/li>\n<li>Dise\u00f1o personalizable que se adapta a la est\u00e9tica de la marca<\/li>\n<li>Interfaz optimizada para dispositivos m\u00f3viles para una experiencia de usuario fluida<\/li>\n<li>F\u00e1cil integraci\u00f3n con tiendas WooCommerce existentes<\/li>\n<li>Configuraci\u00f3n de probabilidad ajustable para promociones personalizadas<\/li>\n<li>Recopila direcciones de correo electr\u00f3nico para campa\u00f1as de marketing<\/li>\n<li>An\u00e1lisis en tiempo real para monitorizar el rendimiento y los resultados<\/li>\n<li>Admite m\u00faltiples tipos de descuentos y premios<\/li>\n<li>Fomenta las visitas recurrentes con interacciones atractivas con los usuarios<\/li>\n<\/ul>\n","protected":false},"excerpt":{"rendered":"<p>Aprovecha al m\u00e1ximo tu tienda online con el plugin WooCommerce Spin Wheel. Descubre c\u00f3mo a\u00f1adir una ruleta en WooCommerce para captar clientes y aumentar su interacci\u00f3n. Como la mejor herramienta para WooCommerce, ofrece ventanas emergentes gamificadas y funciones de intenci\u00f3n de salida para aumentar las ventas y captar correos electr\u00f3nicos. Este plugin de descuento para WooCommerce es perfecto para la generaci\u00f3n de leads y las promociones navide\u00f1as. Personaliza la experiencia con opciones de personalizaci\u00f3n completas, optimizando la interacci\u00f3n con los clientes y las suscripciones a la newsletter. Accede a una gu\u00eda de instalaci\u00f3n detallada y un tutorial de configuraci\u00f3n, y explora consejos de experiencia de usuario para optimizar las conversiones. Optimiza tu estrategia de marketing con esta innovadora herramienta.<\/p>\n","protected":false},"featured_media":0,"comment_status":"open","ping_status":"open","template":"","meta":[],"product_brand":[2344],"product_cat":[1207,1225,1206],"product_tag":[1423],"class_list":{"0":"post-170496","1":"product","2":"type-product","3":"status-publish","5":"product_brand-woocommerce","6":"product_cat-comercio-electronico-plugins","7":"product_cat-marketing","8":"product_cat-plugins","9":"product_tag-woocommerce","10":"member-discount","11":"discount-restricted","13":"first","14":"instock","15":"sale","16":"downloadable","17":"virtual","18":"sold-individually","19":"purchasable","20":"product-type-simple"},"_links":{"self":[{"href":"https:\/\/gpl-love.com\/es\/wp-json\/wp\/v2\/product\/170496","targetHints":{"allow":["GET"]}}],"collection":[{"href":"https:\/\/gpl-love.com\/es\/wp-json\/wp\/v2\/product"}],"about":[{"href":"https:\/\/gpl-love.com\/es\/wp-json\/wp\/v2\/types\/product"}],"replies":[{"embeddable":true,"href":"https:\/\/gpl-love.com\/es\/wp-json\/wp\/v2\/comments?post=170496"}],"wp:attachment":[{"href":"https:\/\/gpl-love.com\/es\/wp-json\/wp\/v2\/media?parent=170496"}],"wp:term":[{"taxonomy":"product_brand","embeddable":true,"href":"https:\/\/gpl-love.com\/es\/wp-json\/wp\/v2\/product_brand?post=170496"},{"taxonomy":"product_cat","embeddable":true,"href":"https:\/\/gpl-love.com\/es\/wp-json\/wp\/v2\/product_cat?post=170496"},{"taxonomy":"product_tag","embeddable":true,"href":"https:\/\/gpl-love.com\/es\/wp-json\/wp\/v2\/product_tag?post=170496"}],"curies":[{"name":"wp","href":"https:\/\/api.w.org\/{rel}","templated":true}]}}