{"id":170494,"date":"2025-10-17T00:00:00","date_gmt":"2025-10-17T05:00:00","guid":{"rendered":"https:\/\/gpl-love.com\/es\/producto\/droip-2-4-3\/"},"modified":"2026-03-13T17:39:02","modified_gmt":"2026-03-13T22:39:02","slug":"droip-2-4-3","status":"publish","type":"product","link":"https:\/\/gpl-love.com\/es\/producto\/droip-2-4-3\/","title":{"rendered":"Harry Creative Agency Portfolio WordPress Theme 1.2.9"},"content":{"rendered":"<h3>Harry Creative Agency Portfolio WordPress Theme Caracteristicas<\/h3>\n<p>Descubre el tema Harry Creative Agency Portfolio para WordPress, la soluci\u00f3n ideal para profesionales creativos que buscan una presencia digital elegante y funcional. Reconocido como el mejor tema de WordPress para agencias creativas, ofrece una forma sencilla de presentar proyectos \u00fanicos gracias a su dise\u00f1o adaptable. Ya sea para freelancers o agencias de dise\u00f1o, Harry ofrece una plataforma adaptada a diversos trabajos creativos.<\/p>\n<p>Descargar el tema Harry Creative Agency Portfolio es solo el principio. Su interfaz intuitiva facilita la personalizaci\u00f3n, permitiendo la creaci\u00f3n de un portafolio que refleje la identidad personal o de marca. Explora caracter\u00edsticas como dise\u00f1os personalizables, tipograf\u00eda avanzada e im\u00e1genes de alta resoluci\u00f3n que hacen de Harry una opci\u00f3n destacada tambi\u00e9n para agencias de marketing digital.<\/p>\n<p>Para quienes desean mejorar su presencia online, adquirir el tema Harry Creative Agency para WordPress es una inversi\u00f3n inteligente. La instalaci\u00f3n en WordPress es sencilla, lo que garantiza un proceso de configuraci\u00f3n r\u00e1pido. Las rese\u00f1as destacan su dise\u00f1o intuitivo y su excepcional funcionalidad, consolidando su reputaci\u00f3n entre los profesionales creativos.<\/p>\n<p>Ya sea para mostrar un portafolio digital o destacar el trabajo de una agencia creativa, el tema Harry Creative ofrece&#8230;<\/p>\n<ul>\n<li>Dise\u00f1o elegante y moderno, ideal para agencias creativas y portafolios.<\/li>\n<li>Dise\u00f1o totalmente adaptable para una visualizaci\u00f3n fluida en todos los dispositivos.<\/li>\n<li>Plantillas personalizables para mostrar proyectos y miembros del equipo.<\/li>\n<li>Creador de p\u00e1ginas f\u00e1cil de usar con funci\u00f3n de arrastrar y soltar para dise\u00f1os personalizados.<\/li>\n<li>Estructura optimizada para SEO que mejora la visibilidad en buscadores.<\/li>\n<li>Integraci\u00f3n con plugins populares de WordPress para una mayor funcionalidad.<\/li>\n<li>P\u00e1ginas de carga r\u00e1pida para mejorar la experiencia y la retenci\u00f3n del usuario.<\/li>\n<li>Compatibilidad con varios navegadores que garantiza un rendimiento consistente.<\/li>\n<li>Importaci\u00f3n de demos con un solo clic para una configuraci\u00f3n y personalizaci\u00f3n r\u00e1pidas.<\/li>\n<li>Actualizaciones peri\u00f3dicas y soporte dedicado para un mantenimiento sin complicaciones.<\/li>\n<\/ul>\n","protected":false},"excerpt":{"rendered":"<p>Descubre el tema de WordPress Harry Creative Agency Portfolio, una excelente opci\u00f3n para agencias creativas que buscan una presencia online profesional y din\u00e1mica. Reconocido por las rese\u00f1as como el mejor tema de WordPress para agencias creativas, ofrece una variedad de funciones destacadas, perfectas tanto para freelancers como para agencias de marketing digital. Personaliza el tema de WordPress Harry Creative Agency f\u00e1cilmente, aprovechando su dise\u00f1o responsivo para mostrar tu trabajo creativo de forma atractiva en todos los dispositivos. Ideal para agencias de dise\u00f1o, este tema de WordPress para portafolios creativos se instala f\u00e1cilmente y ofrece funciones avanzadas dise\u00f1adas para profesionales creativos. Compra y descarga hoy mismo el tema Harry Creative Agency Portfolio para mejorar el portafolio online de tu agencia.<\/p>\n","protected":false},"featured_media":0,"comment_status":"open","ping_status":"open","template":"","meta":[],"product_brand":[2337],"product_cat":[1267,1237,1238],"product_tag":[1391],"class_list":{"0":"post-170494","1":"product","2":"type-product","3":"status-publish","5":"product_brand-themeforest","6":"product_cat-creativo","7":"product_cat-temas","8":"product_cat-wordpress-temas","9":"product_tag-themeforest","10":"member-discount","11":"discount-restricted","13":"first","14":"instock","15":"sale","16":"downloadable","17":"virtual","18":"sold-individually","19":"purchasable","20":"product-type-simple"},"_links":{"self":[{"href":"https:\/\/gpl-love.com\/es\/wp-json\/wp\/v2\/product\/170494","targetHints":{"allow":["GET"]}}],"collection":[{"href":"https:\/\/gpl-love.com\/es\/wp-json\/wp\/v2\/product"}],"about":[{"href":"https:\/\/gpl-love.com\/es\/wp-json\/wp\/v2\/types\/product"}],"replies":[{"embeddable":true,"href":"https:\/\/gpl-love.com\/es\/wp-json\/wp\/v2\/comments?post=170494"}],"wp:attachment":[{"href":"https:\/\/gpl-love.com\/es\/wp-json\/wp\/v2\/media?parent=170494"}],"wp:term":[{"taxonomy":"product_brand","embeddable":true,"href":"https:\/\/gpl-love.com\/es\/wp-json\/wp\/v2\/product_brand?post=170494"},{"taxonomy":"product_cat","embeddable":true,"href":"https:\/\/gpl-love.com\/es\/wp-json\/wp\/v2\/product_cat?post=170494"},{"taxonomy":"product_tag","embeddable":true,"href":"https:\/\/gpl-love.com\/es\/wp-json\/wp\/v2\/product_tag?post=170494"}],"curies":[{"name":"wp","href":"https:\/\/api.w.org\/{rel}","templated":true}]}}