{"id":170493,"date":"2026-03-23T00:00:00","date_gmt":"2026-03-23T05:00:00","guid":{"rendered":"https:\/\/gpl-love.com\/es\/producto\/harry-creative-agency-portfolio-wordpress-theme-2\/"},"modified":"2026-04-06T17:16:39","modified_gmt":"2026-04-06T22:16:39","slug":"harry-creative-agency-portfolio-wordpress-theme-2","status":"publish","type":"product","link":"https:\/\/gpl-love.com\/es\/producto\/harry-creative-agency-portfolio-wordpress-theme-2\/","title":{"rendered":"Academy LMS Pro 3.7.1"},"content":{"rendered":"<h3>Academy LMS Pro Caracteristicas<\/h3>\n<p>Desbloquea todo el potencial del aprendizaje en l\u00ednea con Academy LMS Pro, una plataforma de primer nivel dise\u00f1ada para instituciones educativas y creadores de cursos. Descubre c\u00f3mo usar Academy LMS Pro a trav\u00e9s de su interfaz intuitiva, que facilita la creaci\u00f3n de cursos. Una demostraci\u00f3n completa de Academy LMS Pro y un tutorial est\u00e1n disponibles para guiar a los usuarios durante la configuraci\u00f3n e instalaci\u00f3n, garantizando un inicio sin problemas.<\/p>\n<p>Academy LMS Pro cuenta con diversas integraciones que mejoran la experiencia de aprendizaje, mientras que un s\u00f3lido servicio de atenci\u00f3n al cliente est\u00e1 listo para responder cualquier consulta. La comparaci\u00f3n de Academy LMS Pro con la competencia revela su superior facilidad de uso y flexibilidad, lo que lo convierte en la opci\u00f3n preferida para cursos en l\u00ednea. Consulta las rese\u00f1as de Academy LMS Pro para conocer de primera mano a usuarios satisfechos.<\/p>\n<p>Quienes est\u00e9n considerando las mejores alternativas a Academy LMS Pro apreciar\u00e1n sus precios competitivos y c\u00f3digos de descuento ocasionales, que lo hacen accesible sin comprometer la calidad. Los casos pr\u00e1cticos detallados de Academy LMS Pro muestran su impacto en entornos educativos reales, respaldados por comentarios positivos de los usuarios.<\/p>\n<p>La gu\u00eda de configuraci\u00f3n de Academy LMS Pro detalla los requisitos del sistema, garantizando la compatibilidad y un rendimiento \u00f3ptimo, tanto para educadores individuales como para grandes instituciones.<\/p>\n<ul>\n<li>Sistema integral de gesti\u00f3n del aprendizaje para una educaci\u00f3n en l\u00ednea fluida<\/li>\n<li>Interfaz intuitiva dise\u00f1ada tanto para instructores como para estudiantes<\/li>\n<li>Herramientas de creaci\u00f3n de cursos personalizables para adaptar las estrategias de ense\u00f1anza<\/li>\n<li>An\u00e1lisis e informes avanzados para el seguimiento del progreso y el rendimiento de los estudiantes<\/li>\n<li>Funciones de comercio electr\u00f3nico integradas para monetizar los cursos f\u00e1cilmente<\/li>\n<li>Dise\u00f1o responsivo que garantiza la compatibilidad con dispositivos m\u00f3viles y de escritorio<\/li>\n<li>Plataforma segura con s\u00f3lidas funciones de protecci\u00f3n de datos y privacidad<\/li>\n<li>Cuestionarios y tareas interactivas para mejorar la participaci\u00f3n en el aprendizaje<\/li>\n<li>Compatibilidad con varios idiomas para accesibilidad e inclusi\u00f3n global<\/li>\n<li>Integraci\u00f3n perfecta con aplicaciones y herramientas populares de terceros<\/li>\n<\/ul>\n","protected":false},"excerpt":{"rendered":"<p>Descubra el poder transformador de Academy LMS Pro, la soluci\u00f3n definitiva para crear y gestionar cursos en l\u00ednea. Con un s\u00f3lido conjunto de funciones, Academy LMS Pro apoya a las instituciones educativas con integraciones fluidas y gu\u00edas de configuraci\u00f3n intuitivas. Aprenda a usar Academy LMS Pro con tutoriales y demostraciones interesantes, o explore los requisitos del sistema para garantizar un rendimiento \u00f3ptimo. Compare Academy LMS Pro con la competencia para encontrar la opci\u00f3n ideal y lea las opiniones y rese\u00f1as de los usuarios para obtener informaci\u00f3n valiosa. Con precios competitivos y posibles c\u00f3digos de descuento, Academy LMS Pro hace accesible la educaci\u00f3n en l\u00ednea. Para obtener m\u00e1s ayuda, explore el servicio de atenci\u00f3n al cliente de Academy LMS Pro y los casos pr\u00e1cticos que demuestran su eficacia.<\/p>\n","protected":false},"featured_media":0,"comment_status":"open","ping_status":"open","template":"","meta":[],"product_brand":[2748],"product_cat":[1214,1206,1211],"product_tag":[2749],"class_list":{"0":"post-170493","1":"product","2":"type-product","3":"status-publish","5":"product_brand-academy-lms","6":"product_cat-personalizacion","7":"product_cat-plugins","8":"product_cat-wordpress-plugins","9":"product_tag-academy-lms","10":"member-discount","11":"discount-restricted","13":"first","14":"instock","15":"sale","16":"downloadable","17":"virtual","18":"sold-individually","19":"purchasable","20":"product-type-simple"},"_links":{"self":[{"href":"https:\/\/gpl-love.com\/es\/wp-json\/wp\/v2\/product\/170493","targetHints":{"allow":["GET"]}}],"collection":[{"href":"https:\/\/gpl-love.com\/es\/wp-json\/wp\/v2\/product"}],"about":[{"href":"https:\/\/gpl-love.com\/es\/wp-json\/wp\/v2\/types\/product"}],"replies":[{"embeddable":true,"href":"https:\/\/gpl-love.com\/es\/wp-json\/wp\/v2\/comments?post=170493"}],"wp:attachment":[{"href":"https:\/\/gpl-love.com\/es\/wp-json\/wp\/v2\/media?parent=170493"}],"wp:term":[{"taxonomy":"product_brand","embeddable":true,"href":"https:\/\/gpl-love.com\/es\/wp-json\/wp\/v2\/product_brand?post=170493"},{"taxonomy":"product_cat","embeddable":true,"href":"https:\/\/gpl-love.com\/es\/wp-json\/wp\/v2\/product_cat?post=170493"},{"taxonomy":"product_tag","embeddable":true,"href":"https:\/\/gpl-love.com\/es\/wp-json\/wp\/v2\/product_tag?post=170493"}],"curies":[{"name":"wp","href":"https:\/\/api.w.org\/{rel}","templated":true}]}}