{"id":170492,"date":"2025-10-20T00:00:00","date_gmt":"2025-10-20T05:00:00","guid":{"rendered":"https:\/\/gpl-love.com\/es\/producto\/easy-content-manager-premium-2\/"},"modified":"2026-03-13T17:38:51","modified_gmt":"2026-03-13T22:38:51","slug":"easy-content-manager-premium-2","status":"publish","type":"product","link":"https:\/\/gpl-love.com\/es\/producto\/easy-content-manager-premium-2\/","title":{"rendered":"Checkoutify Checkout Field Editor For WooCommerce 1.0.10"},"content":{"rendered":"<h3>Checkoutify Checkout Field Editor For WooCommerce Caracteristicas<\/h3>\n<p>Libera todo el potencial de tu tienda online con el Editor de Campos de Pago de Checkoutify para WooCommerce. Esta herramienta avanzada es el mejor editor de campos de pago para WooCommerce, dise\u00f1ado para simplificar la personalizaci\u00f3n de los mismos. \u00bfQuieres saber c\u00f3mo personalizar los campos de pago en WooCommerce? No busques m\u00e1s. El plugin de Checkoutify para WooCommerce permite a los usuarios a\u00f1adir campos personalizados al proceso de pago, mejorando la experiencia de compra.<\/p>\n<p>Gestiona los campos de pago en WooCommerce con Checkoutify, el mejor plugin para editar campos de pago en WooCommerce. Con su intuitivo editor de formularios de pago para WooCommerce, optimizar la p\u00e1gina de pago nunca ha sido tan f\u00e1cil. Esta herramienta ofrece funciones avanzadas de edici\u00f3n de campos de pago en WooCommerce sin necesidad de conocimientos de programaci\u00f3n.<\/p>\n<p>Para quienes buscan un tutorial completo sobre c\u00f3mo personalizar los campos de pago en WooCommerce, Checkoutify ofrece una gu\u00eda detallada sobre el uso de sus funciones. La configuraci\u00f3n e instalaci\u00f3n son sencillas, lo que garantiza un proceso fluido al usar Checkoutify para modificar los campos de pago en WooCommerce. Descubre las mejores pr\u00e1cticas de personalizaci\u00f3n de campos de pago en WooCommerce y mejora la experiencia de tus clientes con este potente plugin.<\/p>\n<p>Explora Checkoutify para WooCommerce<\/p>\n<ul>\n<li>Personaliza f\u00e1cilmente los campos de pago de WooCommerce<\/li>\n<li>A\u00f1ade, elimina o edita campos para mejorar la experiencia del usuario<\/li>\n<li>Interfaz de arrastrar y soltar para una gesti\u00f3n intuitiva de campos<\/li>\n<li>Admite texto, men\u00fas desplegables, casillas de verificaci\u00f3n y m\u00e1s para una personalizaci\u00f3n vers\u00e1til<\/li>\n<li>L\u00f3gica condicional para mostrar los campos seg\u00fan las selecciones del usuario<\/li>\n<li>Mejora las tasas de conversi\u00f3n simplificando el proceso de pago<\/li>\n<li>Dise\u00f1o optimizado para dispositivos m\u00f3viles que garantiza una experiencia fluida en todos los dispositivos<\/li>\n<li>Compatible con los temas y plugins m\u00e1s populares de WooCommerce<\/li>\n<li>No requiere programaci\u00f3n, lo que lo hace accesible para todos los niveles<\/li>\n<li>Actualizaciones peri\u00f3dicas para mantener la compatibilidad y la seguridad<\/li>\n<\/ul>\n","protected":false},"excerpt":{"rendered":"<p>Presentamos el Editor de Campos de Pago de Checkoutify para WooCommerce, la soluci\u00f3n definitiva para personalizar los campos de pago en WooCommerce sin problemas. Esta herramienta avanzada permite a los usuarios a\u00f1adir campos personalizados al proceso de pago de WooCommerce sin esfuerzo, mejorando la experiencia de pago sin necesidad de conocimientos de programaci\u00f3n. Como el mejor editor de campos de pago de WooCommerce, Checkoutify ofrece un plugin intuitivo para editar formularios de pago que simplifica la gesti\u00f3n y personalizaci\u00f3n de campos. Descubre c\u00f3mo optimizar la p\u00e1gina de pago de WooCommerce con Checkoutify y explora sus completas funciones para una personalizaci\u00f3n completa del proceso de pago. Mejora la experiencia de compra dominando las mejores pr\u00e1cticas de personalizaci\u00f3n de campos de pago de WooCommerce con Checkoutify, garantizando una experiencia de usuario eficiente y personalizada.<\/p>\n","protected":false},"featured_media":0,"comment_status":"open","ping_status":"open","template":"","meta":[],"product_brand":[2647],"product_cat":[1207,1248,1206],"product_tag":[2326],"class_list":{"0":"post-170492","1":"product","2":"type-product","3":"status-publish","5":"product_brand-wpfunnels","6":"product_cat-comercio-electronico-plugins","7":"product_cat-personalizacion-comercio-electronico-plugins","8":"product_cat-plugins","9":"product_tag-wpfunnels","10":"member-discount","11":"discount-restricted","13":"first","14":"instock","15":"sale","16":"downloadable","17":"virtual","18":"sold-individually","19":"purchasable","20":"product-type-simple"},"_links":{"self":[{"href":"https:\/\/gpl-love.com\/es\/wp-json\/wp\/v2\/product\/170492","targetHints":{"allow":["GET"]}}],"collection":[{"href":"https:\/\/gpl-love.com\/es\/wp-json\/wp\/v2\/product"}],"about":[{"href":"https:\/\/gpl-love.com\/es\/wp-json\/wp\/v2\/types\/product"}],"replies":[{"embeddable":true,"href":"https:\/\/gpl-love.com\/es\/wp-json\/wp\/v2\/comments?post=170492"}],"wp:attachment":[{"href":"https:\/\/gpl-love.com\/es\/wp-json\/wp\/v2\/media?parent=170492"}],"wp:term":[{"taxonomy":"product_brand","embeddable":true,"href":"https:\/\/gpl-love.com\/es\/wp-json\/wp\/v2\/product_brand?post=170492"},{"taxonomy":"product_cat","embeddable":true,"href":"https:\/\/gpl-love.com\/es\/wp-json\/wp\/v2\/product_cat?post=170492"},{"taxonomy":"product_tag","embeddable":true,"href":"https:\/\/gpl-love.com\/es\/wp-json\/wp\/v2\/product_tag?post=170492"}],"curies":[{"name":"wp","href":"https:\/\/api.w.org\/{rel}","templated":true}]}}