{"id":170468,"date":"2026-04-08T00:00:00","date_gmt":"2026-04-08T05:00:00","guid":{"rendered":"https:\/\/gpl-love.com\/es\/producto\/woocommerce-hide-price-and-add-to-cart-button\/"},"modified":"2026-04-08T11:17:09","modified_gmt":"2026-04-08T16:17:09","slug":"woocommerce-hide-price-and-add-to-cart-button","status":"publish","type":"product","link":"https:\/\/gpl-love.com\/es\/producto\/woocommerce-hide-price-and-add-to-cart-button\/","title":{"rendered":"ShopMagic Gravity Forms 2.0.30"},"content":{"rendered":"<h3>ShopMagic Gravity Forms Caracteristicas<\/h3>\n<p>Desbloquea todo el potencial de Gravity Forms con la integraci\u00f3n de ShopMagic Gravity Forms. Esta potente herramienta permite usar ShopMagic con Gravity Forms sin problemas, abriendo un mundo de posibilidades de automatizaci\u00f3n. Descubre c\u00f3mo mejorar Gravity Forms con ShopMagic explorando sus numerosas funciones, como notificaciones por correo electr\u00f3nico y flujos de trabajo de clientes adaptados a WooCommerce. Tanto si eres nuevo en esta integraci\u00f3n como si buscas dominar estrategias avanzadas, tienes a tu disposici\u00f3n un completo tutorial de ShopMagic Gravity Forms que te guiar\u00e1 en cada paso.<\/p>\n<p>Sigue f\u00e1cilmente la gu\u00eda de configuraci\u00f3n de ShopMagic Gravity Forms para empezar a personalizar formularios y automatizar tareas como nunca antes. La integraci\u00f3n de ShopMagic con Gravity Forms transforma los env\u00edos de formularios en acciones din\u00e1micas, agilizando los procesos y ahorrando tiempo. Las pr\u00e1cticas recomendadas para ShopMagic Gravity Forms garantizan un uso \u00f3ptimo, mientras que las estrategias avanzadas ofrecen informaci\u00f3n m\u00e1s detallada sobre las capacidades de automatizaci\u00f3n.<\/p>\n<p>Usar ShopMagic en WordPress con Gravity Forms no solo simplifica la automatizaci\u00f3n del flujo de trabajo, sino que tambi\u00e9n mejora la experiencia general del usuario. Sum\u00e9rgete en el mundo de la automatizaci\u00f3n de Gravity Forms de ShopMagic y observa c\u00f3mo aumenta la eficiencia. Con este plugin, personalizar Gravity Forms se convierte en una tarea sencilla.<\/p>\n<ul>\n<li>Integraci\u00f3n perfecta con Gravity Forms para una automatizaci\u00f3n mejorada<\/li>\n<li>Automatiza flujos de trabajo y notificaciones para ahorrar tiempo<\/li>\n<li>Interfaz intuitiva dise\u00f1ada para una r\u00e1pida configuraci\u00f3n y personalizaci\u00f3n<\/li>\n<li>Opciones de filtrado avanzadas para activar acciones espec\u00edficas seg\u00fan el env\u00edo de formularios<\/li>\n<li>Admite diversas acciones, como notificaciones por correo electr\u00f3nico y actualizaciones de CRM<\/li>\n<li>La sincronizaci\u00f3n en tiempo real garantiza que los datos est\u00e9n siempre actualizados<\/li>\n<li>Plantillas de correo electr\u00f3nico personalizables para una comunicaci\u00f3n personalizada<\/li>\n<li>Condiciones y l\u00f3gica flexibles para una automatizaci\u00f3n a medida<\/li>\n<li>Compatible con las plataformas de comercio electr\u00f3nico m\u00e1s populares para impulsar los procesos de venta<\/li>\n<li>Actualizaciones peri\u00f3dicas y soporte para una mejora continua y una mayor fiabilidad<\/li>\n<\/ul>\n","protected":false},"excerpt":{"rendered":"<p>Descubre el poder de la automatizaci\u00f3n fluida con la integraci\u00f3n de ShopMagic con Gravity Forms. Mejora Gravity Forms f\u00e1cilmente con ShopMagic, descubriendo estrategias avanzadas y mejores pr\u00e1cticas para transformar los env\u00edos de formularios en flujos de trabajo pr\u00e1cticos para los clientes. Aprende a usar ShopMagic con Gravity Forms con un completo tutorial y una gu\u00eda de configuraci\u00f3n adaptada a usuarios de WordPress. Esta integraci\u00f3n optimiza tu tienda WooCommerce al personalizar Gravity Forms con las funciones de ShopMagic, lo que permite notificaciones autom\u00e1ticas por correo electr\u00f3nico y env\u00edos de formularios optimizados. Explora el potencial de la automatizaci\u00f3n de ShopMagic con Gravity Forms para crear experiencias personalizadas, garantizando que cada interacci\u00f3n con el cliente sea significativa y eficiente. Descubre el futuro de la gesti\u00f3n de formularios basada en IA hoy mismo.<\/p>\n","protected":false},"featured_media":0,"comment_status":"open","ping_status":"open","template":"","meta":[],"product_brand":[2560],"product_cat":[1214,1206,1211],"product_tag":[2185],"class_list":{"0":"post-170468","1":"product","2":"type-product","3":"status-publish","5":"product_brand-shop-magic","6":"product_cat-personalizacion","7":"product_cat-plugins","8":"product_cat-wordpress-plugins","9":"product_tag-shop-magic","10":"member-discount","11":"discount-restricted","13":"first","14":"instock","15":"sale","16":"downloadable","17":"virtual","18":"sold-individually","19":"purchasable","20":"product-type-simple"},"_links":{"self":[{"href":"https:\/\/gpl-love.com\/es\/wp-json\/wp\/v2\/product\/170468","targetHints":{"allow":["GET"]}}],"collection":[{"href":"https:\/\/gpl-love.com\/es\/wp-json\/wp\/v2\/product"}],"about":[{"href":"https:\/\/gpl-love.com\/es\/wp-json\/wp\/v2\/types\/product"}],"replies":[{"embeddable":true,"href":"https:\/\/gpl-love.com\/es\/wp-json\/wp\/v2\/comments?post=170468"}],"wp:attachment":[{"href":"https:\/\/gpl-love.com\/es\/wp-json\/wp\/v2\/media?parent=170468"}],"wp:term":[{"taxonomy":"product_brand","embeddable":true,"href":"https:\/\/gpl-love.com\/es\/wp-json\/wp\/v2\/product_brand?post=170468"},{"taxonomy":"product_cat","embeddable":true,"href":"https:\/\/gpl-love.com\/es\/wp-json\/wp\/v2\/product_cat?post=170468"},{"taxonomy":"product_tag","embeddable":true,"href":"https:\/\/gpl-love.com\/es\/wp-json\/wp\/v2\/product_tag?post=170468"}],"curies":[{"name":"wp","href":"https:\/\/api.w.org\/{rel}","templated":true}]}}