{"id":170465,"date":"2025-10-28T00:00:00","date_gmt":"2025-10-28T05:00:00","guid":{"rendered":"https:\/\/gpl-love.com\/es\/producto\/modula-convert-gallery-to-slider\/"},"modified":"2026-03-09T08:55:55","modified_gmt":"2026-03-09T13:55:55","slug":"modula-convert-gallery-to-slider","status":"publish","type":"product","link":"https:\/\/gpl-love.com\/es\/producto\/modula-convert-gallery-to-slider\/","title":{"rendered":"Modula Right Click Protection 1.1.4"},"content":{"rendered":"<h3>Modula Right Click Protection Caracteristicas<\/h3>\n<p>Proteger las im\u00e1genes en un sitio de WordPress es crucial, y el plugin Modula Right Click Protection ofrece una soluci\u00f3n integral. Previene f\u00e1cilmente el robo de im\u00e1genes y mejora su seguridad con este potente plugin para WordPress. Modula Right Click Protection se considera el mejor plugin de protecci\u00f3n de im\u00e1genes para WordPress, ya que ofrece una forma eficaz de proteger las im\u00e1genes.<\/p>\n<p>\u00bfC\u00f3mo funciona? Modula Right Click Protection impide la funci\u00f3n de clic derecho, garantizando que las im\u00e1genes permanezcan protegidas contra descargas no autorizadas. El proceso de configuraci\u00f3n es sencillo: simplemente descargue y siga la gu\u00eda de configuraci\u00f3n de Modula Right Click Protection para comenzar.<\/p>\n<p>\u00bfSe pregunta c\u00f3mo usar Modula Right Click Protection? Est\u00e1 dise\u00f1ado con funciones intuitivas que facilitan su implementaci\u00f3n. Hay disponible un completo tutorial de Modula Right Click Protection para guiar a los usuarios en cada paso. Con las funciones de protecci\u00f3n de im\u00e1genes de Modula, proteger contenido valioso se vuelve muy sencillo.<\/p>\n<p>Las ventajas de usar Modula Right Click Protection son claras: no solo mejora la seguridad de las im\u00e1genes, sino que tambi\u00e9n proporciona tranquilidad. Al usar este plugin, proteja sus im\u00e1genes.<\/p>\n<ul>\n<li>Protege im\u00e1genes y contenido de descargas no autorizadas<\/li>\n<li>Desactiva la funci\u00f3n de clic derecho en sitios web<\/li>\n<li>Mejora la seguridad del sitio web y la integridad del contenido<\/li>\n<li>Integraci\u00f3n sencilla con plataformas web existentes<\/li>\n<li>Configuraci\u00f3n personalizable para una experiencia de usuario personalizada<\/li>\n<li>Ligero y optimizado para una carga r\u00e1pida<\/li>\n<li>Compatible con los principales navegadores web<\/li>\n<li>Compatible con dispositivos de escritorio y m\u00f3viles<\/li>\n<li>Ayuda a prevenir el robo de contenido y el plagio<\/li>\n<li>Ideal para fot\u00f3grafos, artistas y creadores de contenido<\/li>\n<\/ul>\n","protected":false},"excerpt":{"rendered":"<p>Mejora la seguridad de las im\u00e1genes de tu sitio WordPress con el plugin Modula Right Click Protection, el mejor para WordPress. Evita el robo de im\u00e1genes f\u00e1cilmente implementando este potente plugin para WordPress que impide el clic derecho. Descubre c\u00f3mo proteger im\u00e1genes con Modula Right Click Protection y salvaguarda tus recursos creativos. Esta completa gu\u00eda de configuraci\u00f3n y tutorial de Modula Right Click Protection te ofrece instrucciones paso a paso para usar Modula Right Click Protection eficazmente. Disfruta de las ventajas de usar Modula Right Click Protection, incluyendo funciones avanzadas de protecci\u00f3n de im\u00e1genes, y protege las im\u00e1genes de WordPress f\u00e1cilmente. Descarga Modula Right Click Protection hoy mismo para mejorar la seguridad de tu sitio.<\/p>\n","protected":false},"featured_media":0,"comment_status":"open","ping_status":"open","template":"","meta":[],"product_brand":[2665],"product_cat":[1214,1206,1211],"product_tag":[2286],"class_list":{"0":"post-170465","1":"product","2":"type-product","3":"status-publish","5":"product_brand-modula","6":"product_cat-personalizacion","7":"product_cat-plugins","8":"product_cat-wordpress-plugins","9":"product_tag-modula","10":"member-discount","11":"discount-restricted","13":"first","14":"instock","15":"sale","16":"downloadable","17":"virtual","18":"sold-individually","19":"purchasable","20":"product-type-simple"},"_links":{"self":[{"href":"https:\/\/gpl-love.com\/es\/wp-json\/wp\/v2\/product\/170465","targetHints":{"allow":["GET"]}}],"collection":[{"href":"https:\/\/gpl-love.com\/es\/wp-json\/wp\/v2\/product"}],"about":[{"href":"https:\/\/gpl-love.com\/es\/wp-json\/wp\/v2\/types\/product"}],"replies":[{"embeddable":true,"href":"https:\/\/gpl-love.com\/es\/wp-json\/wp\/v2\/comments?post=170465"}],"wp:attachment":[{"href":"https:\/\/gpl-love.com\/es\/wp-json\/wp\/v2\/media?parent=170465"}],"wp:term":[{"taxonomy":"product_brand","embeddable":true,"href":"https:\/\/gpl-love.com\/es\/wp-json\/wp\/v2\/product_brand?post=170465"},{"taxonomy":"product_cat","embeddable":true,"href":"https:\/\/gpl-love.com\/es\/wp-json\/wp\/v2\/product_cat?post=170465"},{"taxonomy":"product_tag","embeddable":true,"href":"https:\/\/gpl-love.com\/es\/wp-json\/wp\/v2\/product_tag?post=170465"}],"curies":[{"name":"wp","href":"https:\/\/api.w.org\/{rel}","templated":true}]}}