{"id":170459,"date":"2026-02-14T00:00:00","date_gmt":"2026-02-14T05:00:00","guid":{"rendered":"https:\/\/gpl-love.com\/es\/producto\/super-speedy-search\/"},"modified":"2026-04-02T11:16:48","modified_gmt":"2026-04-02T16:16:48","slug":"super-speedy-search","status":"publish","type":"product","link":"https:\/\/gpl-love.com\/es\/producto\/super-speedy-search\/","title":{"rendered":"WPForms PDF 1.4.0"},"content":{"rendered":"<h3>WPForms PDF Caracteristicas<\/h3>\n<p>Transformar los env\u00edos de formularios en archivos PDF con aspecto profesional es facil\u00edsimo con la mejor soluci\u00f3n WPForms PDF. Descubre c\u00f3mo crear PDF con WPForms sin esfuerzo usando el intuitivo plugin WPForms PDF. Convierte WPForms a PDF sin problemas y personaliza el resultado seg\u00fan tus necesidades. La integraci\u00f3n con WPForms PDF facilita la generaci\u00f3n de PDF, garantizando que cada env\u00edo de formulario se pueda guardar, compartir o imprimir con solo unos clics.<\/p>\n<p>\u00bfNecesitas ayuda? El completo tutorial y la documentaci\u00f3n de WPForms PDF ofrecen instrucciones paso a paso para configurar y optimizar la configuraci\u00f3n de WPForms PDF. Ajusta la plantilla de WPForms PDF a tu estilo de marca, garantizando una comunicaci\u00f3n coherente. Ya sea que se trate de generar una factura en PDF con WPForms, enviar una confirmaci\u00f3n en PDF o adjuntar un PDF a un correo electr\u00f3nico, este plugin lo gestiona todo con facilidad.<\/p>\n<p>Para quienes buscan optimizar su flujo de trabajo, el conversor de WPForms a PDF garantiza que cada env\u00edo de formulario se capture y almacene de forma eficiente. Con opciones para exportar y descargar PDF, el acceso y la gesti\u00f3n de documentos importantes se simplifican. Experimente la comodidad de<\/p>\n<ul>\n<li>Integraci\u00f3n perfecta con WPForms para generar PDF f\u00e1cilmente<\/li>\n<li>Convierte autom\u00e1ticamente los env\u00edos de formularios en documentos PDF<\/li>\n<li>Plantillas PDF personalizables que se adaptan a tu marca<\/li>\n<li>Almacenamiento seguro de archivos y opciones para compartir<\/li>\n<li>Compatible con l\u00f3gica condicional para contenido PDF din\u00e1mico<\/li>\n<li>Compatible con los principales temas y plugins de WordPress<\/li>\n<li>Interfaz intuitiva para una r\u00e1pida configuraci\u00f3n<\/li>\n<li>Opciones de protecci\u00f3n con contrase\u00f1a y cifrado de PDF<\/li>\n<li>Dise\u00f1o adaptable a dispositivos m\u00f3viles para acceder desde cualquier dispositivo<\/li>\n<li>Actualizaciones y soporte t\u00e9cnico regulares para un rendimiento \u00f3ptimo<\/li>\n<\/ul>\n","protected":false},"excerpt":{"rendered":"<p>\u00a1Presentamos la soluci\u00f3n definitiva para una integraci\u00f3n fluida con WPForms PDF! Convierte f\u00e1cilmente tus WPForms a PDF con nuestro intuitivo plugin para WPForms PDF, dise\u00f1ado para satisfacer todas tus necesidades. Descubre c\u00f3mo crear PDF con WPForms y optimiza tu flujo de trabajo con sencillas opciones de exportaci\u00f3n y descarga de PDF. Personaliza tus plantillas PDF de WPForms para obtener resultados personalizados, garantizando que cada detalle est\u00e9 perfectamente cuidado. Experimenta la optimizaci\u00f3n del env\u00edo de formularios PDF con WPForms y disfruta de la comodidad de los archivos adjuntos de correo electr\u00f3nico en PDF. Ya sea que generes facturas o confirmaciones en PDF con WPForms, la mejor soluci\u00f3n para WPForms PDF garantiza eficiencia y precisi\u00f3n. Descubre un sinf\u00edn de posibilidades con la completa documentaci\u00f3n y tutoriales de WPForms PDF.<\/p>\n","protected":false},"featured_media":0,"comment_status":"open","ping_status":"open","template":"","meta":[],"product_brand":[2628],"product_cat":[1214,1206,1211],"product_tag":[1440],"class_list":{"0":"post-170459","1":"product","2":"type-product","3":"status-publish","5":"product_brand-wp-forms","6":"product_cat-personalizacion","7":"product_cat-plugins","8":"product_cat-wordpress-plugins","9":"product_tag-wp-forms","10":"member-discount","11":"discount-restricted","13":"first","14":"instock","15":"sale","16":"downloadable","17":"virtual","18":"sold-individually","19":"purchasable","20":"product-type-simple"},"_links":{"self":[{"href":"https:\/\/gpl-love.com\/es\/wp-json\/wp\/v2\/product\/170459","targetHints":{"allow":["GET"]}}],"collection":[{"href":"https:\/\/gpl-love.com\/es\/wp-json\/wp\/v2\/product"}],"about":[{"href":"https:\/\/gpl-love.com\/es\/wp-json\/wp\/v2\/types\/product"}],"replies":[{"embeddable":true,"href":"https:\/\/gpl-love.com\/es\/wp-json\/wp\/v2\/comments?post=170459"}],"wp:attachment":[{"href":"https:\/\/gpl-love.com\/es\/wp-json\/wp\/v2\/media?parent=170459"}],"wp:term":[{"taxonomy":"product_brand","embeddable":true,"href":"https:\/\/gpl-love.com\/es\/wp-json\/wp\/v2\/product_brand?post=170459"},{"taxonomy":"product_cat","embeddable":true,"href":"https:\/\/gpl-love.com\/es\/wp-json\/wp\/v2\/product_cat?post=170459"},{"taxonomy":"product_tag","embeddable":true,"href":"https:\/\/gpl-love.com\/es\/wp-json\/wp\/v2\/product_tag?post=170459"}],"curies":[{"name":"wp","href":"https:\/\/api.w.org\/{rel}","templated":true}]}}