{"id":170453,"date":"2025-10-17T00:00:00","date_gmt":"2025-10-17T05:00:00","guid":{"rendered":"https:\/\/gpl-love.com\/es\/producto\/wpmu-dev-forminator-pdf-generator\/"},"modified":"2026-03-09T08:55:26","modified_gmt":"2026-03-09T13:55:26","slug":"wpmu-dev-forminator-pdf-generator","status":"publish","type":"product","link":"https:\/\/gpl-love.com\/es\/producto\/wpmu-dev-forminator-pdf-generator\/","title":{"rendered":"WooCommerce Pack IQ Pro 1.1.0"},"content":{"rendered":"<h3>WooCommerce Pack IQ Pro Caracteristicas<\/h3>\n<p>Transforma cualquier tienda de comercio electr\u00f3nico con WooCommerce Pack IQ Pro, una potente herramienta dise\u00f1ada para mejorar y optimizar las operaciones comerciales en l\u00ednea. Este completo paquete incluye funciones avanzadas que simplifican la gesti\u00f3n de una tienda en l\u00ednea, lo que lo convierte en la mejor opci\u00f3n tanto para principiantes como para profesionales experimentados. Explora sus ventajas \u00fanicas con una rese\u00f1a detallada de WooCommerce Pack IQ Pro o profundiza en su funcionalidad con un tutorial intuitivo.<\/p>\n<p>El proceso de instalaci\u00f3n es sencillo gracias a una intuitiva gu\u00eda de instalaci\u00f3n de WooCommerce Pack IQ Pro. Empieza r\u00e1pidamente y descubre c\u00f3mo aprovechar al m\u00e1ximo WooCommerce Pack IQ Pro. Si buscas comparar, descubre c\u00f3mo WooCommerce Pack IQ Pro se compara con la competencia y por qu\u00e9 destaca.<\/p>\n<p>Considera los mejores plugins para WooCommerce Pack IQ Pro y ampl\u00eda a\u00fan m\u00e1s sus capacidades. Si tienes alguna pregunta o necesitas ayuda, el soporte y la ayuda de WooCommerce Pack IQ Pro est\u00e1n disponibles de inmediato. Consulta los testimonios de usuarios para ver casos de \u00e9xito reales. Los precios son competitivos y suelen estar disponibles c\u00f3digos de descuento para WooCommerce Pack IQ Pro para que sea m\u00e1s asequible.<\/p>\n<p>Para<\/p>\n<ul>\n<li>Integraci\u00f3n perfecta con WooCommerce para una funcionalidad de comercio electr\u00f3nico mejorada<\/li>\n<li>Herramientas de an\u00e1lisis avanzadas para el seguimiento de las ventas y el comportamiento del cliente<\/li>\n<li>Interfaz de usuario intuitiva para una f\u00e1cil gesti\u00f3n y configuraci\u00f3n de la tienda<\/li>\n<li>P\u00e1ginas de productos personalizables para adaptarse a las necesidades espec\u00edficas del negocio<\/li>\n<li>Gesti\u00f3n automatizada del inventario para un control eficiente del stock<\/li>\n<li>Opciones flexibles de pasarela de pago para transacciones seguras<\/li>\n<li>Seguimiento de pedidos en tiempo real para una mejor experiencia del cliente<\/li>\n<li>Funciones de optimizaci\u00f3n SEO para aumentar la visibilidad en l\u00ednea<\/li>\n<li>Dise\u00f1o adaptable a dispositivos m\u00f3viles para una visualizaci\u00f3n \u00f3ptima en cualquier dispositivo<\/li>\n<li>Soporte y documentaci\u00f3n completos para una f\u00e1cil resoluci\u00f3n de problemas<\/li>\n<\/ul>\n","protected":false},"excerpt":{"rendered":"<p>Descubre el futuro del comercio electr\u00f3nico con WooCommerce Pack IQ Pro, una soluci\u00f3n l\u00edder dise\u00f1ada para impulsar los negocios online. Con sus funciones avanzadas y su integraci\u00f3n fluida, WooCommerce Pack IQ Pro ofrece ventajas inigualables para los negocios de comercio electr\u00f3nico, lo que lo convierte en una de las mejores opciones entre los plugins disponibles. Explora una rese\u00f1a completa de WooCommerce Pack IQ Pro para comprender por qu\u00e9 supera a la competencia y sigue la gu\u00eda de instalaci\u00f3n de WooCommerce Pack IQ Pro para una configuraci\u00f3n sencilla. Tanto si eres principiante como si buscas funciones avanzadas, esta herramienta ofrece tutoriales intuitivos, testimonios de usuarios y soporte para garantizar el \u00e9xito. Encuentra precios competitivos de WooCommerce Pack IQ Pro y opciones de actualizaci\u00f3n, y libera todo su potencial con c\u00f3digos de descuento exclusivos hoy mismo.<\/p>\n","protected":false},"featured_media":0,"comment_status":"open","ping_status":"open","template":"","meta":[],"product_brand":[2405],"product_cat":[1207,1248,1206],"product_tag":[2141],"class_list":{"0":"post-170453","1":"product","2":"type-product","3":"status-publish","5":"product_brand-wpruby","6":"product_cat-comercio-electronico-plugins","7":"product_cat-personalizacion-comercio-electronico-plugins","8":"product_cat-plugins","9":"product_tag-wpruby","10":"member-discount","11":"discount-restricted","13":"first","14":"instock","15":"sale","16":"downloadable","17":"virtual","18":"sold-individually","19":"purchasable","20":"product-type-simple"},"_links":{"self":[{"href":"https:\/\/gpl-love.com\/es\/wp-json\/wp\/v2\/product\/170453","targetHints":{"allow":["GET"]}}],"collection":[{"href":"https:\/\/gpl-love.com\/es\/wp-json\/wp\/v2\/product"}],"about":[{"href":"https:\/\/gpl-love.com\/es\/wp-json\/wp\/v2\/types\/product"}],"replies":[{"embeddable":true,"href":"https:\/\/gpl-love.com\/es\/wp-json\/wp\/v2\/comments?post=170453"}],"wp:attachment":[{"href":"https:\/\/gpl-love.com\/es\/wp-json\/wp\/v2\/media?parent=170453"}],"wp:term":[{"taxonomy":"product_brand","embeddable":true,"href":"https:\/\/gpl-love.com\/es\/wp-json\/wp\/v2\/product_brand?post=170453"},{"taxonomy":"product_cat","embeddable":true,"href":"https:\/\/gpl-love.com\/es\/wp-json\/wp\/v2\/product_cat?post=170453"},{"taxonomy":"product_tag","embeddable":true,"href":"https:\/\/gpl-love.com\/es\/wp-json\/wp\/v2\/product_tag?post=170453"}],"curies":[{"name":"wp","href":"https:\/\/api.w.org\/{rel}","templated":true}]}}