{"id":170452,"date":"2026-03-03T00:00:00","date_gmt":"2026-03-03T05:00:00","guid":{"rendered":"https:\/\/gpl-love.com\/es\/producto\/wpmu-dev-forminator-geolocation\/"},"modified":"2026-03-09T08:55:24","modified_gmt":"2026-03-09T13:55:24","slug":"wpmu-dev-forminator-geolocation","status":"publish","type":"product","link":"https:\/\/gpl-love.com\/es\/producto\/wpmu-dev-forminator-geolocation\/","title":{"rendered":"WooCommerce UPS Shipping Method Pro 3.9.5"},"content":{"rendered":"<h3>WooCommerce UPS Shipping Method Pro Caracteristicas<\/h3>\n<p>\u00bfBuscas optimizar los procesos de env\u00edo en una plataforma de comercio electr\u00f3nico? WooCommerce UPS Shipping Method Pro es la herramienta definitiva para una gesti\u00f3n eficiente de pedidos. Instalar WooCommerce UPS Shipping Method Pro es muy sencillo gracias a una completa gu\u00eda de configuraci\u00f3n y un tutorial que te gu\u00eda paso a paso. Descubre el mejor plugin de WooCommerce UPS Shipping para integrar los env\u00edos UPS a la perfecci\u00f3n en tu tienda online.<\/p>\n<p>Este plugin ofrece una gran variedad de funciones, como tarifas de env\u00edo en tiempo real y consejos avanzados de configuraci\u00f3n, lo que garantiza que se adapta a las necesidades espec\u00edficas de cualquier negocio. Destaca entre la competencia por su compatibilidad y facilidad de uso inigualables. Las ventajas de WooCommerce UPS Shipping Method Pro son evidentes: las opiniones de los usuarios destacan su s\u00f3lido sistema de soporte y la facilidad de resoluci\u00f3n de problemas.<\/p>\n<p>Su precio es competitivo, con opciones ideales para peque\u00f1as empresas que buscan soluciones rentables. Optimizar WooCommerce UPS Shipping Method Pro es sencillo y cuenta con soporte detallado para aprovechar al m\u00e1ximo sus funciones. Ya sea para configurar las tarifas de env\u00edo o para integrar con sistemas existentes, este plugin lo cubre todo. Experimenta la diferencia con WooCommerce.<\/p>\n<ul>\n<li>Integraci\u00f3n perfecta con WooCommerce para un procesamiento eficiente de pedidos<\/li>\n<li>Tarifas de env\u00edo de UPS y estimaciones de entrega en tiempo real<\/li>\n<li>Admite opciones de env\u00edo nacionales e internacionales<\/li>\n<li>Generaci\u00f3n autom\u00e1tica de etiquetas para un cumplimiento agilizado<\/li>\n<li>M\u00e9todos de env\u00edo personalizables para satisfacer las necesidades de su negocio<\/li>\n<li>Seguimiento avanzado de paquetes para la tranquilidad del cliente<\/li>\n<li>Env\u00edos multiorigen para gestionar log\u00edstica compleja<\/li>\n<li>Compatibilidad con servicios de UPS como Ground, Express y Freight<\/li>\n<li>Desglose detallado de los costos de env\u00edo al finalizar la compra<\/li>\n<li>Atenci\u00f3n al cliente confiable y actualizaciones peri\u00f3dicas para un rendimiento \u00f3ptimo<\/li>\n<\/ul>\n","protected":false},"excerpt":{"rendered":"<p>Descubre la soluci\u00f3n definitiva para optimizar la log\u00edstica de tu comercio electr\u00f3nico con WooCommerce UPS Shipping Method Pro. Este excelente plugin de WooCommerce UPS Shipping ofrece una integraci\u00f3n perfecta y funciones robustas, lo que lo convierte en la mejor opci\u00f3n para peque\u00f1as empresas. Sigue f\u00e1cilmente la gu\u00eda de configuraci\u00f3n y aprende a instalar WooCommerce UPS Shipping Method Pro para configurar tus tarifas de env\u00edo de forma eficiente. Explora tutoriales completos con consejos de configuraci\u00f3n y resoluci\u00f3n de problemas para garantizar un rendimiento \u00f3ptimo. Disfruta de precios competitivos, un servicio de atenci\u00f3n al cliente fiable y rese\u00f1as positivas de los usuarios. Compara WooCommerce UPS Shipping Method Pro con la competencia para ver c\u00f3mo destaca en compatibilidad y eficiencia en tu comercio electr\u00f3nico. \u00a1Mejora tu estrategia de env\u00edos hoy mismo!<\/p>\n","protected":false},"featured_media":0,"comment_status":"open","ping_status":"open","template":"","meta":[],"product_brand":[2405],"product_cat":[1207,1248,1206],"product_tag":[2141],"class_list":{"0":"post-170452","1":"product","2":"type-product","3":"status-publish","5":"product_brand-wpruby","6":"product_cat-comercio-electronico-plugins","7":"product_cat-personalizacion-comercio-electronico-plugins","8":"product_cat-plugins","9":"product_tag-wpruby","10":"member-discount","11":"discount-restricted","13":"first","14":"instock","15":"sale","16":"downloadable","17":"virtual","18":"sold-individually","19":"purchasable","20":"product-type-simple"},"_links":{"self":[{"href":"https:\/\/gpl-love.com\/es\/wp-json\/wp\/v2\/product\/170452","targetHints":{"allow":["GET"]}}],"collection":[{"href":"https:\/\/gpl-love.com\/es\/wp-json\/wp\/v2\/product"}],"about":[{"href":"https:\/\/gpl-love.com\/es\/wp-json\/wp\/v2\/types\/product"}],"replies":[{"embeddable":true,"href":"https:\/\/gpl-love.com\/es\/wp-json\/wp\/v2\/comments?post=170452"}],"wp:attachment":[{"href":"https:\/\/gpl-love.com\/es\/wp-json\/wp\/v2\/media?parent=170452"}],"wp:term":[{"taxonomy":"product_brand","embeddable":true,"href":"https:\/\/gpl-love.com\/es\/wp-json\/wp\/v2\/product_brand?post=170452"},{"taxonomy":"product_cat","embeddable":true,"href":"https:\/\/gpl-love.com\/es\/wp-json\/wp\/v2\/product_cat?post=170452"},{"taxonomy":"product_tag","embeddable":true,"href":"https:\/\/gpl-love.com\/es\/wp-json\/wp\/v2\/product_tag?post=170452"}],"curies":[{"name":"wp","href":"https:\/\/api.w.org\/{rel}","templated":true}]}}