{"id":170443,"date":"2026-01-24T00:00:00","date_gmt":"2026-01-24T05:00:00","guid":{"rendered":"https:\/\/gpl-love.com\/es\/producto\/smart-admin-assistant-pro\/"},"modified":"2026-03-13T17:39:04","modified_gmt":"2026-03-13T22:39:04","slug":"smart-admin-assistant-pro","status":"publish","type":"product","link":"https:\/\/gpl-love.com\/es\/producto\/smart-admin-assistant-pro\/","title":{"rendered":"Boucherie Restaurant Cafe Food WordPress Theme 27.0"},"content":{"rendered":"<h3>Boucherie Restaurant Cafe Food WordPress Theme Caracteristicas<\/h3>\n<p>Transforma tu negocio culinario con el tema de WordPress Boucherie Restaurant Cafe Food, una de las mejores opciones entre las plantillas de WordPress para Boucherie Restaurant. Perfecto para quienes buscan crear un sitio web atractivo para Boucherie Cafe, este tema ofrece una experiencia fluida tanto para blogueros gastron\u00f3micos como para restauradores. Funciona como un completo creador de sitios web para Boucherie Cafe Food, proporcionando todas las herramientas esenciales para un sitio web atractivo y funcional.<\/p>\n<p>Dise\u00f1ado con temas de WordPress Boucherie optimizados para m\u00f3viles, garantiza que los clientes puedan explorar los men\u00fas y reservar f\u00e1cilmente desde cualquier dispositivo. Para quienes buscan orientaci\u00f3n sobre personalizaci\u00f3n, la gu\u00eda de personalizaci\u00f3n del tema Boucherie Cafe Food ofrece instrucciones paso a paso para adaptar el sitio a la est\u00e9tica \u00fanica de la marca.<\/p>\n<p>Mejora la visibilidad con la optimizaci\u00f3n SEO del sitio Boucherie Restaurant, asegurando que los clientes potenciales encuentren el establecimiento f\u00e1cilmente. Adem\u00e1s, el tema de WordPress Boucherie Restaurant con funci\u00f3n de reservas simplifica el proceso de reserva, facilitando a los comensales reservar sus mesas.<\/p>\n<p>Para quienes buscan consejos de dise\u00f1o para Boucherie Restaurant WordPress<\/p>\n<ul>\n<li>Integraci\u00f3n perfecta con sitios web de restaurantes y cafeter\u00edas<\/li>\n<li>Dise\u00f1o responsivo optimizado para dispositivos m\u00f3viles y computadoras de escritorio<\/li>\n<li>Sistema de reservas integrado<\/li>\n<li>Gesti\u00f3n de men\u00fas con opciones de dise\u00f1o personalizables<\/li>\n<li>Compatibilidad con WooCommerce para pedidos y pagos en l\u00ednea<\/li>\n<li>Creador de p\u00e1ginas f\u00e1cil de usar con funci\u00f3n de arrastrar y soltar<\/li>\n<li>Estructura optimizada para SEO para una mejor visibilidad en buscadores<\/li>\n<li>Compatibilidad multiling\u00fce para una clientela diversa<\/li>\n<li>Plantillas predise\u00f1adas con una est\u00e9tica moderna<\/li>\n<li>Actualizaciones peri\u00f3dicas y atenci\u00f3n al cliente personalizada<\/li>\n<\/ul>\n","protected":false},"excerpt":{"rendered":"<p>Presentamos el tema de WordPress Boucherie Restaurant Cafe, la soluci\u00f3n perfecta para crear una presencia online impactante para cualquier establecimiento gastron\u00f3mico. Ideal para quienes buscan las mejores plantillas de WordPress para Boucherie Restaurant, este tema ofrece una combinaci\u00f3n perfecta de estilo y funcionalidad. Crea el sitio web de tus sue\u00f1os para Boucherie Cafe Food con un constructor intuitivo y f\u00e1cil de usar. Descubre consejos de expertos en dise\u00f1o de WordPress para Boucherie Restaurant para optimizar tu sitio web, haci\u00e9ndolo compatible con dispositivos m\u00f3viles y optimizado para SEO. Perfecto para blogueros gastron\u00f3micos, incluye opciones de reserva y una gu\u00eda completa de personalizaci\u00f3n. Haz realidad tu visi\u00f3n con el tema definitivo de Boucherie para WordPress.<\/p>\n","protected":false},"featured_media":0,"comment_status":"open","ping_status":"open","template":"","meta":[],"product_brand":[2337],"product_cat":[1646,1237,1238],"product_tag":[1391],"class_list":{"0":"post-170443","1":"product","2":"type-product","3":"status-publish","5":"product_brand-themeforest","6":"product_cat-alimentacion-y-restaurante","7":"product_cat-temas","8":"product_cat-wordpress-temas","9":"product_tag-themeforest","10":"member-discount","11":"discount-restricted","13":"first","14":"instock","15":"sale","16":"downloadable","17":"virtual","18":"sold-individually","19":"purchasable","20":"product-type-simple"},"_links":{"self":[{"href":"https:\/\/gpl-love.com\/es\/wp-json\/wp\/v2\/product\/170443","targetHints":{"allow":["GET"]}}],"collection":[{"href":"https:\/\/gpl-love.com\/es\/wp-json\/wp\/v2\/product"}],"about":[{"href":"https:\/\/gpl-love.com\/es\/wp-json\/wp\/v2\/types\/product"}],"replies":[{"embeddable":true,"href":"https:\/\/gpl-love.com\/es\/wp-json\/wp\/v2\/comments?post=170443"}],"wp:attachment":[{"href":"https:\/\/gpl-love.com\/es\/wp-json\/wp\/v2\/media?parent=170443"}],"wp:term":[{"taxonomy":"product_brand","embeddable":true,"href":"https:\/\/gpl-love.com\/es\/wp-json\/wp\/v2\/product_brand?post=170443"},{"taxonomy":"product_cat","embeddable":true,"href":"https:\/\/gpl-love.com\/es\/wp-json\/wp\/v2\/product_cat?post=170443"},{"taxonomy":"product_tag","embeddable":true,"href":"https:\/\/gpl-love.com\/es\/wp-json\/wp\/v2\/product_tag?post=170443"}],"curies":[{"name":"wp","href":"https:\/\/api.w.org\/{rel}","templated":true}]}}