{"id":170440,"date":"2026-01-23T00:00:00","date_gmt":"2026-01-23T05:00:00","guid":{"rendered":"https:\/\/gpl-love.com\/es\/producto\/easy-content-manager-premium\/"},"modified":"2026-03-09T08:54:52","modified_gmt":"2026-03-09T13:54:52","slug":"easy-content-manager-premium","status":"publish","type":"product","link":"https:\/\/gpl-love.com\/es\/producto\/easy-content-manager-premium\/","title":{"rendered":"Popup Builder 4.4.3"},"content":{"rendered":"<h3>Popup Builder Caracteristicas<\/h3>\n<p>Descubre la soluci\u00f3n definitiva para crear ventanas emergentes atractivas con Popup Builder, el mejor creador de ventanas emergentes para sitios web. Esta herramienta f\u00e1cil de usar es perfecta para quienes desean mejorar la interactividad de su sitio web con el m\u00ednimo esfuerzo. Dise\u00f1ado para WordPress y Shopify, ofrece una integraci\u00f3n perfecta.<\/p>\n<p>Disfruta de la flexibilidad de un creador de ventanas emergentes de arrastrar y soltar que simplifica los procesos de dise\u00f1o. Elige entre una variedad de plantillas o crea dise\u00f1os \u00fanicos con soluciones personalizables. Perfecto para plataformas de comercio electr\u00f3nico, este plugin de creaci\u00f3n de ventanas emergentes ayuda a aumentar las conversiones y captar clientes potenciales de forma eficaz.<\/p>\n<p>Optimiza tus estrategias de marketing con funciones avanzadas como pruebas A\/B y an\u00e1lisis. Estas herramientas garantizan que el creador de ventanas emergentes no solo sea eficaz, sino tambi\u00e9n perspicaz, lo que permite la mejora continua. Ya sea que te centres en la captaci\u00f3n de correos electr\u00f3nicos o en la creaci\u00f3n de ventanas emergentes de intenci\u00f3n de salida, este creador de ventanas emergentes satisface diversas necesidades, lo que lo convierte en una herramienta esencial para la generaci\u00f3n de clientes potenciales.<\/p>\n<p>Atraiga visitantes sin esfuerzo y mejore el rendimiento de su sitio con este generador de ventanas emergentes, dise\u00f1ado para transformar visitantes ocasionales en clientes leales.<\/p>\n<ul>\n<li>Interfaz intuitiva de arrastrar y soltar para una f\u00e1cil personalizaci\u00f3n del dise\u00f1o.<\/li>\n<li>Amplia gama de plantillas predise\u00f1adas para adaptarse a diversas necesidades.<\/li>\n<li>Opciones avanzadas de segmentaci\u00f3n para llegar a p\u00fablicos espec\u00edficos.<\/li>\n<li>Integraci\u00f3n perfecta con las plataformas de email marketing m\u00e1s populares.<\/li>\n<li>Ventanas emergentes optimizadas para dispositivos m\u00f3viles que optimizan la experiencia del usuario en todos los dispositivos.<\/li>\n<li>Capacidad de pruebas A\/B para optimizar el rendimiento de las ventanas emergentes.<\/li>\n<li>An\u00e1lisis en tiempo real para el seguimiento de la interacci\u00f3n y las tasas de conversi\u00f3n.<\/li>\n<li>Tecnolog\u00eda de intenci\u00f3n de salida para captar clientes potenciales antes de que se vayan.<\/li>\n<li>Activadores personalizables basados \u200b\u200ben el comportamiento del usuario para interacciones personalizadas.<\/li>\n<li>Funciones que cumplen con el RGPD para garantizar la privacidad y la protecci\u00f3n de datos.<\/li>\n<\/ul>\n","protected":false},"excerpt":{"rendered":"<p>Descubra la soluci\u00f3n definitiva para crear ventanas emergentes atractivas para su sitio web con el software avanzado de creaci\u00f3n de ventanas emergentes. Reconocido como el mejor creador de ventanas emergentes para sitios web, esta herramienta f\u00e1cil de usar mejora la experiencia del usuario en WordPress o Shopify. Con una interfaz de arrastrar y soltar, soluciones personalizables y una variedad de plantillas, dise\u00f1e ventanas emergentes atractivas sin esfuerzo. Perfecto para plataformas de comercio electr\u00f3nico, este plugin de creaci\u00f3n de ventanas emergentes impulsa la generaci\u00f3n de leads y aumenta las conversiones mediante ventanas emergentes de intenci\u00f3n de salida efectivas. Las funciones de an\u00e1lisis detallado y pruebas A\/B garantizan un rendimiento optimizado. Capture correos electr\u00f3nicos sin problemas y mejore su estrategia digital con este completo creador de ventanas emergentes para todas sus necesidades.<\/p>\n","protected":false},"featured_media":0,"comment_status":"open","ping_status":"open","template":"","meta":[],"product_brand":[2755],"product_cat":[1232,1206,1211],"product_tag":[2268],"class_list":{"0":"post-170440","1":"product","2":"type-product","3":"status-publish","5":"product_brand-popup-builder","6":"product_cat-marketing-wordpress-plugins","7":"product_cat-plugins","8":"product_cat-wordpress-plugins","9":"product_tag-popup-builder","10":"member-discount","11":"discount-restricted","13":"first","14":"instock","15":"sale","16":"downloadable","17":"virtual","18":"sold-individually","19":"purchasable","20":"product-type-simple"},"_links":{"self":[{"href":"https:\/\/gpl-love.com\/es\/wp-json\/wp\/v2\/product\/170440","targetHints":{"allow":["GET"]}}],"collection":[{"href":"https:\/\/gpl-love.com\/es\/wp-json\/wp\/v2\/product"}],"about":[{"href":"https:\/\/gpl-love.com\/es\/wp-json\/wp\/v2\/types\/product"}],"replies":[{"embeddable":true,"href":"https:\/\/gpl-love.com\/es\/wp-json\/wp\/v2\/comments?post=170440"}],"wp:attachment":[{"href":"https:\/\/gpl-love.com\/es\/wp-json\/wp\/v2\/media?parent=170440"}],"wp:term":[{"taxonomy":"product_brand","embeddable":true,"href":"https:\/\/gpl-love.com\/es\/wp-json\/wp\/v2\/product_brand?post=170440"},{"taxonomy":"product_cat","embeddable":true,"href":"https:\/\/gpl-love.com\/es\/wp-json\/wp\/v2\/product_cat?post=170440"},{"taxonomy":"product_tag","embeddable":true,"href":"https:\/\/gpl-love.com\/es\/wp-json\/wp\/v2\/product_tag?post=170440"}],"curies":[{"name":"wp","href":"https:\/\/api.w.org\/{rel}","templated":true}]}}