{"id":170437,"date":"2025-10-17T00:00:00","date_gmt":"2025-10-17T05:00:00","guid":{"rendered":"https:\/\/gpl-love.com\/es\/producto\/netfusion-ai-powered-startup-and-technology-theme\/"},"modified":"2026-03-09T08:54:42","modified_gmt":"2026-03-09T13:54:42","slug":"netfusion-ai-powered-startup-and-technology-theme","status":"publish","type":"product","link":"https:\/\/gpl-love.com\/es\/producto\/netfusion-ai-powered-startup-and-technology-theme\/","title":{"rendered":"CF7 Auto Responder Addon 2.5"},"content":{"rendered":"<h3>CF7 Auto Responder Addon Caracteristicas<\/h3>\n<p>Descubra la soluci\u00f3n definitiva para una automatizaci\u00f3n fluida del correo electr\u00f3nico con el complemento CF7 Auto Responder para WordPress. Perfecto para optimizar formularios, este complemento transforma la forma de gestionar los correos electr\u00f3nicos, ofreciendo ventajas inigualables. \u00bfNo sabe por d\u00f3nde empezar? Una completa gu\u00eda de configuraci\u00f3n y un tutorial del complemento CF7 Auto Responder le guiar\u00e1n paso a paso, facilitando la instalaci\u00f3n.<\/p>\n<p>Una vez instalado, explore las mejores funciones del complemento CF7 Auto Responder, dise\u00f1adas para optimizar su estrategia de correo electr\u00f3nico. Aprenda a usar el complemento CF7 Auto Responder para agilizar la comunicaci\u00f3n y garantizar una respuesta oportuna a cada env\u00edo de formulario. La integraci\u00f3n es sencilla con \u00fatiles consejos de integraci\u00f3n del complemento CF7 Auto Responder, lo que garantiza un funcionamiento fluido en cualquier configuraci\u00f3n de WordPress.<\/p>\n<p>Para quienes buscan orientaci\u00f3n adicional, la documentaci\u00f3n de soporte del complemento CF7 Auto Responder proporciona pasos de configuraci\u00f3n detallados para resolver cualquier duda. \u00bfTiene dudas sobre el precio? Los detalles de precios del complemento CF7 Auto Responder ofrecen transparencia y valor. Antes de comprometerse, consulte las rese\u00f1as del complemento CF7 Auto Responder para ver c\u00f3mo funciona.<\/p>\n<ul>\n<li>Se integra perfectamente con Contact Form 7 para respuestas autom\u00e1ticas por correo electr\u00f3nico.<\/li>\n<li>Plantillas de correo electr\u00f3nico personalizables para adaptar los mensajes a consultas espec\u00edficas.<\/li>\n<li>Admite l\u00f3gica condicional para generar respuestas seg\u00fan la informaci\u00f3n del usuario.<\/li>\n<li>F\u00e1cil configuraci\u00f3n con una interfaz intuitiva.<\/li>\n<li>Compatible con los principales proveedores de correo electr\u00f3nico para una amplia gama de usos.<\/li>\n<li>Ofrece respuestas oportunas para mejorar la satisfacci\u00f3n del cliente.<\/li>\n<li>Opci\u00f3n para incluir archivos adjuntos en las respuestas autom\u00e1ticas.<\/li>\n<li>Compatibilidad multiling\u00fce para un alcance y una comunicaci\u00f3n globales.<\/li>\n<li>Su dise\u00f1o ligero garantiza que el rendimiento del sitio web no se vea afectado.<\/li>\n<li>Actualizaciones peri\u00f3dicas y soporte para mejoras continuas y seguridad.<\/li>\n<\/ul>\n","protected":false},"excerpt":{"rendered":"<p>Descubra el complemento CF7 Auto Responder, la mejor soluci\u00f3n para optimizar los formularios de WordPress con una automatizaci\u00f3n de correo electr\u00f3nico fluida. Esta completa gu\u00eda de configuraci\u00f3n y tutorial le explica paso a paso c\u00f3mo usar el complemento CF7 Auto Responder eficazmente. Inst\u00e1lelo f\u00e1cilmente en WordPress y explore sus potentes funciones, dise\u00f1adas para optimizar sus formularios. Aproveche las valiosas rese\u00f1as y los consejos de integraci\u00f3n para maximizar la eficiencia. Explore los pasos de configuraci\u00f3n y la documentaci\u00f3n de soporte para garantizar un funcionamiento sin problemas. Con precios competitivos, el complemento CF7 Auto Responder ofrece ventajas inigualables para transformar su estrategia de automatizaci\u00f3n de correo electr\u00f3nico. Desc\u00e1rguelo hoy mismo para disfrutar de una experiencia de usuario mejorada.<\/p>\n","protected":false},"featured_media":0,"comment_status":"open","ping_status":"open","template":"","meta":[],"product_brand":[2337],"product_cat":[1232,1206,1211],"product_tag":[1391],"class_list":{"0":"post-170437","1":"product","2":"type-product","3":"status-publish","5":"product_brand-themeforest","6":"product_cat-marketing-wordpress-plugins","7":"product_cat-plugins","8":"product_cat-wordpress-plugins","9":"product_tag-themeforest","10":"member-discount","11":"discount-restricted","13":"first","14":"instock","15":"sale","16":"downloadable","17":"virtual","18":"sold-individually","19":"purchasable","20":"product-type-simple"},"_links":{"self":[{"href":"https:\/\/gpl-love.com\/es\/wp-json\/wp\/v2\/product\/170437","targetHints":{"allow":["GET"]}}],"collection":[{"href":"https:\/\/gpl-love.com\/es\/wp-json\/wp\/v2\/product"}],"about":[{"href":"https:\/\/gpl-love.com\/es\/wp-json\/wp\/v2\/types\/product"}],"replies":[{"embeddable":true,"href":"https:\/\/gpl-love.com\/es\/wp-json\/wp\/v2\/comments?post=170437"}],"wp:attachment":[{"href":"https:\/\/gpl-love.com\/es\/wp-json\/wp\/v2\/media?parent=170437"}],"wp:term":[{"taxonomy":"product_brand","embeddable":true,"href":"https:\/\/gpl-love.com\/es\/wp-json\/wp\/v2\/product_brand?post=170437"},{"taxonomy":"product_cat","embeddable":true,"href":"https:\/\/gpl-love.com\/es\/wp-json\/wp\/v2\/product_cat?post=170437"},{"taxonomy":"product_tag","embeddable":true,"href":"https:\/\/gpl-love.com\/es\/wp-json\/wp\/v2\/product_tag?post=170437"}],"curies":[{"name":"wp","href":"https:\/\/api.w.org\/{rel}","templated":true}]}}