{"id":170435,"date":"2025-10-17T00:00:00","date_gmt":"2025-10-17T05:00:00","guid":{"rendered":"https:\/\/gpl-love.com\/es\/producto\/cf7-auto-responder-addon\/"},"modified":"2026-03-13T17:38:56","modified_gmt":"2026-03-13T22:38:56","slug":"cf7-auto-responder-addon","status":"publish","type":"product","link":"https:\/\/gpl-love.com\/es\/producto\/cf7-auto-responder-addon\/","title":{"rendered":"Multi Host WHMCS Hosting Theme 3.5"},"content":{"rendered":"<h3>Multi Host WHMCS Hosting Theme Caracteristicas<\/h3>\n<p>Descubra el poder del alojamiento WHMCS multihost, dise\u00f1ado para quienes gestionan m\u00faltiples hosts sin esfuerzo. Esta soluci\u00f3n ofrece una forma asequible y confiable de optimizar las operaciones, lo que la convierte en la mejor opci\u00f3n disponible. Perfecto para quienes buscan alojamiento WHMCS para m\u00faltiples hosts, este servicio garantiza una integraci\u00f3n perfecta con cPanel, brindando una experiencia intuitiva.<\/p>\n<p>La configuraci\u00f3n es sencilla gracias a una gu\u00eda completa de alojamiento WHMCS multihost, lo que garantiza una transici\u00f3n fluida. Elegir el proveedor adecuado es clave, y explorar c\u00f3mo elegir alojamiento WHMCS multihost puede llevarle a proveedores de alojamiento WHMCS multihost de primera categor\u00eda que garantizan la excelencia.<\/p>\n<p>Estas soluciones de alojamiento WHMCS para entornos multihost ofrecen funciones robustas que satisfacen diversas necesidades, garantizando escalabilidad y rendimiento. Experimente una confiabilidad inigualable con servicios de alojamiento WHMCS multihost que impulsan el crecimiento y la innovaci\u00f3n.<\/p>\n<p>Tanto si est\u00e1 empezando como si busca actualizar, el alojamiento WHMCS multihost ofrece una soluci\u00f3n ideal para quienes exigen eficiencia y confiabilidad. Explore esta soluci\u00f3n de primera categor\u00eda.<\/p>\n<ul>\n<li>Gesti\u00f3n integral de m\u00faltiples hosts con integraci\u00f3n con WHMCS<\/li>\n<li>Automatizaci\u00f3n optimizada para facturaci\u00f3n, aprovisionamiento y soporte<\/li>\n<li>Soluciones escalables para alojar m\u00faltiples sitios web y clientes<\/li>\n<li>\u00c1rea de cliente personalizable para mejorar la experiencia del usuario<\/li>\n<li>Funciones de seguridad avanzadas para proteger los datos del cliente<\/li>\n<li>Integraci\u00f3n perfecta con las pasarelas de pago m\u00e1s populares<\/li>\n<li>An\u00e1lisis e informes detallados para obtener informaci\u00f3n empresarial<\/li>\n<li>Tiempo de actividad fiable para garantizar una prestaci\u00f3n de servicios consistente<\/li>\n<li>Atenci\u00f3n al cliente receptiva para resoluci\u00f3n de problemas y consultas<\/li>\n<li>Planes de precios flexibles para adaptarse a diversas necesidades empresariales<\/li>\n<\/ul>\n","protected":false},"excerpt":{"rendered":"<p>Descubra una eficiencia inigualable con planes de hosting WHMCS multihost, dise\u00f1ados para satisfacer las necesidades de las empresas modernas. Como una de las mejores soluciones de hosting WHMCS multihost, ofrece precios accesibles sin sacrificar la calidad. Ideal para quienes buscan hosting WHMCS para m\u00faltiples hosts, este servicio incluye una gu\u00eda de configuraci\u00f3n completa para una integraci\u00f3n perfecta. Benef\u00edciese de servicios confiables de hosting WHMCS multihost que garantizan disponibilidad y estabilidad. Descubra c\u00f3mo elegir el hosting WHMCS multihost que se ajuste a sus necesidades, con proveedores de primera l\u00ednea que ofrecen hosting WHMCS con cPanel. Ideal para entornos multihost, esta soluci\u00f3n ofrece un rendimiento y una flexibilidad excepcionales.<\/p>\n","protected":false},"featured_media":0,"comment_status":"open","ping_status":"open","template":"","meta":[],"product_brand":[2337],"product_cat":[1307,1237,1238],"product_tag":[1391],"class_list":{"0":"post-170435","1":"product","2":"type-product","3":"status-publish","5":"product_brand-themeforest","6":"product_cat-negocio-wordpress-temas","7":"product_cat-temas","8":"product_cat-wordpress-temas","9":"product_tag-themeforest","10":"member-discount","11":"discount-restricted","13":"first","14":"instock","15":"sale","16":"downloadable","17":"virtual","18":"sold-individually","19":"purchasable","20":"product-type-simple"},"_links":{"self":[{"href":"https:\/\/gpl-love.com\/es\/wp-json\/wp\/v2\/product\/170435","targetHints":{"allow":["GET"]}}],"collection":[{"href":"https:\/\/gpl-love.com\/es\/wp-json\/wp\/v2\/product"}],"about":[{"href":"https:\/\/gpl-love.com\/es\/wp-json\/wp\/v2\/types\/product"}],"replies":[{"embeddable":true,"href":"https:\/\/gpl-love.com\/es\/wp-json\/wp\/v2\/comments?post=170435"}],"wp:attachment":[{"href":"https:\/\/gpl-love.com\/es\/wp-json\/wp\/v2\/media?parent=170435"}],"wp:term":[{"taxonomy":"product_brand","embeddable":true,"href":"https:\/\/gpl-love.com\/es\/wp-json\/wp\/v2\/product_brand?post=170435"},{"taxonomy":"product_cat","embeddable":true,"href":"https:\/\/gpl-love.com\/es\/wp-json\/wp\/v2\/product_cat?post=170435"},{"taxonomy":"product_tag","embeddable":true,"href":"https:\/\/gpl-love.com\/es\/wp-json\/wp\/v2\/product_tag?post=170435"}],"curies":[{"name":"wp","href":"https:\/\/api.w.org\/{rel}","templated":true}]}}