{"id":170432,"date":"2026-03-04T00:00:00","date_gmt":"2026-03-04T05:00:00","guid":{"rendered":"https:\/\/gpl-love.com\/es\/producto\/dynamic-pricing-and-discounts-woopricely\/"},"modified":"2026-03-09T08:54:29","modified_gmt":"2026-03-09T13:54:29","slug":"dynamic-pricing-and-discounts-woopricely","status":"publish","type":"product","link":"https:\/\/gpl-love.com\/es\/producto\/dynamic-pricing-and-discounts-woopricely\/","title":{"rendered":"GiveWP Funds y Designations 2.9.0"},"content":{"rendered":"<h3>GiveWP Funds y Designations Caracteristicas<\/h3>\n<p>Descubra el poder de los Fondos y Designaciones de GiveWP para impulsar sus esfuerzos de recaudaci\u00f3n de fondos. Esta completa funci\u00f3n permite una gesti\u00f3n fluida de los fondos ben\u00e9ficos, ofreciendo flexibilidad y claridad en las donaciones. Configurar designaciones en GiveWP es sencillo con la gu\u00eda de configuraci\u00f3n de Fondos y Designaciones de GiveWP, que explica paso a paso c\u00f3mo personalizarlas para que se ajusten mejor a sus objetivos de recaudaci\u00f3n. Para quienes son nuevos en la plataforma, el tutorial de designaciones de donaciones de GiveWP es un recurso invaluable que ofrece consejos pr\u00e1cticos sobre c\u00f3mo usar GiveWP para recaudar fondos de forma eficaz.<\/p>\n<p>Personalizar los Fondos y Designaciones de GiveWP nunca ha sido tan f\u00e1cil, permitiendo formularios de donaci\u00f3n personalizados que conectan con los donantes. La gu\u00eda del usuario de Fondos y Designaciones de GiveWP ofrece informaci\u00f3n detallada para optimizar las funciones y maximizar el impacto. \u00bfDesea garantizar una gesti\u00f3n eficiente de los fondos? Descubra las mejores pr\u00e1cticas para las designaciones de GiveWP y obtenga consejos esenciales para la gesti\u00f3n de donaciones de GiveWP y agilizar el proceso.<\/p>\n<p>Para optimizar a\u00fan m\u00e1s su recaudaci\u00f3n de fondos, aprenda a administrar los fondos en GiveWP con estrategias claras y concisas. Por \u00faltimo, optimizar los fondos y designaciones de GiveWP<\/p>\n<ul>\n<li>Gesti\u00f3n de donaciones optimizada con opciones de fondos personalizables<\/li>\n<li>Interfaz intuitiva para una f\u00e1cil configuraci\u00f3n y gesti\u00f3n de fondos<\/li>\n<li>Opciones flexibles de designaci\u00f3n para dirigir las donaciones a causas espec\u00edficas<\/li>\n<li>Integraci\u00f3n fluida con las pasarelas de pago m\u00e1s populares para transacciones seguras<\/li>\n<li>Herramientas integrales de informes para el seguimiento y an\u00e1lisis de las donaciones<\/li>\n<li>Recibos de donantes automatizados y correos electr\u00f3nicos de agradecimiento para mejorar la participaci\u00f3n de los donantes<\/li>\n<li>Dise\u00f1o adaptable a dispositivos m\u00f3viles para donaciones en cualquier dispositivo<\/li>\n<li>Funciones avanzadas de gesti\u00f3n de donantes para construir relaciones duraderas<\/li>\n<li>Formularios de donaci\u00f3n personalizables que se adaptan a la imagen de marca de la organizaci\u00f3n<\/li>\n<li>Compatibilidad con donaciones recurrentes para mantener las campa\u00f1as en curso<\/li>\n<\/ul>\n","protected":false},"excerpt":{"rendered":"<p>Descubra el poder de una recaudaci\u00f3n de fondos eficiente con las funciones de Fondos y Designaciones de GiveWP, dise\u00f1adas para optimizar las iniciativas ben\u00e9ficas. Esta intuitiva gu\u00eda de configuraci\u00f3n le ayudar\u00e1 a gestionar los fondos en GiveWP de forma eficaz, garantizando que cada donaci\u00f3n alcance su objetivo. Explore el tutorial de designaciones de donaciones de GiveWP para aprender las mejores pr\u00e1cticas y gestionar fondos ben\u00e9ficos f\u00e1cilmente. Personalice los Fondos y Designaciones de GiveWP para adaptarlos a sus necesidades, mejorando la interacci\u00f3n con los donantes mediante designaciones personalizadas para el formulario de donaci\u00f3n de GiveWP. Descubra c\u00f3mo usar GiveWP para una recaudaci\u00f3n de fondos exitosa con una completa gu\u00eda de usuario de Fondos y Designaciones de GiveWP, optimizando su experiencia de gesti\u00f3n de donaciones y mejorando el rendimiento SEO.<\/p>\n","protected":false},"featured_media":0,"comment_status":"open","ping_status":"open","template":"","meta":[],"product_brand":[2465],"product_cat":[1214,1206,1211],"product_tag":[2232],"class_list":{"0":"post-170432","1":"product","2":"type-product","3":"status-publish","5":"product_brand-givewp","6":"product_cat-personalizacion","7":"product_cat-plugins","8":"product_cat-wordpress-plugins","9":"product_tag-givewp","10":"member-discount","11":"discount-restricted","13":"first","14":"instock","15":"sale","16":"downloadable","17":"virtual","18":"sold-individually","19":"purchasable","20":"product-type-simple"},"_links":{"self":[{"href":"https:\/\/gpl-love.com\/es\/wp-json\/wp\/v2\/product\/170432","targetHints":{"allow":["GET"]}}],"collection":[{"href":"https:\/\/gpl-love.com\/es\/wp-json\/wp\/v2\/product"}],"about":[{"href":"https:\/\/gpl-love.com\/es\/wp-json\/wp\/v2\/types\/product"}],"replies":[{"embeddable":true,"href":"https:\/\/gpl-love.com\/es\/wp-json\/wp\/v2\/comments?post=170432"}],"wp:attachment":[{"href":"https:\/\/gpl-love.com\/es\/wp-json\/wp\/v2\/media?parent=170432"}],"wp:term":[{"taxonomy":"product_brand","embeddable":true,"href":"https:\/\/gpl-love.com\/es\/wp-json\/wp\/v2\/product_brand?post=170432"},{"taxonomy":"product_cat","embeddable":true,"href":"https:\/\/gpl-love.com\/es\/wp-json\/wp\/v2\/product_cat?post=170432"},{"taxonomy":"product_tag","embeddable":true,"href":"https:\/\/gpl-love.com\/es\/wp-json\/wp\/v2\/product_tag?post=170432"}],"curies":[{"name":"wp","href":"https:\/\/api.w.org\/{rel}","templated":true}]}}