{"id":170408,"date":"2025-10-13T00:00:00","date_gmt":"2025-10-13T05:00:00","guid":{"rendered":"https:\/\/gpl-love.com\/es\/producto\/morz-transport-cargo-logistics-truck-wordpress\/"},"modified":"2026-03-13T17:38:40","modified_gmt":"2026-03-13T22:38:40","slug":"morz-transport-cargo-logistics-truck-wordpress","status":"publish","type":"product","link":"https:\/\/gpl-love.com\/es\/producto\/morz-transport-cargo-logistics-truck-wordpress\/","title":{"rendered":"Nex Industrial WordPress Theme 37.0"},"content":{"rendered":"<h3>Nex Industrial WordPress Theme Caracteristicas<\/h3>\n<p>\u00bfBuscas crear una presencia online destacada para una f\u00e1brica o empresa de construcci\u00f3n? El tema Nex Industrial para WordPress es la soluci\u00f3n perfecta para dise\u00f1ar un sitio web industrial profesional. Reconocido como el mejor tema de WordPress para sitios industriales, Nex integra a la perfecci\u00f3n potentes funciones adaptadas a las necesidades del sector. Compra el tema Nex Industrial online y disfruta de f\u00e1cil acceso a una variedad de opciones de personalizaci\u00f3n.<\/p>\n<p>Ya sea que est\u00e9s lanzando un sitio web para empresas industriales o una plataforma de comercio electr\u00f3nico, el tema Nex ofrece un soporte s\u00f3lido para ambos. Descarga el tema Nex Industrial para WordPress y disfruta de una experiencia intuitiva con un dise\u00f1o optimizado para SEO que mejora tu posicionamiento en buscadores. Con el tema Nex, la personalizaci\u00f3n para diferentes industrias es muy sencilla, permitiendo una apariencia personalizada que refleja la identidad \u00fanica de tu empresa.<\/p>\n<p>Explora el sitio de demostraci\u00f3n del tema Nex Industrial para ver su potencial en acci\u00f3n. La gu\u00eda de instalaci\u00f3n del tema ofrece un proceso de configuraci\u00f3n sencillo, lo que garantiza un inicio sin problemas. Los usuarios se benefician del soporte y las actualizaciones continuas del tema Nex, que mantienen el rendimiento y la seguridad del sitio. Consulta una rese\u00f1a del tema Nex para uso industrial para conocer la opini\u00f3n de clientes satisfechos.<\/p>\n<ul>\n<li>Dise\u00f1o totalmente personalizable, adaptado a empresas industriales.<\/li>\n<li>Dise\u00f1o responsivo para una visualizaci\u00f3n fluida en cualquier dispositivo.<\/li>\n<li>Creador de p\u00e1ginas f\u00e1cil de usar con funci\u00f3n de arrastrar y soltar para una creaci\u00f3n de sitios web sin esfuerzo.<\/li>\n<li>Contenido de demostraci\u00f3n predise\u00f1ado para impulsar la configuraci\u00f3n del sitio web.<\/li>\n<li>Estructura optimizada para SEO para mejorar la visibilidad en l\u00ednea.<\/li>\n<li>Compatibilidad completa con los plugins m\u00e1s populares de WordPress.<\/li>\n<li>Formularios de contacto integrados para una mejor interacci\u00f3n con el cliente.<\/li>\n<li>Tiempos de carga r\u00e1pidos para una mejor experiencia de usuario.<\/li>\n<li>M\u00faltiples estilos de encabezado y pie de p\u00e1gina para una apariencia personalizada.<\/li>\n<li>Actualizaciones peri\u00f3dicas que garantizan la seguridad y la compatibilidad.<\/li>\n<\/ul>\n","protected":false},"excerpt":{"rendered":"<p>Transforme el dise\u00f1o de su sitio web industrial con el tema Nex Industrial para WordPress, la mejor opci\u00f3n para f\u00e1bricas y empresas de construcci\u00f3n. Compre el tema Nex Industrial en l\u00ednea para acceder a potentes opciones de personalizaci\u00f3n adaptadas a cada industria. Descargue el tema Nex Industrial para WordPress y cree un sitio web profesional y optimizado para SEO para su negocio industrial. Con su intuitiva gu\u00eda de instalaci\u00f3n, Nex se configura f\u00e1cilmente y se actualiza constantemente. Explore la demo de Nex para descubrir sus caracter\u00edsticas, perfectas para el comercio electr\u00f3nico industrial. La rese\u00f1a de Nex destaca su excelente soporte y versatilidad, lo que lo hace ideal para uso industrial. Mejore su sitio web industrial con Nex, una soluci\u00f3n de WordPress de primer nivel.<\/p>\n","protected":false},"featured_media":0,"comment_status":"open","ping_status":"open","template":"","meta":[],"product_brand":[2337],"product_cat":[1307,1237,1238],"product_tag":[1391],"class_list":{"0":"post-170408","1":"product","2":"type-product","3":"status-publish","5":"product_brand-themeforest","6":"product_cat-negocio-wordpress-temas","7":"product_cat-temas","8":"product_cat-wordpress-temas","9":"product_tag-themeforest","10":"member-discount","11":"discount-restricted","13":"first","14":"instock","15":"sale","16":"downloadable","17":"virtual","18":"sold-individually","19":"purchasable","20":"product-type-simple"},"_links":{"self":[{"href":"https:\/\/gpl-love.com\/es\/wp-json\/wp\/v2\/product\/170408","targetHints":{"allow":["GET"]}}],"collection":[{"href":"https:\/\/gpl-love.com\/es\/wp-json\/wp\/v2\/product"}],"about":[{"href":"https:\/\/gpl-love.com\/es\/wp-json\/wp\/v2\/types\/product"}],"replies":[{"embeddable":true,"href":"https:\/\/gpl-love.com\/es\/wp-json\/wp\/v2\/comments?post=170408"}],"wp:attachment":[{"href":"https:\/\/gpl-love.com\/es\/wp-json\/wp\/v2\/media?parent=170408"}],"wp:term":[{"taxonomy":"product_brand","embeddable":true,"href":"https:\/\/gpl-love.com\/es\/wp-json\/wp\/v2\/product_brand?post=170408"},{"taxonomy":"product_cat","embeddable":true,"href":"https:\/\/gpl-love.com\/es\/wp-json\/wp\/v2\/product_cat?post=170408"},{"taxonomy":"product_tag","embeddable":true,"href":"https:\/\/gpl-love.com\/es\/wp-json\/wp\/v2\/product_tag?post=170408"}],"curies":[{"name":"wp","href":"https:\/\/api.w.org\/{rel}","templated":true}]}}