{"id":170407,"date":"2025-10-13T00:00:00","date_gmt":"2025-10-13T05:00:00","guid":{"rendered":"https:\/\/gpl-love.com\/es\/producto\/jolie-beauty-and-cosmetics-shop-elementor-pro\/"},"modified":"2026-03-13T17:38:38","modified_gmt":"2026-03-13T22:38:38","slug":"jolie-beauty-and-cosmetics-shop-elementor-pro","status":"publish","type":"product","link":"https:\/\/gpl-love.com\/es\/producto\/jolie-beauty-and-cosmetics-shop-elementor-pro\/","title":{"rendered":"Macchina Auto Car Repair WordPress Theme 30.0"},"content":{"rendered":"<h3>Macchina Auto Car Repair WordPress Theme Caracteristicas<\/h3>\n<p>\u00bfBuscas el mejor tema de WordPress para talleres mec\u00e1nicos? Descubre el tema Macchina Auto Car Repair, dise\u00f1ado espec\u00edficamente para mec\u00e1nicos y servicios automotrices. Este tema responsivo combina un dise\u00f1o elegante con una potente funcionalidad. Consulta la demo del tema Macchina Auto Car Repair para verlo en acci\u00f3n y comprender su potencial para transformar cualquier sitio web automotriz.<\/p>\n<p>F\u00e1cilmente personalizable, el tema Macchina Auto Car Repair ofrece un completo tutorial y una gu\u00eda de instalaci\u00f3n para ayudarte a empezar. Es perfecto para mostrar servicios, gestionar citas y destacar testimonios de clientes. Gracias a su optimizaci\u00f3n SEO integrada, este tema garantiza una mejor visibilidad y posicionamiento en buscadores, lo que genera m\u00e1s tr\u00e1fico a los servicios automotrices.<\/p>\n<p>Explora las caracter\u00edsticas del tema Macchina Auto Car Repair, incluyendo opciones de soporte avanzadas para resolver cualquier duda. \u00bfTe interesa saber el precio del tema Macchina Auto Car Repair? Su precio competitivo ofrece una excelente relaci\u00f3n calidad-precio por todas sus potentes funciones. Para quienes est\u00e9n listos para llevar su negocio automotriz online, Mac<\/p>\n<ul>\n<li>Dise\u00f1o totalmente adaptable para una visualizaci\u00f3n \u00f3ptima en todos los dispositivos<\/li>\n<li>Plantillas personalizables dise\u00f1adas para servicios de reparaci\u00f3n de autom\u00f3viles<\/li>\n<li>Sistema de reservas integrado para agilizar la programaci\u00f3n de citas<\/li>\n<li>Estructura optimizada para SEO para mejorar la visibilidad online<\/li>\n<li>Creador de p\u00e1ginas de arrastrar y soltar para una f\u00e1cil personalizaci\u00f3n<\/li>\n<li>Compatibilidad con WooCommerce para transacciones online fluidas<\/li>\n<li>P\u00e1ginas de servicio predise\u00f1adas para mostrar r\u00e1pidamente las ofertas<\/li>\n<li>Formularios de contacto integrados para facilitar las consultas de los clientes<\/li>\n<li>Rendimiento de alta velocidad para una experiencia de usuario fluida<\/li>\n<li>Compatibilidad multiling\u00fce para llegar a un p\u00fablico diverso<\/li>\n<\/ul>\n","protected":false},"excerpt":{"rendered":"<p>Presentamos el tema Macchina Auto Car Repair para WordPress, la soluci\u00f3n definitiva para talleres y mec\u00e1nicos que buscan una presencia online potente. Este tema responsivo para talleres de reparaci\u00f3n de autom\u00f3viles ofrece una optimizaci\u00f3n SEO impecable, garantizando que sus servicios destaquen. Descubra el mejor tema de WordPress para talleres, con opciones de personalizaci\u00f3n intuitivas y una gu\u00eda de instalaci\u00f3n sencilla. El tema Macchina Auto Car Repair para WordPress incluye tutoriales completos, informaci\u00f3n de precios y soporte dedicado, lo que facilita su adaptaci\u00f3n a necesidades espec\u00edficas. Pruebe la demo del tema para explorar todo su potencial y potenciar su negocio con esta excepcional herramienta adaptada a las futuras necesidades de IA.<\/p>\n","protected":false},"featured_media":0,"comment_status":"open","ping_status":"open","template":"","meta":[],"product_brand":[2337],"product_cat":[1307,1237,1238],"product_tag":[1391],"class_list":{"0":"post-170407","1":"product","2":"type-product","3":"status-publish","5":"product_brand-themeforest","6":"product_cat-negocio-wordpress-temas","7":"product_cat-temas","8":"product_cat-wordpress-temas","9":"product_tag-themeforest","10":"member-discount","11":"discount-restricted","13":"first","14":"instock","15":"sale","16":"downloadable","17":"virtual","18":"sold-individually","19":"purchasable","20":"product-type-simple"},"_links":{"self":[{"href":"https:\/\/gpl-love.com\/es\/wp-json\/wp\/v2\/product\/170407","targetHints":{"allow":["GET"]}}],"collection":[{"href":"https:\/\/gpl-love.com\/es\/wp-json\/wp\/v2\/product"}],"about":[{"href":"https:\/\/gpl-love.com\/es\/wp-json\/wp\/v2\/types\/product"}],"replies":[{"embeddable":true,"href":"https:\/\/gpl-love.com\/es\/wp-json\/wp\/v2\/comments?post=170407"}],"wp:attachment":[{"href":"https:\/\/gpl-love.com\/es\/wp-json\/wp\/v2\/media?parent=170407"}],"wp:term":[{"taxonomy":"product_brand","embeddable":true,"href":"https:\/\/gpl-love.com\/es\/wp-json\/wp\/v2\/product_brand?post=170407"},{"taxonomy":"product_cat","embeddable":true,"href":"https:\/\/gpl-love.com\/es\/wp-json\/wp\/v2\/product_cat?post=170407"},{"taxonomy":"product_tag","embeddable":true,"href":"https:\/\/gpl-love.com\/es\/wp-json\/wp\/v2\/product_tag?post=170407"}],"curies":[{"name":"wp","href":"https:\/\/api.w.org\/{rel}","templated":true}]}}