{"id":170406,"date":"2025-12-15T00:00:00","date_gmt":"2025-12-15T05:00:00","guid":{"rendered":"https:\/\/gpl-love.com\/es\/producto\/nex-industrial-wordpress-theme\/"},"modified":"2026-03-13T17:38:35","modified_gmt":"2026-03-13T22:38:35","slug":"nex-industrial-wordpress-theme","status":"publish","type":"product","link":"https:\/\/gpl-love.com\/es\/producto\/nex-industrial-wordpress-theme\/","title":{"rendered":"Bijoux Jewellery Shop eCommerce WooCommerce 36.0"},"content":{"rendered":"<h3>Bijoux Jewellery Shop eCommerce WooCommerce Caracteristicas<\/h3>\n<p>Descubra un mundo de elegancia y sofisticaci\u00f3n en la tienda online de Bijoux Jewellery. Con un amplio cat\u00e1logo de productos, es f\u00e1cil encontrar las mejores joyas en Bijoux. Ya sea que busque impresionantes novedades o cl\u00e1sicos atemporales, las colecciones de Bijoux Jewellery Shop ofrecen algo para todos los gustos.<\/p>\n<p>Comprar es facil\u00edsimo en la plataforma de comercio electr\u00f3nico de Bijoux Jewellery Shop, impulsada por WooCommerce, lo que garantiza una experiencia de pago fluida y segura. Explore una variedad de m\u00e9todos de pago y aproveche las ofertas especiales, incluyendo un c\u00f3digo de descuento de Bijoux Jewellery Shop, para que su compra sea a\u00fan m\u00e1s placentera. Disfrute de la ventaja adicional de un env\u00edo gratuito de Bijoux Jewellery Shop en art\u00edculos seleccionados.<\/p>\n<p>La satisfacci\u00f3n del cliente es nuestra m\u00e1xima prioridad, como lo reflejan las excelentes rese\u00f1as de los clientes y el excelente servicio al cliente. La pol\u00edtica de devoluciones de Bijoux Jewellery Shop le garantiza tranquilidad, mientras que las diversas opciones de env\u00edo se adaptan a las necesidades individuales. \u00bfBusca el regalo perfecto? Las ideas de regalo de Bijoux Jewellery Shop sin duda le inspirar\u00e1n.<\/p>\n<p>Localice f\u00e1cilmente la tienda m\u00e1s cercana con el localizador de tiendas Bijoux Jewellery Shop<\/p>\n<ul>\n<li>Integraci\u00f3n perfecta con WooCommerce para una gesti\u00f3n sencilla de tu tienda online<\/li>\n<li>Dise\u00f1o totalmente adaptable para una visualizaci\u00f3n \u00f3ptima en todos los dispositivos<\/li>\n<li>P\u00e1ginas de producto personalizables para mostrar piezas de joyer\u00eda \u00fanicas<\/li>\n<li>Pasarelas de pago seguras para garantizar transacciones seguras<\/li>\n<li>Opciones avanzadas de b\u00fasqueda y filtrado para descubrir productos r\u00e1pidamente<\/li>\n<li>Herramientas SEO integradas para mejorar la visibilidad online y atraer a m\u00e1s clientes<\/li>\n<li>Interfaz intuitiva para una navegaci\u00f3n y una experiencia de compra sin esfuerzo<\/li>\n<li>An\u00e1lisis detallados para monitorizar el rendimiento de las ventas y el comportamiento del cliente<\/li>\n<li>Soporte multiling\u00fce para llegar a un p\u00fablico global<\/li>\n<li>Actualizaciones y soporte t\u00e9cnico regulares para una fiabilidad y seguridad continuas<\/li>\n<\/ul>\n","protected":false},"excerpt":{"rendered":"<p>Descubre un mundo de elegancia y sofisticaci\u00f3n en la tienda online de Bijoux Jewellery. Realza tu estilo con las mejores colecciones de joyer\u00eda disponibles en la plataforma WooCommerce de Bijoux Jewellery. Compra joyas de Bijoux f\u00e1cilmente y aprovecha c\u00f3digos de descuento exclusivos para ahorrar al m\u00e1ximo. Explora el cat\u00e1logo de productos de Bijoux Jewellery, con novedades y ofertas especiales adaptadas a tu gusto. Disfruta de la comodidad de un pago seguro y de diversos m\u00e9todos de pago, con opciones de env\u00edo gratuito para una experiencia sin complicaciones. Consulta las opiniones de los clientes, los detalles de env\u00edo y las pol\u00edticas de devoluci\u00f3n, y descubre las ideas de regalo perfectas para cualquier ocasi\u00f3n.<\/p>\n","protected":false},"featured_media":0,"comment_status":"open","ping_status":"open","template":"","meta":[],"product_brand":[2337],"product_cat":[1263,1264,1237],"product_tag":[1391],"class_list":{"0":"post-170406","1":"product","2":"type-product","3":"status-publish","5":"product_brand-themeforest","6":"product_cat-comercio-electronico-temas","7":"product_cat-negocio","8":"product_cat-temas","9":"product_tag-themeforest","10":"member-discount","11":"discount-restricted","13":"first","14":"instock","15":"sale","16":"downloadable","17":"virtual","18":"sold-individually","19":"purchasable","20":"product-type-simple"},"_links":{"self":[{"href":"https:\/\/gpl-love.com\/es\/wp-json\/wp\/v2\/product\/170406","targetHints":{"allow":["GET"]}}],"collection":[{"href":"https:\/\/gpl-love.com\/es\/wp-json\/wp\/v2\/product"}],"about":[{"href":"https:\/\/gpl-love.com\/es\/wp-json\/wp\/v2\/types\/product"}],"replies":[{"embeddable":true,"href":"https:\/\/gpl-love.com\/es\/wp-json\/wp\/v2\/comments?post=170406"}],"wp:attachment":[{"href":"https:\/\/gpl-love.com\/es\/wp-json\/wp\/v2\/media?parent=170406"}],"wp:term":[{"taxonomy":"product_brand","embeddable":true,"href":"https:\/\/gpl-love.com\/es\/wp-json\/wp\/v2\/product_brand?post=170406"},{"taxonomy":"product_cat","embeddable":true,"href":"https:\/\/gpl-love.com\/es\/wp-json\/wp\/v2\/product_cat?post=170406"},{"taxonomy":"product_tag","embeddable":true,"href":"https:\/\/gpl-love.com\/es\/wp-json\/wp\/v2\/product_tag?post=170406"}],"curies":[{"name":"wp","href":"https:\/\/api.w.org\/{rel}","templated":true}]}}