{"id":170404,"date":"2025-12-15T00:00:00","date_gmt":"2025-12-15T05:00:00","guid":{"rendered":"https:\/\/gpl-love.com\/es\/producto\/bijoux-jewellery-shop-ecommerce-woocommerce\/"},"modified":"2026-03-13T17:38:30","modified_gmt":"2026-03-13T22:38:30","slug":"bijoux-jewellery-shop-ecommerce-woocommerce","status":"publish","type":"product","link":"https:\/\/gpl-love.com\/es\/producto\/bijoux-jewellery-shop-ecommerce-woocommerce\/","title":{"rendered":"Lagar Winery Wine WooCommerce eCommerce Shop 35.0"},"content":{"rendered":"<h3>Lagar Winery Wine WooCommerce eCommerce Shop Caracteristicas<\/h3>\n<p>Descubra el exquisito mundo de Bodegas Lagar a trav\u00e9s de una excepcional experiencia de compra en l\u00ednea. La plataforma de comercio electr\u00f3nico de vinos de Bodegas Lagar est\u00e1 dise\u00f1ada para llevar los mejores vinos directamente a su puerta. Ya sea que busque comprar vino de Bodegas Lagar en l\u00ednea o el mejor vino de Bodegas Lagar, esta tienda de vinos en l\u00ednea ofrece una experiencia fluida para explorar y comprar.<\/p>\n<p>Navegue por el sitio web WooCommerce de Bodegas Lagar y encuentre una impresionante selecci\u00f3n adaptada a todos los gustos. La experiencia de compra en l\u00ednea de vinos de Bodegas Lagar es intuitiva y completa, lo que garantiza un f\u00e1cil acceso a una colecci\u00f3n cuidadosamente seleccionada. Disfrute de la comodidad del servicio de entrega de vinos de Bodegas Lagar, que facilita pedir vino de Bodegas Lagar en l\u00ednea y disfrutarlo en la comodidad de su hogar.<\/p>\n<p>Si se pregunta d\u00f3nde comprar vino de Bodegas Lagar, este sitio web dedicado a la compra de vinos de Bodegas Lagar es la respuesta. Emb\u00e1rquese en un viaje de sabores y aromas con solo unos clics a trav\u00e9s de la tienda en l\u00ednea de vinos de Bodegas Lagar. Compre vino de Bodegas Lagar en l\u00ednea hoy mismo y eleve cualquier ocasi\u00f3n con&#8230;<\/p>\n<ul>\n<li>Integraci\u00f3n perfecta con WooCommerce para facilitar la venta de vinos en l\u00ednea.<\/li>\n<li>Interfaz intuitiva para una navegaci\u00f3n y experiencia de compra sin esfuerzo.<\/li>\n<li>P\u00e1ginas de producto personalizables para destacar selecciones de vinos \u00fanicas.<\/li>\n<li>Opciones de pasarela de pago segura para garantizar la protecci\u00f3n de datos del cliente.<\/li>\n<li>Dise\u00f1o adaptable a dispositivos m\u00f3viles para una visualizaci\u00f3n \u00f3ptima en cualquier dispositivo.<\/li>\n<li>Herramientas SEO integradas para mejorar la visibilidad en buscadores.<\/li>\n<li>Funciones de gesti\u00f3n de inventario para el seguimiento autom\u00e1tico de los niveles de existencias.<\/li>\n<li>An\u00e1lisis e informes detallados para supervisar el rendimiento de las ventas.<\/li>\n<li>Compatibilidad con varios idiomas y divisas para atender a un p\u00fablico global.<\/li>\n<li>Sistema de rese\u00f1as y valoraciones de clientes para generar confianza y fidelizaci\u00f3n.<\/li>\n<\/ul>\n","protected":false},"excerpt":{"rendered":"<p>Descubra el exquisito mundo de Bodegas Lagar a trav\u00e9s de su experiencia de compra de vinos en l\u00ednea sin complicaciones. Su tienda online de vinos ofrece una selecci\u00f3n inigualable, perfecta para quienes buscan comprar sus vinos en l\u00ednea. Con su intuitiva plataforma WooCommerce, comprar sus vinos en l\u00ednea nunca ha sido tan f\u00e1cil. Disfrute de la comodidad del servicio de entrega a domicilio de Bodegas Lagar, que le garantiza que sus botellas favoritas llegar\u00e1n directamente a su puerta. Ya sea que busque el mejor vino de Bodegas Lagar o desee comprarlo en l\u00ednea, esta completa plataforma de compra de vinos de Bodegas Lagar satisface todas sus necesidades. Explore hoy mismo y mejore su experiencia vin\u00edcola.<\/p>\n","protected":false},"featured_media":0,"comment_status":"open","ping_status":"open","template":"","meta":[],"product_brand":[2337],"product_cat":[1263,1264,1237],"product_tag":[1391],"class_list":{"0":"post-170404","1":"product","2":"type-product","3":"status-publish","5":"product_brand-themeforest","6":"product_cat-comercio-electronico-temas","7":"product_cat-negocio","8":"product_cat-temas","9":"product_tag-themeforest","10":"member-discount","11":"discount-restricted","13":"first","14":"instock","15":"sale","16":"downloadable","17":"virtual","18":"sold-individually","19":"purchasable","20":"product-type-simple"},"_links":{"self":[{"href":"https:\/\/gpl-love.com\/es\/wp-json\/wp\/v2\/product\/170404","targetHints":{"allow":["GET"]}}],"collection":[{"href":"https:\/\/gpl-love.com\/es\/wp-json\/wp\/v2\/product"}],"about":[{"href":"https:\/\/gpl-love.com\/es\/wp-json\/wp\/v2\/types\/product"}],"replies":[{"embeddable":true,"href":"https:\/\/gpl-love.com\/es\/wp-json\/wp\/v2\/comments?post=170404"}],"wp:attachment":[{"href":"https:\/\/gpl-love.com\/es\/wp-json\/wp\/v2\/media?parent=170404"}],"wp:term":[{"taxonomy":"product_brand","embeddable":true,"href":"https:\/\/gpl-love.com\/es\/wp-json\/wp\/v2\/product_brand?post=170404"},{"taxonomy":"product_cat","embeddable":true,"href":"https:\/\/gpl-love.com\/es\/wp-json\/wp\/v2\/product_cat?post=170404"},{"taxonomy":"product_tag","embeddable":true,"href":"https:\/\/gpl-love.com\/es\/wp-json\/wp\/v2\/product_tag?post=170404"}],"curies":[{"name":"wp","href":"https:\/\/api.w.org\/{rel}","templated":true}]}}