{"id":170403,"date":"2026-03-18T00:00:00","date_gmt":"2026-03-18T05:00:00","guid":{"rendered":"https:\/\/gpl-love.com\/es\/producto\/ativo-yoga-sport-fitness-pilates-club-wordpress\/"},"modified":"2026-03-18T23:17:12","modified_gmt":"2026-03-19T04:17:12","slug":"ativo-yoga-sport-fitness-pilates-club-wordpress","status":"publish","type":"product","link":"https:\/\/gpl-love.com\/es\/producto\/ativo-yoga-sport-fitness-pilates-club-wordpress\/","title":{"rendered":"Tripgo Tour Booking WordPress Theme 1.6.0"},"content":{"rendered":"<h3>Tripgo Tour Booking WordPress Theme Caracteristicas<\/h3>\n<p>Descubra la soluci\u00f3n definitiva para agencias de viajes y operadores tur\u00edsticos con el tema Tripgo Tour Booking de WordPress. Este tema de WordPress para operadores tur\u00edsticos est\u00e1 dise\u00f1ado espec\u00edficamente para satisfacer las necesidades de las empresas de viajes, lo que lo convierte en el mejor tema de WordPress para reservar tours. Con su dise\u00f1o optimizado para SEO, la plantilla para sitios web de viajes de Tripgo garantiza que su sitio web tenga un buen posicionamiento en los motores de b\u00fasqueda, atrayendo m\u00e1s visitantes a sus ofertas.<\/p>\n<p>Este tema de WordPress para reservas de tours, adaptable a dispositivos m\u00f3viles, se adapta perfectamente a cualquier dispositivo, ofreciendo una experiencia de usuario impecable. F\u00e1cil de personalizar, permite una personalizaci\u00f3n sencilla, asegurando que su marca destaque. Con un sistema de reservas de WordPress para tours, incluye un sistema de reservas integrado y un calendario de reservas, agilizando el proceso de reserva para sus clientes.<\/p>\n<p>El tema Tripgo para reservas de viajes en l\u00ednea tambi\u00e9n es compatible con plugins de reserva de viajes, ofreciendo flexibilidad y una funcionalidad ampliada. Si busca inspiraci\u00f3n para el dise\u00f1o de sitios web de reservas de tours, este tema de WordPress para reservas de paquetes tur\u00edsticos ofrece estilo y contenido. Aproveche el tema Tripgo para empresas de viajes y<\/p>\n<ul>\n<li>Interfaz intuitiva para reservar tours sin complicaciones<\/li>\n<li>Dise\u00f1o totalmente personalizable que se adapta a la est\u00e9tica de la marca<\/li>\n<li>Pasarelas de pago integradas para transacciones seguras<\/li>\n<li>Optimizado para SEO para mayor visibilidad en los resultados de b\u00fasqueda<\/li>\n<li>Dise\u00f1o responsivo compatible con m\u00f3viles y tabletas<\/li>\n<li>Sistema de gesti\u00f3n de reservas integrado para una programaci\u00f3n sencilla<\/li>\n<li>Soporte multiling\u00fce para una audiencia global<\/li>\n<li>Opciones avanzadas de b\u00fasqueda y filtrado para mayor comodidad del usuario<\/li>\n<li>Documentaci\u00f3n completa y soporte para una f\u00e1cil configuraci\u00f3n<\/li>\n<li>Actualizaciones peri\u00f3dicas para mejorar las funciones y la seguridad<\/li>\n<\/ul>\n","protected":false},"excerpt":{"rendered":"<p>Descubra la soluci\u00f3n definitiva para agencias de viajes y operadores tur\u00edsticos con el tema de WordPress Tripgo Tour Booking. Este tema, optimizado para SEO y con capacidad de respuesta m\u00f3vil, est\u00e1 dise\u00f1ado por expertos para reservar tours, ofreciendo una experiencia f\u00e1cil de personalizar que optimiza la reserva de viajes en l\u00ednea. Como tema de WordPress para operadores tur\u00edsticos, presenta una interfaz elegante e intuitiva con un calendario y un sistema de reservas integrados, lo que garantiza una gesti\u00f3n fluida de paquetes tur\u00edsticos. La plantilla para sitios web de viajes Tripgo ofrece una inspiraci\u00f3n de dise\u00f1o excepcional, adaptada tanto a la funcionalidad como a la est\u00e9tica. Compatible con plugins de reserva de viajes, este tema de WordPress es perfecto para crear sitios web de reserva de tours atractivos, eficientes y visualmente impactantes.<\/p>\n","protected":false},"featured_media":0,"comment_status":"open","ping_status":"open","template":"","meta":[],"product_brand":[2337],"product_cat":[1548,1237,1238],"product_tag":[1391],"class_list":{"0":"post-170403","1":"product","2":"type-product","3":"status-publish","5":"product_brand-themeforest","6":"product_cat-resort-hotel","7":"product_cat-temas","8":"product_cat-wordpress-temas","9":"product_tag-themeforest","10":"member-discount","11":"discount-restricted","13":"first","14":"instock","15":"sale","16":"downloadable","17":"virtual","18":"sold-individually","19":"purchasable","20":"product-type-simple"},"_links":{"self":[{"href":"https:\/\/gpl-love.com\/es\/wp-json\/wp\/v2\/product\/170403","targetHints":{"allow":["GET"]}}],"collection":[{"href":"https:\/\/gpl-love.com\/es\/wp-json\/wp\/v2\/product"}],"about":[{"href":"https:\/\/gpl-love.com\/es\/wp-json\/wp\/v2\/types\/product"}],"replies":[{"embeddable":true,"href":"https:\/\/gpl-love.com\/es\/wp-json\/wp\/v2\/comments?post=170403"}],"wp:attachment":[{"href":"https:\/\/gpl-love.com\/es\/wp-json\/wp\/v2\/media?parent=170403"}],"wp:term":[{"taxonomy":"product_brand","embeddable":true,"href":"https:\/\/gpl-love.com\/es\/wp-json\/wp\/v2\/product_brand?post=170403"},{"taxonomy":"product_cat","embeddable":true,"href":"https:\/\/gpl-love.com\/es\/wp-json\/wp\/v2\/product_cat?post=170403"},{"taxonomy":"product_tag","embeddable":true,"href":"https:\/\/gpl-love.com\/es\/wp-json\/wp\/v2\/product_tag?post=170403"}],"curies":[{"name":"wp","href":"https:\/\/api.w.org\/{rel}","templated":true}]}}