{"id":170399,"date":"2025-10-30T00:00:00","date_gmt":"2025-10-30T05:00:00","guid":{"rendered":"https:\/\/gpl-love.com\/es\/producto\/beratung-consuting-and-finance-wordpress-theme\/"},"modified":"2026-03-13T17:38:18","modified_gmt":"2026-03-13T22:38:18","slug":"beratung-consuting-and-finance-wordpress-theme","status":"publish","type":"product","link":"https:\/\/gpl-love.com\/es\/producto\/beratung-consuting-and-finance-wordpress-theme\/","title":{"rendered":"Avvocato Lawyer y Law Firm Corporate Theme 26.0"},"content":{"rendered":"<h3>Avvocato Lawyer y Law Firm Corporate Theme Caracteristicas<\/h3>\n<p>Presentamos el tema corporativo Avvocato para abogados y bufetes de abogados, la soluci\u00f3n definitiva de WordPress para profesionales del derecho que buscan una presencia online sofisticada. Este tema corporativo de primera clase para bufetes de abogados ofrece una combinaci\u00f3n perfecta de estilo y funcionalidad, lo que lo convierte en la opci\u00f3n perfecta para el sitio web de un abogado.<\/p>\n<p>Avvocato es un tema para abogados totalmente personalizable, dise\u00f1ado teniendo en cuenta las necesidades espec\u00edficas del sector. Ya sea para crear un sitio web de consulta legal o un tema profesional para un bufete de abogados, Avvocato ofrece un dise\u00f1o responsivo que garantiza una visualizaci\u00f3n \u00f3ptima en todos los dispositivos. Su estructura optimizada para SEO ayuda a mejorar el posicionamiento en buscadores, asegurando que los clientes potenciales encuentren sus servicios f\u00e1cilmente.<\/p>\n<p>La plantilla para sitios web de servicios legales de Avvocato ofrece una navegaci\u00f3n intuitiva y una est\u00e9tica elegante y moderna, ideal para mostrar la experiencia de cualquier bufete de abogados. Con funciones integradas dise\u00f1adas para abogados, este tema simplifica el proceso de creaci\u00f3n de un sitio web completo para bufetes de abogados.<\/p>\n<p>Elija Avvocato para una plantilla para sitios web de bufetes de abogados que combina innovaci\u00f3n con tradici\u00f3n, ofreciendo un dise\u00f1o corporativo que destaca.<\/p>\n<ul>\n<li>Dise\u00f1o profesional adaptado a bufetes y profesionales del derecho<\/li>\n<li>Interfaz intuitiva con opciones de personalizaci\u00f3n sencillas<\/li>\n<li>Dise\u00f1o adaptable para una visualizaci\u00f3n fluida en todos los dispositivos<\/li>\n<li>P\u00e1ginas predise\u00f1adas para servicios, casos pr\u00e1cticos y perfiles de equipo<\/li>\n<li>Blog integrado para compartir informaci\u00f3n legal y actualizaciones<\/li>\n<li>Optimizado para SEO para mejorar la visibilidad online y atraer clientes<\/li>\n<li>Formularios de contacto integrados para facilitar las consultas de los clientes<\/li>\n<li>Compatible con plugins populares para una funcionalidad ampliada<\/li>\n<li>Actualizaciones y soporte t\u00e9cnico regulares para un rendimiento fiable<\/li>\n<li>Gr\u00e1ficos y tipograf\u00eda de alta calidad para una apariencia impecable<\/li>\n<\/ul>\n","protected":false},"excerpt":{"rendered":"<p>Presentamos Avvocato, el tema definitivo de WordPress para abogados, dise\u00f1ado espec\u00edficamente para bufetes que buscan una presencia online profesional e impactante. Este excelente tema corporativo combina un dise\u00f1o elegante con una potente funcionalidad, lo que convierte a Avvocato en la opci\u00f3n perfecta para el dise\u00f1o web de su bufete. Con su dise\u00f1o responsivo y funciones personalizables, Avvocato es una plantilla web excepcional para bufetes. Mejore su visibilidad online con este tema optimizado para SEO, dise\u00f1ado para abogados y profesionales del derecho. Avvocato ofrece una plantilla web completa para servicios legales, garantizando una experiencia fluida para sus visitantes. Pruebe el tema profesional Avvocato para bufetes y mejore su sitio web de consultor\u00eda legal hoy mismo.<\/p>\n","protected":false},"featured_media":0,"comment_status":"open","ping_status":"open","template":"","meta":[],"product_brand":[2337],"product_cat":[1307,1237,1238],"product_tag":[1391],"class_list":{"0":"post-170399","1":"product","2":"type-product","3":"status-publish","5":"product_brand-themeforest","6":"product_cat-negocio-wordpress-temas","7":"product_cat-temas","8":"product_cat-wordpress-temas","9":"product_tag-themeforest","10":"member-discount","11":"discount-restricted","13":"first","14":"instock","15":"sale","16":"downloadable","17":"virtual","18":"sold-individually","19":"purchasable","20":"product-type-simple"},"_links":{"self":[{"href":"https:\/\/gpl-love.com\/es\/wp-json\/wp\/v2\/product\/170399","targetHints":{"allow":["GET"]}}],"collection":[{"href":"https:\/\/gpl-love.com\/es\/wp-json\/wp\/v2\/product"}],"about":[{"href":"https:\/\/gpl-love.com\/es\/wp-json\/wp\/v2\/types\/product"}],"replies":[{"embeddable":true,"href":"https:\/\/gpl-love.com\/es\/wp-json\/wp\/v2\/comments?post=170399"}],"wp:attachment":[{"href":"https:\/\/gpl-love.com\/es\/wp-json\/wp\/v2\/media?parent=170399"}],"wp:term":[{"taxonomy":"product_brand","embeddable":true,"href":"https:\/\/gpl-love.com\/es\/wp-json\/wp\/v2\/product_brand?post=170399"},{"taxonomy":"product_cat","embeddable":true,"href":"https:\/\/gpl-love.com\/es\/wp-json\/wp\/v2\/product_cat?post=170399"},{"taxonomy":"product_tag","embeddable":true,"href":"https:\/\/gpl-love.com\/es\/wp-json\/wp\/v2\/product_tag?post=170399"}],"curies":[{"name":"wp","href":"https:\/\/api.w.org\/{rel}","templated":true}]}}