{"id":170398,"date":"2025-10-13T00:00:00","date_gmt":"2025-10-13T05:00:00","guid":{"rendered":"https:\/\/gpl-love.com\/es\/producto\/datalentor-advanced-datatable-for-elementor\/"},"modified":"2026-03-13T17:38:15","modified_gmt":"2026-03-13T22:38:15","slug":"datalentor-advanced-datatable-for-elementor","status":"publish","type":"product","link":"https:\/\/gpl-love.com\/es\/producto\/datalentor-advanced-datatable-for-elementor\/","title":{"rendered":"Minim Minimal WordPress Theme 3.0"},"content":{"rendered":"<h3>Minim Minimal WordPress Theme Caracteristicas<\/h3>\n<p>Descubre la elegancia del tema minimalista de WordPress Minim, una excelente opci\u00f3n para blogueros y profesionales creativos que buscan un dise\u00f1o limpio y optimizado. Como uno de los mejores temas minimalistas de WordPress de 2023, Minim ofrece una experiencia fluida tanto para sitios de portafolio como para plataformas de comercio electr\u00f3nico.<\/p>\n<p>\u00bfTe interesa saber qu\u00e9 hace que Minim destaque? Sus funciones personalizables permiten toques personalizados sin sacrificar la simplicidad. El tema no solo es visualmente atractivo, sino tambi\u00e9n optimizado para SEO, lo que garantiza que el contenido llegue al p\u00fablico adecuado sin esfuerzo.<\/p>\n<p>Para quienes est\u00e9n listos para mejorar su presencia en l\u00ednea, las opciones para comprar o descargar el tema minimalista de WordPress Minim son f\u00e1cilmente accesibles. La instalaci\u00f3n es sencilla, con gu\u00edas sobre c\u00f3mo instalarlo disponibles para ayudarte en cada paso.<\/p>\n<p>Ya sea para mostrar tu trabajo creativo o para crear una tienda en l\u00ednea, este tema minimalista de WordPress ofrece funcionalidad y estilo. Una rese\u00f1a del tema minimalista de WordPress Minim destaca su adaptabilidad e interfaz intuitiva, lo que lo convierte en una opci\u00f3n favorita entre los temas minimalistas para WordPress de 2023.<\/p>\n<p>Precios<\/p>\n<ul>\n<li>Dise\u00f1o elegante y moderno con una est\u00e9tica minimalista.<\/li>\n<li>Dise\u00f1o totalmente adaptable que garantiza compatibilidad en todos los dispositivos.<\/li>\n<li>Opciones de personalizaci\u00f3n f\u00e1ciles de usar para un sitio web personalizado.<\/li>\n<li>Estructura optimizada para SEO que mejora el posicionamiento en buscadores.<\/li>\n<li>C\u00f3digo ligero para tiempos de carga r\u00e1pidos y un rendimiento \u00f3ptimo.<\/li>\n<li>Compatibilidad integrada con plugins populares para ampliar la funcionalidad.<\/li>\n<li>Compatible con pantallas Retina de alta resoluci\u00f3n.<\/li>\n<li>Compatible con traducci\u00f3n y localizaci\u00f3n para un alcance global.<\/li>\n<li>C\u00f3digo limpio y organizado para desarrolladores.<\/li>\n<li>Actualizaciones peri\u00f3dicas y soporte para seguridad y compatibilidad.<\/li>\n<\/ul>\n","protected":false},"excerpt":{"rendered":"<p>Descubre la elegancia del tema minimalista Minim para WordPress, una excelente opci\u00f3n entre los mejores temas minimalistas de WordPress similares a Minim. Perfecto para blogueros, sitios de portafolio y profesionales creativos, este tema ofrece un dise\u00f1o elegante y ordenado que realza el contenido a la perfecci\u00f3n. Comprar y descargar el tema Minim para WordPress es sencillo, con gu\u00edas de instalaci\u00f3n f\u00e1ciles de usar. Personaliza el tema para que se adapte a tu estilo \u00fanico y explora sus funciones optimizadas para SEO, lo que lo hace ideal para empresas de comercio electr\u00f3nico. Adel\u00e1ntate en 2023 con los mejores temas minimalistas de WordPress. Explora los precios competitivos del tema Minim para WordPress y mejora tu presencia online sin esfuerzo.<\/p>\n","protected":false},"featured_media":0,"comment_status":"open","ping_status":"open","template":"","meta":[],"product_brand":[2337],"product_cat":[1239,1237,1238],"product_tag":[1391],"class_list":{"0":"post-170398","1":"product","2":"type-product","3":"status-publish","5":"product_brand-themeforest","6":"product_cat-de-multiples-fines","7":"product_cat-temas","8":"product_cat-wordpress-temas","9":"product_tag-themeforest","10":"member-discount","11":"discount-restricted","13":"first","14":"instock","15":"sale","16":"downloadable","17":"virtual","18":"sold-individually","19":"purchasable","20":"product-type-simple"},"_links":{"self":[{"href":"https:\/\/gpl-love.com\/es\/wp-json\/wp\/v2\/product\/170398","targetHints":{"allow":["GET"]}}],"collection":[{"href":"https:\/\/gpl-love.com\/es\/wp-json\/wp\/v2\/product"}],"about":[{"href":"https:\/\/gpl-love.com\/es\/wp-json\/wp\/v2\/types\/product"}],"replies":[{"embeddable":true,"href":"https:\/\/gpl-love.com\/es\/wp-json\/wp\/v2\/comments?post=170398"}],"wp:attachment":[{"href":"https:\/\/gpl-love.com\/es\/wp-json\/wp\/v2\/media?parent=170398"}],"wp:term":[{"taxonomy":"product_brand","embeddable":true,"href":"https:\/\/gpl-love.com\/es\/wp-json\/wp\/v2\/product_brand?post=170398"},{"taxonomy":"product_cat","embeddable":true,"href":"https:\/\/gpl-love.com\/es\/wp-json\/wp\/v2\/product_cat?post=170398"},{"taxonomy":"product_tag","embeddable":true,"href":"https:\/\/gpl-love.com\/es\/wp-json\/wp\/v2\/product_tag?post=170398"}],"curies":[{"name":"wp","href":"https:\/\/api.w.org\/{rel}","templated":true}]}}