{"id":170395,"date":"2025-12-15T00:00:00","date_gmt":"2025-12-15T05:00:00","guid":{"rendered":"https:\/\/gpl-love.com\/es\/producto\/avvocato-lawyer-y-law-firm-corporate-theme-25-0\/"},"modified":"2026-03-13T17:38:13","modified_gmt":"2026-03-13T22:38:13","slug":"avvocato-lawyer-y-law-firm-corporate-theme-25-0","status":"publish","type":"product","link":"https:\/\/gpl-love.com\/es\/producto\/avvocato-lawyer-y-law-firm-corporate-theme-25-0\/","title":{"rendered":"Augury Horoscope, Astrology WordPress Theme 3.5"},"content":{"rendered":"<h3>Augury Horoscope, Astrology WordPress Theme Caracteristicas<\/h3>\n<p>Descubre la magia del tema Hor\u00f3scopo de WordPress Augury, una opci\u00f3n de primer nivel tanto para astr\u00f3logos como para blogueros. Reconocido como uno de los mejores temas de astrolog\u00eda para WordPress de 2023, Augury ofrece una forma sencilla de dar vida a las predicciones astrol\u00f3gicas. Esta descarga premium de tema de hor\u00f3scopo para WordPress incluye todo lo necesario para crear un sitio web de astrolog\u00eda cautivador. Dise\u00f1ado para ser optimizado para SEO, garantiza que tu sitio llegue a un p\u00fablico m\u00e1s amplio sin esfuerzo. Disfruta de un tema de astrolog\u00eda responsivo para WordPress que luce espectacular tanto en computadoras de escritorio como en dispositivos m\u00f3viles.<\/p>\n<p>La personalizaci\u00f3n es la clave de Augury. Su dise\u00f1o flexible permite un toque personalizado, lo que lo convierte en el tema de astrolog\u00eda para WordPress ideal para empresas y proyectos personales. Las funciones de hor\u00f3scopo del tema son perfectas para crear un sitio web de astrolog\u00eda profesional o un blog de hor\u00f3scopo din\u00e1mico. Gracias a la integraci\u00f3n con WooCommerce, expandirse al comercio electr\u00f3nico es pan comido. La configuraci\u00f3n intuitiva de Augury facilita m\u00e1s que nunca el lanzamiento de un sitio web de astrolog\u00eda, independientemente de tus conocimientos t\u00e9cnicos. Mejore cualquier sitio web de astrolog\u00eda con el tema Augury, intuitivo y profesional.<\/p>\n<ul>\n<li>Dise\u00f1o intuitivo para sitios web de astrolog\u00eda y hor\u00f3scopos<\/li>\n<li>Dise\u00f1o totalmente adaptable para una visualizaci\u00f3n fluida en todos los dispositivos<\/li>\n<li>Esquemas de color y opciones de tipograf\u00eda personalizables<\/li>\n<li>Widgets de hor\u00f3scopo y astrolog\u00eda integrados<\/li>\n<li>Estructura optimizada para SEO para una mejor visibilidad en buscadores<\/li>\n<li>Creador de p\u00e1ginas f\u00e1cil de usar con funci\u00f3n de arrastrar y soltar<\/li>\n<li>Importaci\u00f3n de demo con un solo clic para una configuraci\u00f3n r\u00e1pida<\/li>\n<li>Compatibilidad con los plugins m\u00e1s populares de WordPress<\/li>\n<li>Actualizaciones peri\u00f3dicas y soporte dedicado<\/li>\n<li>Soporte multiling\u00fce para un alcance global<\/li>\n<\/ul>\n","protected":false},"excerpt":{"rendered":"<p>Descubre el tema de WordPress Augury Horoscope, una opci\u00f3n de primer nivel para astr\u00f3logos y blogueros que buscan los mejores temas de astrolog\u00eda para WordPress en 2023. Este tema premium de hor\u00f3scopo para WordPress ofrece un dise\u00f1o responsivo y optimizado para SEO, perfecto para usuarios m\u00f3viles. Su dise\u00f1o personalizable lo convierte en el tema ideal para sitios web de predicciones astrol\u00f3gicas, mientras que las funciones de hor\u00f3scopo integradas son ideales tanto para empresas profesionales como para blogs personales. El tema Augury para sitios de astrolog\u00eda es compatible con WooCommerce, lo que convierte cualquier tema de WordPress para blog de hor\u00f3scopo en una s\u00f3lida plataforma de comercio electr\u00f3nico. Configura f\u00e1cilmente un tema de WordPress de astrolog\u00eda intuitivo y f\u00e1cil de usar, dise\u00f1ado para sitios web atractivos y profesionales.<\/p>\n","protected":false},"featured_media":0,"comment_status":"open","ping_status":"open","template":"","meta":[],"product_brand":[2337],"product_cat":[1267,1237,1238],"product_tag":[1391],"class_list":{"0":"post-170395","1":"product","2":"type-product","3":"status-publish","5":"product_brand-themeforest","6":"product_cat-creativo","7":"product_cat-temas","8":"product_cat-wordpress-temas","9":"product_tag-themeforest","10":"member-discount","11":"discount-restricted","13":"first","14":"instock","15":"sale","16":"downloadable","17":"virtual","18":"sold-individually","19":"purchasable","20":"product-type-simple"},"_links":{"self":[{"href":"https:\/\/gpl-love.com\/es\/wp-json\/wp\/v2\/product\/170395","targetHints":{"allow":["GET"]}}],"collection":[{"href":"https:\/\/gpl-love.com\/es\/wp-json\/wp\/v2\/product"}],"about":[{"href":"https:\/\/gpl-love.com\/es\/wp-json\/wp\/v2\/types\/product"}],"replies":[{"embeddable":true,"href":"https:\/\/gpl-love.com\/es\/wp-json\/wp\/v2\/comments?post=170395"}],"wp:attachment":[{"href":"https:\/\/gpl-love.com\/es\/wp-json\/wp\/v2\/media?parent=170395"}],"wp:term":[{"taxonomy":"product_brand","embeddable":true,"href":"https:\/\/gpl-love.com\/es\/wp-json\/wp\/v2\/product_brand?post=170395"},{"taxonomy":"product_cat","embeddable":true,"href":"https:\/\/gpl-love.com\/es\/wp-json\/wp\/v2\/product_cat?post=170395"},{"taxonomy":"product_tag","embeddable":true,"href":"https:\/\/gpl-love.com\/es\/wp-json\/wp\/v2\/product_tag?post=170395"}],"curies":[{"name":"wp","href":"https:\/\/api.w.org\/{rel}","templated":true}]}}